{"id":3765,"date":"2023-04-11T03:57:10","date_gmt":"2023-04-11T03:57:10","guid":{"rendered":"http:\/\/site2.easyceotech.com\/?post_type=product&#038;p=3765"},"modified":"2024-03-12T07:09:58","modified_gmt":"2024-03-12T07:09:58","slug":"sunset-yellow-lake","status":"publish","type":"product","link":"https:\/\/wpachem.com\/tr\/urun\/sunset-yellow-lake\/","title":{"rendered":"G\u00fcn Bat\u0131m\u0131 Sar\u0131 G\u00f6l"},"content":{"rendered":"<p><strong>\u00d6zellikleri:<\/strong><\/p>\n<p>G\u00fcnbat\u0131m\u0131 sar\u0131s\u0131 Lake ince bir turuncu tozdur. Kokusuzdur. G\u00fcnbat\u0131m\u0131 sar\u0131s\u0131ndan daha iyi \u0131\u015f\u0131k ve \u0131s\u0131 direncine sahiptir. Suda ve organik \u00e7\u00f6z\u00fcc\u00fclerde \u00e7\u00f6z\u00fcnmez<\/p>\n<p>&nbsp;<\/p>\n<p><strong>Ba\u015fvuru:<\/strong><\/p>\n<p>Sunset Yellow Lake ya\u011fl\u0131 yiyeceklerin, toz yiyeceklerin (kek tozu, toz meyve suyu), pastalar\u0131n, pastillerin kaplanmas\u0131nda, tek ba\u015f\u0131na veya di\u011fer al\u00fcminyum g\u0131da boyalar\u0131yla birlikte kullan\u0131labilir. Ayr\u0131ca ka\u011f\u0131t ve plastik g\u0131da kaplar\u0131 ve pi\u015firme kaplar\u0131 i\u00e7in bask\u0131 m\u00fcrekkebi veya renklendirici olarak da kullan\u0131l\u0131r.<\/p>","protected":false},"excerpt":{"rendered":"<p><strong>\u00dcr\u00fcn Ad\u0131:<\/strong> G\u00fcn Bat\u0131m\u0131 Sar\u0131 G\u00f6l<\/p>\n<p><strong>Renk \u0130ndeksi:<\/strong> 15985:1<\/p>\n<p><strong>Renk \u0130ndeksi G\u0131da:<\/strong> Sar\u0131 3:1<\/p>\n<p><strong>Kasa No:\u00a0<\/strong> 15790-07-5<\/p>\n<p><strong>CNC Numaras\u0131:<\/strong> 08.006<\/p>","protected":false},"featured_media":3706,"template":"","meta":{"_acf_changed":false,"_gspb_post_css":""},"product_brand":[],"product_cat":[24],"product_tag":[],"class_list":{"0":"post-3765","1":"product","2":"type-product","3":"status-publish","4":"has-post-thumbnail","6":"product_cat-uncategorized","8":"first","9":"instock","10":"shipping-taxable","11":"product-type-simple"},"acf":[],"_links":{"self":[{"href":"https:\/\/wpachem.com\/tr\/wp-json\/wp\/v2\/product\/3765","targetHints":{"allow":["GET"]}}],"collection":[{"href":"https:\/\/wpachem.com\/tr\/wp-json\/wp\/v2\/product"}],"about":[{"href":"https:\/\/wpachem.com\/tr\/wp-json\/wp\/v2\/types\/product"}],"version-history":[{"count":0,"href":"https:\/\/wpachem.com\/tr\/wp-json\/wp\/v2\/product\/3765\/revisions"}],"wp:featuredmedia":[{"embeddable":true,"href":"https:\/\/wpachem.com\/tr\/wp-json\/wp\/v2\/media\/3706"}],"wp:attachment":[{"href":"https:\/\/wpachem.com\/tr\/wp-json\/wp\/v2\/media?parent=3765"}],"wp:term":[{"taxonomy":"product_brand","embeddable":true,"href":"https:\/\/wpachem.com\/tr\/wp-json\/wp\/v2\/product_brand?post=3765"},{"taxonomy":"product_cat","embeddable":true,"href":"https:\/\/wpachem.com\/tr\/wp-json\/wp\/v2\/product_cat?post=3765"},{"taxonomy":"product_tag","embeddable":true,"href":"https:\/\/wpachem.com\/tr\/wp-json\/wp\/v2\/product_tag?post=3765"}],"curies":[{"name":"wp","href":"https:\/\/api.w.org\/{rel}","templated":true}]}}