{"id":3769,"date":"2023-04-11T05:06:16","date_gmt":"2023-04-11T05:06:16","guid":{"rendered":"http:\/\/site2.easyceotech.com\/?post_type=product&#038;p=3769"},"modified":"2024-04-26T05:40:06","modified_gmt":"2024-04-26T05:40:06","slug":"ponceau-4r","status":"publish","type":"product","link":"https:\/\/wpachem.com\/tr\/urun\/ponceau-4r\/","title":{"rendered":"Ponza 4R"},"content":{"rendered":"<p><strong>\u00d6zellikleri:<\/strong><\/p>\n<p>Ponceau 4R (Asit K\u0131rm\u0131z\u0131s\u0131 18) k\u0131rm\u0131z\u0131 ila koyu k\u0131rm\u0131z\u0131 tozdur, su \u00e7\u00f6zeltisi k\u0131rm\u0131z\u0131d\u0131r, kokusuzdur. Suda \u00e7\u00f6z\u00fcn\u00fcr, gliserolde \u00e7\u00f6z\u00fcn\u00fcr, etanolde az \u00e7\u00f6z\u00fcn\u00fcr, ya\u011fda \u00e7\u00f6z\u00fcnmez. I\u015f\u0131k direnci, iyi asit direnci, sitrik asit ve tartrik aside kar\u015f\u0131 kararl\u0131, zay\u0131f bakteri direnci, \u0131s\u0131 direnci, red\u00fcksiyon direnci olduk\u00e7a zay\u0131ft\u0131r. Alkali \u00e7\u00f6zeltide kahverengidir. Asit k\u0131rm\u0131z\u0131s\u0131 18 (AR18), neokarmin olarak da bilinir,<\/p>\n<p><strong>Ba\u015fvuru:<\/strong><\/p>\n<p>Ponceau 4R, \u015fekerleme, kek, i\u00e7ecek gibi \u00fcr\u00fcnlere eklenen, g\u0131da boyas\u0131, ila\u00e7 ve kozmetik renklendiricisi olarak kullan\u0131lan yayg\u0131n bir sentetik pigmenttir.<\/p>","protected":false},"excerpt":{"rendered":"<p><strong>\u00dcr\u00fcn Ad\u0131:<\/strong> Ponza 4R<\/p>\n<p><strong>Renk \u0130ndeksi:<\/strong> 16255<\/p>\n<p><strong>Renk \u0130ndeksi G\u0131da:<\/strong> K\u0131rm\u0131z\u0131 7<\/p>\n<p><strong>Kasa No:\u00a0<\/strong> 2611-82-7<\/p>\n<p><strong>CNC Numaras\u0131:<\/strong> 08.002<\/p>","protected":false},"featured_media":3770,"template":"","meta":{"_acf_changed":false,"_gspb_post_css":""},"product_brand":[],"product_cat":[52,24],"product_tag":[],"class_list":{"0":"post-3769","1":"product","2":"type-product","3":"status-publish","4":"has-post-thumbnail","6":"product_cat-pigment","7":"product_cat-uncategorized","9":"first","10":"instock","11":"shipping-taxable","12":"product-type-simple"},"acf":[],"_links":{"self":[{"href":"https:\/\/wpachem.com\/tr\/wp-json\/wp\/v2\/product\/3769","targetHints":{"allow":["GET"]}}],"collection":[{"href":"https:\/\/wpachem.com\/tr\/wp-json\/wp\/v2\/product"}],"about":[{"href":"https:\/\/wpachem.com\/tr\/wp-json\/wp\/v2\/types\/product"}],"version-history":[{"count":0,"href":"https:\/\/wpachem.com\/tr\/wp-json\/wp\/v2\/product\/3769\/revisions"}],"wp:featuredmedia":[{"embeddable":true,"href":"https:\/\/wpachem.com\/tr\/wp-json\/wp\/v2\/media\/3770"}],"wp:attachment":[{"href":"https:\/\/wpachem.com\/tr\/wp-json\/wp\/v2\/media?parent=3769"}],"wp:term":[{"taxonomy":"product_brand","embeddable":true,"href":"https:\/\/wpachem.com\/tr\/wp-json\/wp\/v2\/product_brand?post=3769"},{"taxonomy":"product_cat","embeddable":true,"href":"https:\/\/wpachem.com\/tr\/wp-json\/wp\/v2\/product_cat?post=3769"},{"taxonomy":"product_tag","embeddable":true,"href":"https:\/\/wpachem.com\/tr\/wp-json\/wp\/v2\/product_tag?post=3769"}],"curies":[{"name":"wp","href":"https:\/\/api.w.org\/{rel}","templated":true}]}}