{"id":3777,"date":"2023-04-11T05:13:17","date_gmt":"2023-04-11T05:13:17","guid":{"rendered":"http:\/\/site2.easyceotech.com\/?post_type=product&#038;p=3777"},"modified":"2024-04-26T05:40:05","modified_gmt":"2024-04-26T05:40:05","slug":"ponceau-4r-lake","status":"publish","type":"product","link":"https:\/\/wpachem.com\/tr\/urun\/ponceau-4r-lake\/","title":{"rendered":"Ponceau 4R G\u00f6l\u00fc"},"content":{"rendered":"<p><strong>\u00d6zellikleri:<\/strong><\/p>\n<p>Ponceau 4R Lake, bir t\u00fcr yapay pigment olarak, parlak renk, iyi stabilite, g\u00fc\u00e7l\u00fc renklendirme g\u00fcc\u00fc, renk kar\u0131\u015ft\u0131rmaya uygun, kolay \u00e7\u00f6z\u00fcnme, d\u00fczg\u00fcn kalite, kokusuz ve tats\u0131z olma avantajlar\u0131na sahiptir.<\/p>\n<p><strong>Ba\u015fvuru:<\/strong><\/p>\n<p>Ponceau 4R Lake, \u015fekerleme, kek, i\u00e7ecek gibi \u00fcr\u00fcnlere eklenen, g\u0131da boyas\u0131, ila\u00e7 ve kozmetik renklendiricisi olarak kullan\u0131lan yayg\u0131n bir sentetik pigmenttir.<\/p>","protected":false},"excerpt":{"rendered":"<p><strong>\u00dcr\u00fcn Ad\u0131:<\/strong> Ponceau 4R G\u00f6l\u00fc<\/p>\n<p><strong>Renk \u0130ndeksi:<\/strong> 16255:1<\/p>\n<p><strong>Renk \u0130ndeksi G\u0131da:<\/strong> K\u0131rm\u0131z\u0131 7:1<\/p>\n<p><strong>Kasa No:\u00a0<\/strong> 15876-47-8<\/p>\n<p><strong>CNC Numaras\u0131:<\/strong> 08.002<\/p>","protected":false},"featured_media":3770,"template":"","meta":{"_acf_changed":false,"_gspb_post_css":""},"product_brand":[],"product_cat":[52,24],"product_tag":[],"class_list":{"0":"post-3777","1":"product","2":"type-product","3":"status-publish","4":"has-post-thumbnail","6":"product_cat-pigment","7":"product_cat-uncategorized","9":"first","10":"instock","11":"shipping-taxable","12":"product-type-simple"},"acf":[],"_links":{"self":[{"href":"https:\/\/wpachem.com\/tr\/wp-json\/wp\/v2\/product\/3777","targetHints":{"allow":["GET"]}}],"collection":[{"href":"https:\/\/wpachem.com\/tr\/wp-json\/wp\/v2\/product"}],"about":[{"href":"https:\/\/wpachem.com\/tr\/wp-json\/wp\/v2\/types\/product"}],"version-history":[{"count":0,"href":"https:\/\/wpachem.com\/tr\/wp-json\/wp\/v2\/product\/3777\/revisions"}],"wp:featuredmedia":[{"embeddable":true,"href":"https:\/\/wpachem.com\/tr\/wp-json\/wp\/v2\/media\/3770"}],"wp:attachment":[{"href":"https:\/\/wpachem.com\/tr\/wp-json\/wp\/v2\/media?parent=3777"}],"wp:term":[{"taxonomy":"product_brand","embeddable":true,"href":"https:\/\/wpachem.com\/tr\/wp-json\/wp\/v2\/product_brand?post=3777"},{"taxonomy":"product_cat","embeddable":true,"href":"https:\/\/wpachem.com\/tr\/wp-json\/wp\/v2\/product_cat?post=3777"},{"taxonomy":"product_tag","embeddable":true,"href":"https:\/\/wpachem.com\/tr\/wp-json\/wp\/v2\/product_tag?post=3777"}],"curies":[{"name":"wp","href":"https:\/\/api.w.org\/{rel}","templated":true}]}}