{"id":3778,"date":"2023-04-11T05:16:23","date_gmt":"2023-04-11T05:16:23","guid":{"rendered":"http:\/\/site2.easyceotech.com\/?post_type=product&#038;p=3778"},"modified":"2024-04-26T05:40:04","modified_gmt":"2024-04-26T05:40:04","slug":"amaranth","status":"publish","type":"product","link":"https:\/\/wpachem.com\/tr\/urun\/amaranth\/","title":{"rendered":"Amarant"},"content":{"rendered":"<p><strong>\u00d6zellikleri:<\/strong><\/p>\n<p>Amarant (Asit K\u0131rm\u0131z\u0131 27), k\u0131rm\u0131z\u0131ms\u0131 kahverengiden koyu k\u0131rm\u0131z\u0131ms\u0131 kahverengiye toz veya gran\u00fcllere kadar amaranttan elde edilen do\u011fal bir pigmenttir. 1-naftol \u2013 4-s\u00fclfonik asit ve 2-naftol -3, 6-dis\u00fclfonattan olu\u015fan ve Chemicalbook \u00fcretmek i\u00e7in diazodize edilen suda \u00e7\u00f6z\u00fcnen k\u0131rm\u0131z\u0131 bir azo boyad\u0131r. Parlak rengi ve y\u00fcksek g\u00fcvenli\u011fi. Pigment \u00e7o\u011fu g\u0131da katk\u0131 maddesine kar\u015f\u0131 dayan\u0131kl\u0131d\u0131r, bu nedenle i\u00e7ecekleri, \u015fekerlemeleri, pastalar\u0131, \u015farab\u0131 vb. renklendirmek i\u00e7in kullan\u0131labilir, b\u00f6ylece renk g\u00fczel ve hareketli, tatl\u0131 ve ek\u015fi bir tada sahiptir.<\/p>\n<p><strong>Ba\u015fvuru:<\/strong><\/p>\n<p>Amarant, g\u0131da, ila\u00e7 ve kozmetik \u00fcr\u00fcnlerinin renklendirilmesinde kullan\u0131l\u0131r.<\/p>\n<p>&nbsp;<\/p>","protected":false},"excerpt":{"rendered":"<p><strong>\u00dcr\u00fcn Ad\u0131:<\/strong> Amarant<\/p>\n<p><strong>Renk \u0130ndeksi:<\/strong> 16185<\/p>\n<p><strong>Renk \u0130ndeksi G\u0131da:<\/strong> K\u0131rm\u0131z\u0131 9<\/p>\n<p><strong>Kasa No:\u00a0<\/strong> 915-67-3<\/p>\n<p><strong>CNC Numaras\u0131:<\/strong> 08.001<\/p>","protected":false},"featured_media":3776,"template":"","meta":{"_acf_changed":false,"_gspb_post_css":""},"product_brand":[],"product_cat":[52,24],"product_tag":[],"class_list":{"0":"post-3778","1":"product","2":"type-product","3":"status-publish","4":"has-post-thumbnail","6":"product_cat-pigment","7":"product_cat-uncategorized","9":"first","10":"instock","11":"shipping-taxable","12":"product-type-simple"},"acf":[],"_links":{"self":[{"href":"https:\/\/wpachem.com\/tr\/wp-json\/wp\/v2\/product\/3778","targetHints":{"allow":["GET"]}}],"collection":[{"href":"https:\/\/wpachem.com\/tr\/wp-json\/wp\/v2\/product"}],"about":[{"href":"https:\/\/wpachem.com\/tr\/wp-json\/wp\/v2\/types\/product"}],"version-history":[{"count":0,"href":"https:\/\/wpachem.com\/tr\/wp-json\/wp\/v2\/product\/3778\/revisions"}],"wp:featuredmedia":[{"embeddable":true,"href":"https:\/\/wpachem.com\/tr\/wp-json\/wp\/v2\/media\/3776"}],"wp:attachment":[{"href":"https:\/\/wpachem.com\/tr\/wp-json\/wp\/v2\/media?parent=3778"}],"wp:term":[{"taxonomy":"product_brand","embeddable":true,"href":"https:\/\/wpachem.com\/tr\/wp-json\/wp\/v2\/product_brand?post=3778"},{"taxonomy":"product_cat","embeddable":true,"href":"https:\/\/wpachem.com\/tr\/wp-json\/wp\/v2\/product_cat?post=3778"},{"taxonomy":"product_tag","embeddable":true,"href":"https:\/\/wpachem.com\/tr\/wp-json\/wp\/v2\/product_tag?post=3778"}],"curies":[{"name":"wp","href":"https:\/\/api.w.org\/{rel}","templated":true}]}}