{"id":3779,"date":"2023-04-11T05:29:47","date_gmt":"2023-04-11T05:29:47","guid":{"rendered":"http:\/\/site2.easyceotech.com\/?post_type=product&#038;p=3779"},"modified":"2024-04-26T05:40:04","modified_gmt":"2024-04-26T05:40:04","slug":"amaranth-lake","status":"publish","type":"product","link":"https:\/\/wpachem.com\/tr\/urun\/amaranth-lake\/","title":{"rendered":"Amaranth G\u00f6l\u00fc"},"content":{"rendered":"<p><strong>\u00d6zellikleri:<\/strong><\/p>\n<p>Amaranth Lake (Acid Red 27) koyu k\u0131rm\u0131z\u0131ms\u0131 kahverengi toz veya gran\u00fcllere. Kokusuz. I\u015f\u0131k direnci, \u0131s\u0131 direnci (105\u2103), oksidasyon direnci, zay\u0131f indirgenebilirlik, fermente edilmi\u015f g\u0131dalar ve indirgeyici maddeler i\u00e7eren g\u0131dalar i\u00e7in uygun de\u011fildir. Sitrik asit ve tartrik aside kar\u015f\u0131 stabildir. Alkali \u00fczerinde koyu k\u0131rm\u0131z\u0131ya d\u00f6ner. Bak\u0131r durumunda, demirin solmas\u0131 kolayd\u0131r. Boyama g\u00fcc\u00fc zay\u0131ft\u0131r. Suda \u00e7\u00f6z\u00fcn\u00fcr (17,2 g\/100 ml, 21\u2103) ve gliserol. Sulu bir \u00e7\u00f6zelti mordur. Etanolde (0,5 g\/100 ml50% etanol) hafif\u00e7e \u00e7\u00f6z\u00fcn\u00fcr<\/p>\n<p><strong>Ba\u015fvuru:<\/strong><\/p>\n<p>Amarant, g\u0131da, ila\u00e7 ve kozmetik boyalar\u0131n\u0131n renklendirilmesinde kullan\u0131l\u0131r.<\/p>\n<p>&nbsp;<\/p>","protected":false},"excerpt":{"rendered":"<p><strong>\u00dcr\u00fcn Ad\u0131:<\/strong> Amaranth G\u00f6l\u00fc<\/p>\n<p><strong>Renk \u0130ndeksi:<\/strong> 16185:1<\/p>\n<p><strong>Renk \u0130ndeksi G\u0131da:<\/strong> K\u0131rm\u0131z\u0131 9:1<\/p>\n<p><strong>Kasa No:<\/strong> 12227-62-2<\/p>\n<p><strong>CNC Numaras\u0131:<\/strong> 08.001<\/p>","protected":false},"featured_media":3776,"template":"","meta":{"_acf_changed":false,"_gspb_post_css":""},"product_brand":[],"product_cat":[52,24],"product_tag":[],"class_list":{"0":"post-3779","1":"product","2":"type-product","3":"status-publish","4":"has-post-thumbnail","6":"product_cat-pigment","7":"product_cat-uncategorized","9":"first","10":"instock","11":"shipping-taxable","12":"product-type-simple"},"acf":[],"_links":{"self":[{"href":"https:\/\/wpachem.com\/tr\/wp-json\/wp\/v2\/product\/3779","targetHints":{"allow":["GET"]}}],"collection":[{"href":"https:\/\/wpachem.com\/tr\/wp-json\/wp\/v2\/product"}],"about":[{"href":"https:\/\/wpachem.com\/tr\/wp-json\/wp\/v2\/types\/product"}],"version-history":[{"count":0,"href":"https:\/\/wpachem.com\/tr\/wp-json\/wp\/v2\/product\/3779\/revisions"}],"wp:featuredmedia":[{"embeddable":true,"href":"https:\/\/wpachem.com\/tr\/wp-json\/wp\/v2\/media\/3776"}],"wp:attachment":[{"href":"https:\/\/wpachem.com\/tr\/wp-json\/wp\/v2\/media?parent=3779"}],"wp:term":[{"taxonomy":"product_brand","embeddable":true,"href":"https:\/\/wpachem.com\/tr\/wp-json\/wp\/v2\/product_brand?post=3779"},{"taxonomy":"product_cat","embeddable":true,"href":"https:\/\/wpachem.com\/tr\/wp-json\/wp\/v2\/product_cat?post=3779"},{"taxonomy":"product_tag","embeddable":true,"href":"https:\/\/wpachem.com\/tr\/wp-json\/wp\/v2\/product_tag?post=3779"}],"curies":[{"name":"wp","href":"https:\/\/api.w.org\/{rel}","templated":true}]}}