{"id":3781,"date":"2023-04-11T05:43:49","date_gmt":"2023-04-11T05:43:49","guid":{"rendered":"http:\/\/site2.easyceotech.com\/?post_type=product&#038;p=3781"},"modified":"2024-04-26T05:40:02","modified_gmt":"2024-04-26T05:40:02","slug":"allura-red-lake","status":"publish","type":"product","link":"https:\/\/wpachem.com\/tr\/urun\/allura-red-lake\/","title":{"rendered":"Allura K\u0131z\u0131l G\u00f6l"},"content":{"rendered":"<p><strong>\u00d6zellikleri:<\/strong><\/p>\n<p>Allura Red Lake (K\u0131rm\u0131z\u0131 17:1) ince turuncu-k\u0131rm\u0131z\u0131 tozdur. Su ve organik \u00e7\u00f6z\u00fcc\u00fclerde \u00e7\u00f6z\u00fcnmez, asidik ve alkali ortamlarda yava\u015f yava\u015f k\u0131rm\u0131z\u0131 cazibeyi \u00e7\u00f6zer<\/p>\n<p>&nbsp;<\/p>\n<p><strong>Ba\u015fvuru:<\/strong><\/p>\n<p>Allura Red Lake, g\u0131da, i\u00e7ecek, ila\u00e7, kozmetik, yem, t\u00fct\u00fcn, oyuncak, g\u0131da ambalaj malzemeleri vb. renklendirmek i\u00e7in yayg\u0131n olarak kullan\u0131l\u0131r. Suda \u00e7\u00f6z\u00fcn\u00fcr sentetik pigment, parlak koyu k\u0131rm\u0131z\u0131, \u015feker kaplama, dondurma, dondurma, \u015fekerleme, pasta, i\u00e7ecek renklendirmede kullan\u0131l\u0131r.<\/p>\n<p>&nbsp;<\/p>","protected":false},"excerpt":{"rendered":"<p><strong>\u00dcr\u00fcn Ad\u0131:<\/strong> Allura K\u0131z\u0131l G\u00f6l<\/p>\n<p><strong>Renk \u0130ndeksi:<\/strong> 16035:1<\/p>\n<p><strong>Renk \u0130ndeksi G\u0131da:<\/strong> K\u0131rm\u0131z\u0131 17:1<\/p>\n<p><strong>Kasa No:<\/strong>68583-95-9<\/p>\n<p><strong>CNC Numaras\u0131:<\/strong> 08.012<\/p>","protected":false},"featured_media":3773,"template":"","meta":{"_acf_changed":false,"_gspb_post_css":""},"product_brand":[],"product_cat":[52,24],"product_tag":[],"class_list":{"0":"post-3781","1":"product","2":"type-product","3":"status-publish","4":"has-post-thumbnail","6":"product_cat-pigment","7":"product_cat-uncategorized","9":"first","10":"instock","11":"shipping-taxable","12":"product-type-simple"},"acf":[],"_links":{"self":[{"href":"https:\/\/wpachem.com\/tr\/wp-json\/wp\/v2\/product\/3781","targetHints":{"allow":["GET"]}}],"collection":[{"href":"https:\/\/wpachem.com\/tr\/wp-json\/wp\/v2\/product"}],"about":[{"href":"https:\/\/wpachem.com\/tr\/wp-json\/wp\/v2\/types\/product"}],"version-history":[{"count":0,"href":"https:\/\/wpachem.com\/tr\/wp-json\/wp\/v2\/product\/3781\/revisions"}],"wp:featuredmedia":[{"embeddable":true,"href":"https:\/\/wpachem.com\/tr\/wp-json\/wp\/v2\/media\/3773"}],"wp:attachment":[{"href":"https:\/\/wpachem.com\/tr\/wp-json\/wp\/v2\/media?parent=3781"}],"wp:term":[{"taxonomy":"product_brand","embeddable":true,"href":"https:\/\/wpachem.com\/tr\/wp-json\/wp\/v2\/product_brand?post=3781"},{"taxonomy":"product_cat","embeddable":true,"href":"https:\/\/wpachem.com\/tr\/wp-json\/wp\/v2\/product_cat?post=3781"},{"taxonomy":"product_tag","embeddable":true,"href":"https:\/\/wpachem.com\/tr\/wp-json\/wp\/v2\/product_tag?post=3781"}],"curies":[{"name":"wp","href":"https:\/\/api.w.org\/{rel}","templated":true}]}}