{"id":3782,"date":"2023-04-11T05:47:11","date_gmt":"2023-04-11T05:47:11","guid":{"rendered":"http:\/\/site2.easyceotech.com\/?post_type=product&#038;p=3782"},"modified":"2024-04-26T05:40:02","modified_gmt":"2024-04-26T05:40:02","slug":"erythrosine","status":"publish","type":"product","link":"https:\/\/wpachem.com\/tr\/urun\/erythrosine\/","title":{"rendered":"Eritrosin"},"content":{"rendered":"<p><strong>\u00d6zellikleri:<\/strong><\/p>\n<p>Eritrosin (B), k\u0131rm\u0131z\u0131 veya k\u0131rm\u0131z\u0131ms\u0131 kahverengi bir par\u00e7ac\u0131k veya toz t\u00fcr\u00fcd\u00fcr, kokusuzdur, suda \u00e7\u00f6z\u00fcn\u00fcr, etanol, propilen glikol ve gliserolde \u00e7\u00f6z\u00fcn\u00fcr, ya\u011fda \u00e7\u00f6z\u00fcnmez. \u00d6zellikle protein boyama i\u00e7in iyi boyama \u00f6zelliklerine sahiptir. Ayn\u0131 t\u00fcrdeki di\u011fer sentetik k\u0131rm\u0131z\u0131 pigmentlerle kar\u015f\u0131la\u015ft\u0131r\u0131ld\u0131\u011f\u0131nda, \u0131s\u0131 direnci, alkali direnci, oksidasyon ve red\u00fcksiyon direnci ve renklendirme g\u00fcc\u00fc daha iyidir.<\/p>\n<p><strong>Ba\u015fvuru:<\/strong><\/p>\n<p>Eritrosin fermente g\u0131dalarda, f\u0131r\u0131nlanm\u0131\u015f g\u0131dalarda, dondurmada, bal\u0131k k\u00f6ftesinde, salamura \u00fcr\u00fcnlerde ve di\u011fer asidik olmayan g\u0131dalarda yayg\u0131n olarak kullan\u0131labilir.<\/p>\n<p>&nbsp;<\/p>","protected":false},"excerpt":{"rendered":"<p><strong>\u00dcr\u00fcn Ad\u0131:<\/strong> Eritrosin<\/p>\n<p><strong>Renk \u0130ndeksi: <\/strong>45430<\/p>\n<p><strong>Renk \u0130ndeksi G\u0131da:<\/strong> K\u0131rm\u0131z\u0131 14<\/p>\n<p><strong>Kasa No:<\/strong>16423-68-0<\/p>\n<p><strong>CNC Numaras\u0131:<\/strong> 08.003<\/p>","protected":false},"featured_media":3783,"template":"","meta":{"_acf_changed":false,"_gspb_post_css":""},"product_brand":[],"product_cat":[52,24],"product_tag":[],"class_list":{"0":"post-3782","1":"product","2":"type-product","3":"status-publish","4":"has-post-thumbnail","6":"product_cat-pigment","7":"product_cat-uncategorized","9":"first","10":"instock","11":"shipping-taxable","12":"product-type-simple"},"acf":[],"_links":{"self":[{"href":"https:\/\/wpachem.com\/tr\/wp-json\/wp\/v2\/product\/3782","targetHints":{"allow":["GET"]}}],"collection":[{"href":"https:\/\/wpachem.com\/tr\/wp-json\/wp\/v2\/product"}],"about":[{"href":"https:\/\/wpachem.com\/tr\/wp-json\/wp\/v2\/types\/product"}],"version-history":[{"count":0,"href":"https:\/\/wpachem.com\/tr\/wp-json\/wp\/v2\/product\/3782\/revisions"}],"wp:featuredmedia":[{"embeddable":true,"href":"https:\/\/wpachem.com\/tr\/wp-json\/wp\/v2\/media\/3783"}],"wp:attachment":[{"href":"https:\/\/wpachem.com\/tr\/wp-json\/wp\/v2\/media?parent=3782"}],"wp:term":[{"taxonomy":"product_brand","embeddable":true,"href":"https:\/\/wpachem.com\/tr\/wp-json\/wp\/v2\/product_brand?post=3782"},{"taxonomy":"product_cat","embeddable":true,"href":"https:\/\/wpachem.com\/tr\/wp-json\/wp\/v2\/product_cat?post=3782"},{"taxonomy":"product_tag","embeddable":true,"href":"https:\/\/wpachem.com\/tr\/wp-json\/wp\/v2\/product_tag?post=3782"}],"curies":[{"name":"wp","href":"https:\/\/api.w.org\/{rel}","templated":true}]}}