{"id":3784,"date":"2023-04-11T05:52:28","date_gmt":"2023-04-11T05:52:28","guid":{"rendered":"http:\/\/site2.easyceotech.com\/?post_type=product&#038;p=3784"},"modified":"2024-04-26T05:40:01","modified_gmt":"2024-04-26T05:40:01","slug":"brilliant-blue","status":"publish","type":"product","link":"https:\/\/wpachem.com\/tr\/urun\/brilliant-blue\/","title":{"rendered":"Parlak Mavi"},"content":{"rendered":"<p><strong>\u00d6zellikleri:<\/strong><\/p>\n<p>Parlak Mavi (Mavi 2) koyu mor ila bronz par\u00e7ac\u0131klar veya metalik parlakl\u0131\u011fa sahip tozdur. Kokusuzdur. G\u00fc\u00e7l\u00fc \u0131\u015f\u0131k ve \u0131s\u0131 direnci. Sitrik asit, tartrik asit ve bazlara kar\u015f\u0131 kararl\u0131d\u0131r. Suda \u00e7\u00f6z\u00fcn\u00fcr (18,7 g\/100 ml, 21 \u2103), 0,05% n\u00f6tr su \u00e7\u00f6zeltisi berrak mavidir. Zay\u0131f asitlerde camg\u00f6be\u011fi, g\u00fc\u00e7l\u00fc asitlerde sar\u0131 ve yaln\u0131zca kaynat\u0131ld\u0131\u011f\u0131nda ve alkali eklendi\u011finde mor olur. Etanolde \u00e7\u00f6z\u00fcn\u00fcr (1,5 g\/100 ml, 95% etanol \u00e7\u00f6zeltisi, 21 \u2103). Gliserol ve propilen glikolde \u00e7\u00f6z\u00fcl\u00fcr. Limon sar\u0131s\u0131 ile ye\u015fil pigment e\u015fle\u015febilir.<\/p>\n<p><strong>Ba\u015fvuru:<\/strong><\/p>\n<p>Brilliant Blue, pastalarda, so\u011fuk i\u00e7eceklerde, bat\u0131 \u015faraplar\u0131nda vb. kullan\u0131labilir. G\u00fc\u00e7l\u00fc rengi nedeniyle genellikle di\u011fer pigmentlerle birlikte kullan\u0131l\u0131r. Ayr\u0131ca ila\u00e7 ve kozmetiklerde renklendirici olarak da kullan\u0131labilir.<\/p>\n<p>&nbsp;<\/p>","protected":false},"excerpt":{"rendered":"<p><strong>\u00dcr\u00fcn Ad\u0131:<\/strong> Parlak Mavi<\/p>\n<p><strong>Renk \u0130ndeksi: <\/strong>42090<\/p>\n<p><strong>Renk \u0130ndeksi G\u0131da: <\/strong>Mavi 2<\/p>\n<p><strong>Kasa No: <\/strong>3844-45-9<\/p>\n<p><strong>CNC Numaras\u0131:<\/strong> 08.007<\/p>","protected":false},"featured_media":3785,"template":"","meta":{"_acf_changed":false,"_gspb_post_css":""},"product_brand":[],"product_cat":[52,24],"product_tag":[],"class_list":{"0":"post-3784","1":"product","2":"type-product","3":"status-publish","4":"has-post-thumbnail","6":"product_cat-pigment","7":"product_cat-uncategorized","9":"first","10":"instock","11":"shipping-taxable","12":"product-type-simple"},"acf":[],"_links":{"self":[{"href":"https:\/\/wpachem.com\/tr\/wp-json\/wp\/v2\/product\/3784","targetHints":{"allow":["GET"]}}],"collection":[{"href":"https:\/\/wpachem.com\/tr\/wp-json\/wp\/v2\/product"}],"about":[{"href":"https:\/\/wpachem.com\/tr\/wp-json\/wp\/v2\/types\/product"}],"version-history":[{"count":0,"href":"https:\/\/wpachem.com\/tr\/wp-json\/wp\/v2\/product\/3784\/revisions"}],"wp:featuredmedia":[{"embeddable":true,"href":"https:\/\/wpachem.com\/tr\/wp-json\/wp\/v2\/media\/3785"}],"wp:attachment":[{"href":"https:\/\/wpachem.com\/tr\/wp-json\/wp\/v2\/media?parent=3784"}],"wp:term":[{"taxonomy":"product_brand","embeddable":true,"href":"https:\/\/wpachem.com\/tr\/wp-json\/wp\/v2\/product_brand?post=3784"},{"taxonomy":"product_cat","embeddable":true,"href":"https:\/\/wpachem.com\/tr\/wp-json\/wp\/v2\/product_cat?post=3784"},{"taxonomy":"product_tag","embeddable":true,"href":"https:\/\/wpachem.com\/tr\/wp-json\/wp\/v2\/product_tag?post=3784"}],"curies":[{"name":"wp","href":"https:\/\/api.w.org\/{rel}","templated":true}]}}