{"id":3788,"date":"2023-04-11T05:59:15","date_gmt":"2023-04-11T05:59:15","guid":{"rendered":"http:\/\/site2.easyceotech.com\/?post_type=product&#038;p=3788"},"modified":"2024-04-26T05:40:00","modified_gmt":"2024-04-26T05:40:00","slug":"indigo-carmine","status":"publish","type":"product","link":"https:\/\/wpachem.com\/tr\/urun\/indigo-carmine\/","title":{"rendered":"\u00c7ivit Mavisi"},"content":{"rendered":"<p><strong>\u00d6zellikleri:<\/strong><\/p>\n<p>Indigo Carmine (Acid Blue 74), bak\u0131r metalik parlakl\u0131\u011fa sahip koyu mavi bir tozdur. Su \u00e7\u00f6zeltisi mavi veya mavimsi-mordur. 1 g, 100 ml suda (25\u2103) \u00e7\u00f6z\u00fcn\u00fcr, alkolde hafif\u00e7e \u00e7\u00f6z\u00fcn\u00fcr ve \u00e7o\u011fu organik \u00e7\u00f6z\u00fcc\u00fcde \u00e7\u00f6z\u00fcnmez. Oksidana duyarl\u0131d\u0131r, renk nitrik asidin etkisi alt\u0131nda de\u011fi\u015fecektir ve sulu \u00e7\u00f6zeltinin rengi uzun s\u00fcre solacakt\u0131r.<\/p>\n<p><strong>Ba\u015fvuru:<\/strong><\/p>\n<p>\u0130ndigo Karmin, g\u0131da, ila\u00e7 ve g\u00fcnl\u00fck kozmetiklerin renklendirilmesinde kullan\u0131l\u0131r. Yenilebilir indigo, sentetik yenilebilir bir pigmenttir.<\/p>\n<p>&nbsp;<\/p>","protected":false},"excerpt":{"rendered":"<p><strong>\u00dcr\u00fcn Ad\u0131:<\/strong> \u00c7ivit Mavisi<\/p>\n<p><strong>Renk \u0130ndeksi: <\/strong>28317<\/p>\n<p><strong>Renk \u0130ndeksi G\u0131da: <\/strong>Mavi 1<\/p>\n<p><strong>Kasa Numaras\u0131: 860-22-0<\/strong><\/p>\n<p><strong>CNC Numaras\u0131:<\/strong> 08.008<\/p>","protected":false},"featured_media":5554,"template":"","meta":{"_acf_changed":false,"_gspb_post_css":""},"product_brand":[],"product_cat":[52,24],"product_tag":[],"class_list":{"0":"post-3788","1":"product","2":"type-product","3":"status-publish","4":"has-post-thumbnail","6":"product_cat-pigment","7":"product_cat-uncategorized","9":"first","10":"instock","11":"shipping-taxable","12":"product-type-simple"},"acf":[],"_links":{"self":[{"href":"https:\/\/wpachem.com\/tr\/wp-json\/wp\/v2\/product\/3788","targetHints":{"allow":["GET"]}}],"collection":[{"href":"https:\/\/wpachem.com\/tr\/wp-json\/wp\/v2\/product"}],"about":[{"href":"https:\/\/wpachem.com\/tr\/wp-json\/wp\/v2\/types\/product"}],"version-history":[{"count":0,"href":"https:\/\/wpachem.com\/tr\/wp-json\/wp\/v2\/product\/3788\/revisions"}],"wp:featuredmedia":[{"embeddable":true,"href":"https:\/\/wpachem.com\/tr\/wp-json\/wp\/v2\/media\/5554"}],"wp:attachment":[{"href":"https:\/\/wpachem.com\/tr\/wp-json\/wp\/v2\/media?parent=3788"}],"wp:term":[{"taxonomy":"product_brand","embeddable":true,"href":"https:\/\/wpachem.com\/tr\/wp-json\/wp\/v2\/product_brand?post=3788"},{"taxonomy":"product_cat","embeddable":true,"href":"https:\/\/wpachem.com\/tr\/wp-json\/wp\/v2\/product_cat?post=3788"},{"taxonomy":"product_tag","embeddable":true,"href":"https:\/\/wpachem.com\/tr\/wp-json\/wp\/v2\/product_tag?post=3788"}],"curies":[{"name":"wp","href":"https:\/\/api.w.org\/{rel}","templated":true}]}}