{"id":3790,"date":"2023-04-11T09:14:03","date_gmt":"2023-04-11T09:14:03","guid":{"rendered":"http:\/\/site2.easyceotech.com\/?post_type=product&#038;p=3790"},"modified":"2024-04-26T05:40:00","modified_gmt":"2024-04-26T05:40:00","slug":"pearlescent-pigment","status":"publish","type":"product","link":"https:\/\/wpachem.com\/tr\/urun\/pearlescent-pigment\/","title":{"rendered":"\u0130nci Pigment"},"content":{"rendered":"<p><strong>\u00d6zellikleri:<\/strong><\/p>\n<p>Sedefli pigment, belirli bir metalik parlakl\u0131k g\u00f6sterebildi\u011fi i\u00e7in bir t\u00fcr optik efekt pigmentidir, bu nedenle metalik parlakl\u0131k metalik olmayan pigment olarak da adland\u0131r\u0131l\u0131r. Sedefli pigmentler, metalik pigmentlerin fla\u015f etkisine sahiptir ve do\u011fal incilerin yumu\u015fak rengini \u00fcretebilir. G\u00fcne\u015f \u0131\u015f\u0131\u011f\u0131na maruz kald\u0131\u011f\u0131nda, \u00e7ok seviyeli yans\u0131ma \u00fcretebilir ve yans\u0131yan \u0131\u015f\u0131k, yumu\u015fak, g\u00f6z kama\u015ft\u0131r\u0131c\u0131 veya renkli bir parlakl\u0131k ve renk sunmak i\u00e7in birbirleriyle etkile\u015fime girer. Sedefli pigment, y\u00fcz, dudak, g\u00f6z ve t\u0131rnak kozmetikleri i\u00e7in en \u00f6nemli renklendiricidir. M\u00fckemmel kimyasal korozyon direnci, y\u00fcksek s\u0131cakl\u0131k direnci, d\u00fc\u015f\u00fck a\u011f\u0131r metal i\u00e7eri\u011fi, ilgili g\u00fcvenlik teknik standartlar\u0131na uygundur, bu nedenle g\u0131da ambalajlar\u0131nda ve \u00e7ocuk oyuncaklar\u0131nda kullan\u0131labilir.<\/p>\n<p>&nbsp;<\/p>\n<p><strong>Ba\u015fvuru:<\/strong><\/p>\n<ul>\n<li>1. Tekstil:<br \/>\nSedefli pigmentlerin tekstillerle birle\u015ftirilmesi kuma\u015flara m\u00fckemmel sedefli parlakl\u0131k ve renk kazand\u0131rabilir.<\/li>\n<li>2: Boya:<br \/>\nOtomotiv son kat boyas\u0131, otomobil par\u00e7alar\u0131, yap\u0131 malzemeleri, ev aletleri vb. alanlarda kullan\u0131lan kaplamalar, belirli bir koruma sa\u011flamak i\u00e7in ayn\u0131 zamanda boyan\u0131n renk modifikasyonunu da yapacakt\u0131r.<\/li>\n<li>3. M\u00fcrekkep:<br \/>\nSigara po\u015fetleri, l\u00fcks \u015farap etiketleri, sahtecili\u011fe kar\u015f\u0131 bask\u0131 ve di\u011fer alanlar gibi \u00fcst d\u00fczey ambalaj bask\u0131s\u0131nda.<\/li>\n<li>4. Seramikler:<br \/>\nSedefli pigmentlerin seramiklere uygulanmas\u0131 onlara \u00f6zel optik \u00f6zellikler kazand\u0131rabilir.<\/li>\n<li>5. Plastik:<br \/>\nMika titanyum perlit pigmenti hemen hemen t\u00fcm termoplastik ve termoset plastikler i\u00e7in uygundur, plastik \u00fcr\u00fcnlerin solmas\u0131na veya k\u00fcllenmesine neden olmaz, parlak metalik parlakl\u0131k ve perlit efekti \u00fcretebilir.<\/li>\n<li>6. Makyaj yap\u0131n:<br \/>\nKozmetiklerin \u00e7e\u015fitlili\u011fi, performans\u0131 ve rengi, kullan\u0131lan pigmentlerin \u00e7e\u015fitlili\u011fine ba\u011fl\u0131d\u0131r. Sedefli pigmentler, g\u00fc\u00e7l\u00fc gizleme g\u00fcc\u00fc veya y\u00fcksek \u015feffafl\u0131k, iyi renk, geni\u015f spektrum ve di\u011fer \u00f6zellikleri nedeniyle kozmetik pigmentleri olarak yayg\u0131n olarak kullan\u0131l\u0131r.<\/li>\n<li>7. Di\u011ferleri<br \/>\nSedefli pigment di\u011fer \u00fcretimlerde ve g\u00fcnl\u00fck ya\u015famda da kullan\u0131l\u0131r. Taklit bronzla\u015ft\u0131r\u0131c\u0131 g\u00f6r\u00fcn\u00fcm\u00fc, yapay ta\u015f uygulamas\u0131 gibi<\/li>\n<\/ul>\n<p>&nbsp;<\/p>\n<p>\u00dcr\u00fcn hakk\u0131nda daha detayl\u0131 bilgi almak i\u00e7in l\u00fctfen bizimle ileti\u015fime ge\u00e7iniz.<\/p>","protected":false},"excerpt":{"rendered":"<p>\u00dcr\u00fcn Ad\u0131: Sedefli Pigment<\/p>\n<p>Uygulama: Boya, plastik, kau\u00e7uk, m\u00fcrekkep, kozmetik vb.<\/p>\n<p>&nbsp;<\/p>","protected":false},"featured_media":5558,"template":"","meta":{"_acf_changed":false,"_gspb_post_css":""},"product_brand":[],"product_cat":[52,24],"product_tag":[],"class_list":{"0":"post-3790","1":"product","2":"type-product","3":"status-publish","4":"has-post-thumbnail","6":"product_cat-pigment","7":"product_cat-uncategorized","9":"first","10":"instock","11":"shipping-taxable","12":"product-type-simple"},"acf":[],"_links":{"self":[{"href":"https:\/\/wpachem.com\/tr\/wp-json\/wp\/v2\/product\/3790","targetHints":{"allow":["GET"]}}],"collection":[{"href":"https:\/\/wpachem.com\/tr\/wp-json\/wp\/v2\/product"}],"about":[{"href":"https:\/\/wpachem.com\/tr\/wp-json\/wp\/v2\/types\/product"}],"version-history":[{"count":0,"href":"https:\/\/wpachem.com\/tr\/wp-json\/wp\/v2\/product\/3790\/revisions"}],"wp:featuredmedia":[{"embeddable":true,"href":"https:\/\/wpachem.com\/tr\/wp-json\/wp\/v2\/media\/5558"}],"wp:attachment":[{"href":"https:\/\/wpachem.com\/tr\/wp-json\/wp\/v2\/media?parent=3790"}],"wp:term":[{"taxonomy":"product_brand","embeddable":true,"href":"https:\/\/wpachem.com\/tr\/wp-json\/wp\/v2\/product_brand?post=3790"},{"taxonomy":"product_cat","embeddable":true,"href":"https:\/\/wpachem.com\/tr\/wp-json\/wp\/v2\/product_cat?post=3790"},{"taxonomy":"product_tag","embeddable":true,"href":"https:\/\/wpachem.com\/tr\/wp-json\/wp\/v2\/product_tag?post=3790"}],"curies":[{"name":"wp","href":"https:\/\/api.w.org\/{rel}","templated":true}]}}