{"id":5133,"date":"2023-09-20T08:00:20","date_gmt":"2023-09-20T08:00:20","guid":{"rendered":"https:\/\/wpachem.com\/?post_type=product&#038;p=5133"},"modified":"2024-04-26T05:39:59","modified_gmt":"2024-04-26T05:39:59","slug":"6-hydroxy-2-naphthoic-acid-cas-no-16712-64-4","status":"publish","type":"product","link":"https:\/\/wpachem.com\/tr\/urun\/6-hydroxy-2-naphthoic-acid-cas-no-16712-64-4\/","title":{"rendered":"6-Hidroksi-2-naftoik asit Cas No 16712-64-4"},"content":{"rendered":"<p>Kimyasal \u00f6zellikleri:<\/p>\n<p>6-hidroksi-2-naftoik asit, erime noktas\u0131 \u2265 245 \u2103 olan beyaz ila a\u00e7\u0131k sar\u0131 bir tozdur (premium). Etanol, eter, benzen, kloroform ve alkali \u00e7\u00f6zeltilerde \u00e7\u00f6z\u00fcn\u00fcr, s\u0131cak suda az \u00e7\u00f6z\u00fcn\u00fcr ve so\u011fuk suda neredeyse \u00e7\u00f6z\u00fcnmez.<\/p>\n<p>Kullan\u0131m: T\u0131pta, LCD&#039;de, boyada vb. kullan\u0131l\u0131r.<\/p>","protected":false},"excerpt":{"rendered":"<div class=\"attribute-item\">\n<div class=\"left\" data-spm-anchor-id=\"a2700.details.0.i46.753f17ffnQIHeh\">S\u0131n\u0131fland\u0131rma\uff1aKarboksilik Asit<\/div>\n<\/div>\n<div class=\"attribute-item\">\n<div class=\"left\">Men\u015fei Yeri\uff1a\u00c7in<\/div>\n<\/div>\n<div class=\"attribute-item\">\n<div class=\"left\">MF\uff1ac11h7o3<\/div>\n<\/div>\n<div class=\"attribute-item\">\n<div class=\"left\">Molek\u00fcler a\u011f\u0131rl\u0131k\uff1a187.172<\/div>\n<\/div>\n<div class=\"attribute-item\">\n<div class=\"left\">Uygulama: ila\u00e7, s\u0131v\u0131 kristal, boya vb.<\/div>\n<\/div>","protected":false},"featured_media":5134,"template":"","meta":{"_acf_changed":false,"_gspb_post_css":""},"product_brand":[],"product_cat":[52,24],"product_tag":[],"class_list":{"0":"post-5133","1":"product","2":"type-product","3":"status-publish","4":"has-post-thumbnail","6":"product_cat-pigment","7":"product_cat-uncategorized","9":"first","10":"instock","11":"shipping-taxable","12":"product-type-simple"},"acf":[],"_links":{"self":[{"href":"https:\/\/wpachem.com\/tr\/wp-json\/wp\/v2\/product\/5133","targetHints":{"allow":["GET"]}}],"collection":[{"href":"https:\/\/wpachem.com\/tr\/wp-json\/wp\/v2\/product"}],"about":[{"href":"https:\/\/wpachem.com\/tr\/wp-json\/wp\/v2\/types\/product"}],"version-history":[{"count":0,"href":"https:\/\/wpachem.com\/tr\/wp-json\/wp\/v2\/product\/5133\/revisions"}],"wp:featuredmedia":[{"embeddable":true,"href":"https:\/\/wpachem.com\/tr\/wp-json\/wp\/v2\/media\/5134"}],"wp:attachment":[{"href":"https:\/\/wpachem.com\/tr\/wp-json\/wp\/v2\/media?parent=5133"}],"wp:term":[{"taxonomy":"product_brand","embeddable":true,"href":"https:\/\/wpachem.com\/tr\/wp-json\/wp\/v2\/product_brand?post=5133"},{"taxonomy":"product_cat","embeddable":true,"href":"https:\/\/wpachem.com\/tr\/wp-json\/wp\/v2\/product_cat?post=5133"},{"taxonomy":"product_tag","embeddable":true,"href":"https:\/\/wpachem.com\/tr\/wp-json\/wp\/v2\/product_tag?post=5133"}],"curies":[{"name":"wp","href":"https:\/\/api.w.org\/{rel}","templated":true}]}}