{"id":5147,"date":"2023-11-23T07:32:12","date_gmt":"2023-11-23T07:32:12","guid":{"rendered":"https:\/\/wpachem.com\/?post_type=product&#038;p=5147"},"modified":"2023-11-23T07:32:13","modified_gmt":"2023-11-23T07:32:13","slug":"natural-sweetener-stevia-%ef%bc%88stevioside%ef%bc%89ra80-ra95-ra97-ra98-ra99-cas-57817-89-7","status":"publish","type":"product","link":"https:\/\/wpachem.com\/tr\/urun\/natural-sweetener-stevia-%ef%bc%88stevioside%ef%bc%89ra80-ra95-ra97-ra98-ra99-cas-57817-89-7\/","title":{"rendered":"Do\u011fal Tatland\u0131r\u0131c\u0131 Stevia (Steviosid)RA80% RA95% RA97% RA98% RA99% CAS 57817-89-7"},"content":{"rendered":"<p>Steviosid, stevia, stevia ve stevia \u00f6z\u00fct\u00fc olarak da bilinir, stevia rebaudianabertoni&#039;de bulunan g\u00fc\u00e7l\u00fc bir tatl\u0131 bile\u015fendir. Yapraklardan \u00e7\u0131kar\u0131l\u0131r ve rafine edilir. Steviol glikozitler, sakaroza g\u00f6re 200 ila 300 kat daha tatl\u0131 olan renksiz kristallerdir. Hafif bir mentol aromas\u0131 ve az miktarda b\u00fcz\u00fcc\u00fcl\u00fc\u011fe sahiptirler. G\u00fc\u00e7l\u00fc termal stabiliteye sahiptirler ve par\u00e7alanmalar\u0131 kolay de\u011fildir.<\/p>\n<p>\u00c7ok say\u0131da test, Chemicalbook Stevia&#039;n\u0131n toksik yan etkileri olmad\u0131\u011f\u0131n\u0131, kanserojen i\u00e7ermedi\u011fini, kullan\u0131m\u0131n\u0131n g\u00fcvenli oldu\u011funu, serinletici ve tatl\u0131 \u00f6zelliklere sahip oldu\u011funu ve \u015feker kam\u0131\u015f\u0131 ve pancar \u015fekerinden sonra \u00fc\u00e7\u00fcnc\u00fc en de\u011ferli ve sa\u011fl\u0131kl\u0131 do\u011fal sakaroz ikamesi oldu\u011funu kan\u0131tlam\u0131\u015ft\u0131r. &quot;D\u00fcnyan\u0131n \u00fc\u00e7\u00fcnc\u00fc \u015feker kayna\u011f\u0131&quot; olarak bilinir.<\/p>\n<p><strong>Ba\u015fvuru<\/strong><br \/>\nSteviol glikozitler \u015fekerlemelerde, pastalarda, i\u00e7eceklerde, kat\u0131 i\u00e7eceklerde, k\u0131zart\u0131lm\u0131\u015f at\u0131\u015ft\u0131rmal\u0131klarda, re\u00e7ellerde, konserve meyvelerde, baharatlarda, yumu\u015fak dondurmalarda ve farmas\u00f6tik yard\u0131mc\u0131 maddelerde vb. kullan\u0131labilir. Kullan\u0131m miktar\u0131 \u00fcretim ihtiya\u00e7lar\u0131na g\u00f6re uygun miktarda kullan\u0131lmal\u0131d\u0131r.<\/p>\n<p><strong>Paketleme ve Depolama<\/strong><br \/>\n25KG\/TORBA veya 25 KG\/KARTON<\/p>\n<p>&nbsp;<\/p>\n<p>&nbsp;<\/p>","protected":false},"excerpt":{"rendered":"<p>\u00dcr\u00fcn ad\u0131: Stevia (Stevioside)<\/p>\n<p>CAS\uff1a57817-89-7<\/p>\n<p>MF: C38H60O18<\/p>\n<p>G\u00f6r\u00fcn\u00fcm: Renksiz kristal veya beyaz kristal toz, kokusuz, g\u00fc\u00e7l\u00fc tatl\u0131l\u0131k, saf tatl\u0131l\u0131k, konsantrasyon y\u00fcksek oldu\u011funda hafif ac\u0131ms\u0131 ve tatl\u0131l\u0131\u011f\u0131 sakarozun yakla\u015f\u0131k 300 kat\u0131d\u0131r.<\/p>","protected":false},"featured_media":5171,"template":"","meta":{"_acf_changed":false,"_gspb_post_css":""},"product_brand":[],"product_cat":[55,56],"product_tag":[],"class_list":{"0":"post-5147","1":"product","2":"type-product","3":"status-publish","4":"has-post-thumbnail","6":"product_cat-food-additives","7":"product_cat-sweetener","9":"first","10":"instock","11":"shipping-taxable","12":"product-type-simple"},"acf":[],"_links":{"self":[{"href":"https:\/\/wpachem.com\/tr\/wp-json\/wp\/v2\/product\/5147","targetHints":{"allow":["GET"]}}],"collection":[{"href":"https:\/\/wpachem.com\/tr\/wp-json\/wp\/v2\/product"}],"about":[{"href":"https:\/\/wpachem.com\/tr\/wp-json\/wp\/v2\/types\/product"}],"version-history":[{"count":0,"href":"https:\/\/wpachem.com\/tr\/wp-json\/wp\/v2\/product\/5147\/revisions"}],"wp:featuredmedia":[{"embeddable":true,"href":"https:\/\/wpachem.com\/tr\/wp-json\/wp\/v2\/media\/5171"}],"wp:attachment":[{"href":"https:\/\/wpachem.com\/tr\/wp-json\/wp\/v2\/media?parent=5147"}],"wp:term":[{"taxonomy":"product_brand","embeddable":true,"href":"https:\/\/wpachem.com\/tr\/wp-json\/wp\/v2\/product_brand?post=5147"},{"taxonomy":"product_cat","embeddable":true,"href":"https:\/\/wpachem.com\/tr\/wp-json\/wp\/v2\/product_cat?post=5147"},{"taxonomy":"product_tag","embeddable":true,"href":"https:\/\/wpachem.com\/tr\/wp-json\/wp\/v2\/product_tag?post=5147"}],"curies":[{"name":"wp","href":"https:\/\/api.w.org\/{rel}","templated":true}]}}