{"id":5160,"date":"2023-11-21T10:28:24","date_gmt":"2023-11-21T10:28:24","guid":{"rendered":"https:\/\/wpachem.com\/?post_type=product&#038;p=5160"},"modified":"2023-11-22T09:45:59","modified_gmt":"2023-11-22T09:45:59","slug":"ocimene-37-dimethylocta-136-triene-cas13877-91-3","status":"publish","type":"product","link":"https:\/\/wpachem.com\/tr\/urun\/ocimene-37-dimethylocta-136-triene-cas13877-91-3\/","title":{"rendered":"Okimen (3,7-dimetilokta-1,3,6-trien) CAS13877-91-3"},"content":{"rendered":"<p><strong>\u00d6zellik<\/strong><\/p>\n<table>\n<tbody>\n<tr>\n<td width=\"116\"><strong><b>Fiziksel durum<\/b><\/strong><\/td>\n<td width=\"275\">S\u0131v\u0131.<\/td>\n<\/tr>\n<tr>\n<td width=\"116\"><strong><b>Renk<\/b><\/strong><\/td>\n<td width=\"275\">Renksiz.<\/td>\n<\/tr>\n<tr>\n<td width=\"116\"><strong><b>Koku<\/b><\/strong><\/td>\n<td width=\"275\">veri yok<\/td>\n<\/tr>\n<tr>\n<td width=\"116\"><strong><b>Erime noktas\u0131\/donma noktas\u0131<\/b><\/strong><\/td>\n<td width=\"275\">&lt; -20 \u00b0C. Atm. bas\u0131nc\u0131: 101 320 \u2013 101 325 Pa.<\/td>\n<\/tr>\n<tr>\n<td width=\"116\"><strong><b>Kaynama noktas\u0131 veya ilk kaynama noktas\u0131 ve kaynama aral\u0131\u011f\u0131<\/b><\/strong><\/td>\n<td width=\"275\">184,1 \u00b0C. Atm. bas\u0131nc\u0131: 101 325 Pa.<\/td>\n<\/tr>\n<tr>\n<td width=\"116\"><strong><b>Yan\u0131c\u0131l\u0131k<\/b><\/strong><\/td>\n<td width=\"275\">veri yok<\/td>\n<\/tr>\n<tr>\n<td width=\"116\"><strong><b>Alt ve \u00fcst patlama s\u0131n\u0131r\u0131\/yan\u0131c\u0131l\u0131k s\u0131n\u0131r\u0131<\/b><\/strong><\/td>\n<td width=\"275\">veri yok<\/td>\n<\/tr>\n<tr>\n<td width=\"116\"><strong><b>alevlenme noktas\u0131<\/b><\/strong><\/td>\n<td width=\"275\">56 \u00b0C. Atm. bas\u0131nc\u0131:101 300 Pa.<\/td>\n<\/tr>\n<tr>\n<td width=\"116\"><strong><b>Kendili\u011finden tutu\u015fma s\u0131cakl\u0131\u011f\u0131<\/b><\/strong><\/td>\n<td width=\"275\">280 \u00b0C. Atm. bas\u0131nc\u0131:103 kPa.<\/td>\n<\/tr>\n<tr>\n<td width=\"116\"><strong><b>Ayr\u0131\u015fma s\u0131cakl\u0131\u011f\u0131<\/b><\/strong><\/td>\n<td width=\"275\">veri yok<\/td>\n<\/tr>\n<tr>\n<td width=\"116\"><strong><b>pH<\/b><\/strong><\/td>\n<td width=\"275\">veri yok<\/td>\n<\/tr>\n<tr>\n<td width=\"116\"><strong><b>Kinematik viskozite<\/b><\/strong><\/td>\n<td width=\"275\">c Poise = 0.64. S\u0131cakl\u0131k: 25.0\u00b0C.<\/td>\n<\/tr>\n<tr>\n<td width=\"116\"><strong><b>\u00c7\u00f6z\u00fcn\u00fcrl\u00fck<\/b><\/strong><\/td>\n<td width=\"275\">Suda: 14,5 mg\/L. S\u0131cakl\u0131k: 24 \u00b0C. A\u00e7\u0131klamalar: Molek\u00fcler yap\u0131s\u0131nda asidik ve bazik yap\u0131sal \u00f6zelliklerin bulunmamas\u0131 nedeniyle pH&#039;\u0131n kritik oldu\u011fu d\u00fc\u015f\u00fcn\u00fclmemektedir. Bu nedenle \u00e7\u00f6zeltinin pH&#039;\u0131n\u0131n yakla\u015f\u0131k 7 olmas\u0131 beklenmektedir.<\/td>\n<\/tr>\n<tr>\n<td width=\"116\"><strong><b>B\u00f6l\u00fc\u015f\u00fcm katsay\u0131s\u0131 n-oktanol\/su<\/b><\/strong><\/td>\n<td width=\"275\">log Pow = 5.4. S\u0131cakl\u0131k: 25 \u00b0C. A\u00e7\u0131klamalar: Asidik ve bazik gruplar\u0131n bulunmamas\u0131 nedeniyle PH&#039;a gerek yoktur.<\/td>\n<\/tr>\n<tr>\n<td width=\"116\"><strong><b>Buhar bas\u0131nc\u0131<\/b><\/strong><\/td>\n<td width=\"275\">220.7 Pa. S\u0131cakl\u0131k:24 \u00b0C.<\/td>\n<\/tr>\n<tr>\n<td width=\"116\"><strong><b>Yo\u011funluk ve\/veya ba\u011f\u0131l yo\u011funluk<\/b><\/strong><\/td>\n<td width=\"275\">0,798 (D4(20)&#039;ye kar\u015f\u0131l\u0131k gelir). S\u0131cakl\u0131k:20 \u00b0C.<\/td>\n<\/tr>\n<\/tbody>\n<\/table>\n<p><strong>Paketleme ve depolama<\/strong><\/p>\n<p>\u0130yi havaland\u0131r\u0131lan bir yerde saklay\u0131n\u0131z. Serin tutunuz.<\/p>","protected":false},"excerpt":{"rendered":"<p>\u00dcr\u00fcn ad\u0131: Ocimene<\/p>\n<p>Kasa numaras\u0131: 13877-91-3<\/p>\n<p>MF: C10H16<\/p>\n<p>G\u00f6r\u00fcn\u00fcm: Renksiz s\u0131v\u0131<\/p>","protected":false},"featured_media":4674,"template":"","meta":{"_acf_changed":false,"_gspb_post_css":""},"product_brand":[],"product_cat":[61],"product_tag":[],"class_list":{"0":"post-5160","1":"product","2":"type-product","3":"status-publish","4":"has-post-thumbnail","6":"product_cat-flavor-and-fragrance","8":"first","9":"instock","10":"shipping-taxable","11":"product-type-simple"},"acf":[],"_links":{"self":[{"href":"https:\/\/wpachem.com\/tr\/wp-json\/wp\/v2\/product\/5160","targetHints":{"allow":["GET"]}}],"collection":[{"href":"https:\/\/wpachem.com\/tr\/wp-json\/wp\/v2\/product"}],"about":[{"href":"https:\/\/wpachem.com\/tr\/wp-json\/wp\/v2\/types\/product"}],"version-history":[{"count":0,"href":"https:\/\/wpachem.com\/tr\/wp-json\/wp\/v2\/product\/5160\/revisions"}],"wp:featuredmedia":[{"embeddable":true,"href":"https:\/\/wpachem.com\/tr\/wp-json\/wp\/v2\/media\/4674"}],"wp:attachment":[{"href":"https:\/\/wpachem.com\/tr\/wp-json\/wp\/v2\/media?parent=5160"}],"wp:term":[{"taxonomy":"product_brand","embeddable":true,"href":"https:\/\/wpachem.com\/tr\/wp-json\/wp\/v2\/product_brand?post=5160"},{"taxonomy":"product_cat","embeddable":true,"href":"https:\/\/wpachem.com\/tr\/wp-json\/wp\/v2\/product_cat?post=5160"},{"taxonomy":"product_tag","embeddable":true,"href":"https:\/\/wpachem.com\/tr\/wp-json\/wp\/v2\/product_tag?post=5160"}],"curies":[{"name":"wp","href":"https:\/\/api.w.org\/{rel}","templated":true}]}}