{"id":5162,"date":"2023-11-22T09:42:23","date_gmt":"2023-11-22T09:42:23","guid":{"rendered":"https:\/\/wpachem.com\/?post_type=product&#038;p=5162"},"modified":"2023-11-22T09:43:48","modified_gmt":"2023-11-22T09:43:48","slug":"citral-cas-5392-40-5","status":"publish","type":"product","link":"https:\/\/wpachem.com\/tr\/urun\/citral-cas-5392-40-5\/","title":{"rendered":"Sitral CAS 5392-40-5"},"content":{"rendered":"<p>\u00d6zellik<\/p>\n<ul class=\"list3\">\n<li>G\u00f6r\u00fcn\u00fcm: a\u00e7\u0131k sar\u0131 berrak s\u0131v\u0131<\/li>\n<li>Erime noktas\u0131\/donma noktas\u0131Erime noktas\u0131\/aral\u0131\u011f\u0131: &lt; -10 \u00b0C<\/li>\n<li>Ba\u015flang\u0131\u00e7 kaynama noktas\u0131 ve kaynama aral\u0131\u011f\u0131: 229 \u00b0C \u2013 litre.<\/li>\n<li>Parlama noktas\u0131: 98 \u00b0C \u2013 DIN 51758<\/li>\n<li>\u00dcst\/alt yan\u0131c\u0131l\u0131k veya patlama limitleri: \u00dcst patlama limiti: 9,9 %(V) Alt patlama limiti: 4,3 %(V)<\/li>\n<li>Buhar bas\u0131nc\u0131 &lt; 0,1 hPa 25 \u00b0C&#039;de<\/li>\n<li>Buhar yo\u011funlu\u011fu5 (havaya kar\u015f\u0131)<\/li>\n<li>Ba\u011f\u0131l yo\u011funluk 20 \u00b0C&#039;de 0,89<\/li>\n<li>Su \u00e7\u00f6z\u00fcn\u00fcrl\u00fc\u011f\u00fc 25 \u00b0C&#039;de 0,42 g\/l \u2013 OECD Test K\u0131lavuzu 105<\/li>\n<li>B\u00f6lme katsay\u0131s\u0131: n-oktanol\/su log Pow: 25 \u00b0C&#039;de 2,76<\/li>\n<li>Kendili\u011finden tutu\u015fma s\u0131cakl\u0131\u011f\u0131 1,013 hPa&#039;da 225 \u00b0C \u2013 DIN 51794<\/li>\n<li>ViskoziteViskozite, kinematik: 40 \u00b0C&#039;de 1,67 mm2\/s \u2013 OECD Test K\u0131lavuzu 105<\/li>\n<li>B\u00f6lme katsay\u0131s\u0131: n-oktanol\/su log Pow: 25 \u00b0C&#039;de 2,76<\/li>\n<li>Kendili\u011finden tutu\u015fma s\u0131cakl\u0131\u011f\u0131 1,013 hPa&#039;da 225 \u00b0C \u2013 DIN 51794<\/li>\n<li>ViskoziteViskozite, kinematik: 40 \u00b0C&#039;de 1,67 mm2\/s \u2013 OECD Test K\u0131lavuzu 114<\/li>\n<\/ul>\n<p>Paketleme ve Depolama<\/p>\n<p>1kg;25kg S\u0131k\u0131ca kapat\u0131lm\u0131\u015f<\/p>\n<p>&nbsp;<\/p>","protected":false},"excerpt":{"rendered":"<p>\u00dcr\u00fcn ad\u0131: Citral<\/p>\n<p>Cas numaras\u0131: 5392-40-5<\/p>\n<p>MF: C10H16O<\/p>\n<p>G\u00f6r\u00fcn\u00fcm: A\u00e7\u0131k sar\u0131 berrak s\u0131v\u0131<\/p>","protected":false},"featured_media":3321,"template":"","meta":{"_acf_changed":false,"_gspb_post_css":""},"product_brand":[],"product_cat":[61],"product_tag":[],"class_list":{"0":"post-5162","1":"product","2":"type-product","3":"status-publish","4":"has-post-thumbnail","6":"product_cat-flavor-and-fragrance","8":"first","9":"instock","10":"shipping-taxable","11":"product-type-simple"},"acf":[],"_links":{"self":[{"href":"https:\/\/wpachem.com\/tr\/wp-json\/wp\/v2\/product\/5162","targetHints":{"allow":["GET"]}}],"collection":[{"href":"https:\/\/wpachem.com\/tr\/wp-json\/wp\/v2\/product"}],"about":[{"href":"https:\/\/wpachem.com\/tr\/wp-json\/wp\/v2\/types\/product"}],"version-history":[{"count":0,"href":"https:\/\/wpachem.com\/tr\/wp-json\/wp\/v2\/product\/5162\/revisions"}],"wp:featuredmedia":[{"embeddable":true,"href":"https:\/\/wpachem.com\/tr\/wp-json\/wp\/v2\/media\/3321"}],"wp:attachment":[{"href":"https:\/\/wpachem.com\/tr\/wp-json\/wp\/v2\/media?parent=5162"}],"wp:term":[{"taxonomy":"product_brand","embeddable":true,"href":"https:\/\/wpachem.com\/tr\/wp-json\/wp\/v2\/product_brand?post=5162"},{"taxonomy":"product_cat","embeddable":true,"href":"https:\/\/wpachem.com\/tr\/wp-json\/wp\/v2\/product_cat?post=5162"},{"taxonomy":"product_tag","embeddable":true,"href":"https:\/\/wpachem.com\/tr\/wp-json\/wp\/v2\/product_tag?post=5162"}],"curies":[{"name":"wp","href":"https:\/\/api.w.org\/{rel}","templated":true}]}}