{"id":5165,"date":"2023-11-22T09:57:41","date_gmt":"2023-11-22T09:57:41","guid":{"rendered":"https:\/\/wpachem.com\/?post_type=product&#038;p=5165"},"modified":"2023-11-22T09:57:41","modified_gmt":"2023-11-22T09:57:41","slug":"linalool-cas-78-70-6","status":"publish","type":"product","link":"https:\/\/wpachem.com\/tr\/urun\/linalool-cas-78-70-6\/","title":{"rendered":"Linalool CAS 78-70-6"},"content":{"rendered":"<p><strong>\u00d6zellik<\/strong><\/p>\n<ul class=\"list3\">\n<li>G\u00f6r\u00fcn\u00fcm: Renksiz berrak s\u0131v\u0131<\/li>\n<li>Koku: Ho\u015f \u00e7i\u00e7eksi<\/li>\n<li>pH: 25 \u00b0C&#039;de 1,45 g\/l&#039;de 4,5<\/li>\n<li>Erime noktas\u0131:&lt; -100 \u00b0C<\/li>\n<li>Donma noktas\u0131: &gt;-74 \u00b0C, yakla\u015f\u0131k 993 hPa&#039;da \u2013 OECD Test K\u0131lavuzu 102<\/li>\n<li>Ba\u015flang\u0131\u00e7 kaynama noktas\u0131 ve kaynama aral\u0131\u011f\u0131: 960 hPa&#039;da 194 \u2013 197 \u00b0C \u2013 litre.<\/li>\n<li>Parlama noktas\u0131: yakla\u015f\u0131k 77,2 \u00b0C \u2013 Pensky-Martens kapal\u0131 kap \u2013 ISO 271981 \u00b0C \u2013 kapal\u0131 kap \u2013 DIN 51758<\/li>\n<li>\u00dcst patlama s\u0131n\u0131r\u0131: 5,2 %(V) Alt patlama s\u0131n\u0131r\u0131: 0,9 %(V)<\/li>\n<li>Buhar bas\u0131nc\u0131: 25 \u00b0C&#039;de 0,27 hPa \u2013 OECD Test K\u0131lavuzu 104<\/li>\n<li>Ba\u011f\u0131l yo\u011funluk: 25 \u00b0C&#039;de 0,87 g\/cm3 \u2013 litre.<\/li>\n<li>Suda \u00e7\u00f6z\u00fcn\u00fcrl\u00fck: az \u00e7\u00f6z\u00fcn\u00fcr<\/li>\n<li>B\u00f6lme katsay\u0131s\u0131: n-oktanol\/sulog Pow: 25 \u00b0C&#039;de 2,84 \u2013 OECD Test K\u0131lavuzu 107 \u2013 Biyoak\u00fcm\u00fclasyon beklenmez.log Pow: 25 \u00b0C&#039;de 2,7 \u2013 OECD Test K\u0131lavuzu 107 \u2013 Biyoak\u00fcm\u00fclasyon beklenmez.<\/li>\n<li>Ayr\u0131\u015fma s\u0131cakl\u0131\u011f\u0131 yakla\u015f\u0131k &gt;200 \u00b0C \u2013 Normal bas\u0131n\u00e7ta ayr\u0131\u015fmam\u0131\u015f halde dam\u0131t\u0131labilir.<\/li>\n<\/ul>\n<p><strong>Paketleme ve depolama<\/strong><\/p>\n<p>Kab\u0131 s\u0131k\u0131ca kapal\u0131 olarak, kuru ve iyi havaland\u0131r\u0131lan bir yerde saklay\u0131n\u0131z.<\/p>\n<p>Serin yerde saklay\u0131n\u0131z.<\/p>","protected":false},"excerpt":{"rendered":"<p>\u00dcr\u00fcn ad\u0131: Linalool<br \/>\nKasa numaras\u0131: 78-70-6<br \/>\nMF: C10H18O<br \/>\nG\u00f6r\u00fcn\u00fcm: Renksiz berrak s\u0131v\u0131<\/p>","protected":false},"featured_media":4878,"template":"","meta":{"_acf_changed":false,"_gspb_post_css":""},"product_brand":[],"product_cat":[61],"product_tag":[],"class_list":{"0":"post-5165","1":"product","2":"type-product","3":"status-publish","4":"has-post-thumbnail","6":"product_cat-flavor-and-fragrance","8":"first","9":"instock","10":"shipping-taxable","11":"product-type-simple"},"acf":[],"_links":{"self":[{"href":"https:\/\/wpachem.com\/tr\/wp-json\/wp\/v2\/product\/5165","targetHints":{"allow":["GET"]}}],"collection":[{"href":"https:\/\/wpachem.com\/tr\/wp-json\/wp\/v2\/product"}],"about":[{"href":"https:\/\/wpachem.com\/tr\/wp-json\/wp\/v2\/types\/product"}],"version-history":[{"count":0,"href":"https:\/\/wpachem.com\/tr\/wp-json\/wp\/v2\/product\/5165\/revisions"}],"wp:featuredmedia":[{"embeddable":true,"href":"https:\/\/wpachem.com\/tr\/wp-json\/wp\/v2\/media\/4878"}],"wp:attachment":[{"href":"https:\/\/wpachem.com\/tr\/wp-json\/wp\/v2\/media?parent=5165"}],"wp:term":[{"taxonomy":"product_brand","embeddable":true,"href":"https:\/\/wpachem.com\/tr\/wp-json\/wp\/v2\/product_brand?post=5165"},{"taxonomy":"product_cat","embeddable":true,"href":"https:\/\/wpachem.com\/tr\/wp-json\/wp\/v2\/product_cat?post=5165"},{"taxonomy":"product_tag","embeddable":true,"href":"https:\/\/wpachem.com\/tr\/wp-json\/wp\/v2\/product_tag?post=5165"}],"curies":[{"name":"wp","href":"https:\/\/api.w.org\/{rel}","templated":true}]}}