{"id":5174,"date":"2023-11-23T08:11:01","date_gmt":"2023-11-23T08:11:01","guid":{"rendered":"https:\/\/wpachem.com\/?post_type=product&#038;p=5174"},"modified":"2024-01-31T07:45:19","modified_gmt":"2024-01-31T07:45:19","slug":"sodium-tripolyphosphate-stpp-cas-7758-29-4","status":"publish","type":"product","link":"https:\/\/wpachem.com\/tr\/urun\/sodium-tripolyphosphate-stpp-cas-7758-29-4\/","title":{"rendered":"SODYUM TR\u0130POL\u0130FOSFAT (STPP) CAS 7758-29-4"},"content":{"rendered":"<p>Sodyum tripolifosfat, pentasodyum fosfat, sodyum pirometafosfat, STPP, pentasodyum tripolifosfat olarak da bilinir. \u0130yi ak\u0131\u015fkanl\u0131\u011fa sahip beyaz toz kristal, 367 ba\u011f\u0131l molek\u00fcl k\u00fctlesi. Chemicalbook86, 622\u00b0C erime noktas\u0131, suda kolayca \u00e7\u00f6z\u00fcn\u00fcr ve sulu \u00e7\u00f6zeltisi alkalidir. Genellikle g\u0131dalarda nem tutucu madde, kalite iyile\u015ftirici, pH d\u00fczenleyici ve metal \u015felatlama maddesi olarak kullan\u0131l\u0131r.<\/p>\n<p><strong>Ba\u015fvuru<\/strong><\/p>\n<p>Sodyum tripolifosfat deterjanlarda, yard\u0131mc\u0131 maddeler, sabun sinerjistleri olarak ve sabun kristalle\u015fmesini ve ta\u015fmas\u0131n\u0131 \u00f6nlemek i\u00e7in, end\u00fcstriyel su yumu\u015fat\u0131c\u0131lar\u0131nda, deri \u00f6n tabaklama maddelerinde, boyama yard\u0131mc\u0131 maddelerinde, petrol kuyusu tarama kontrol maddelerinde ve ka\u011f\u0131t yap\u0131m\u0131nda kullan\u0131l\u0131r. Petrol kirlili\u011fi \u00f6nleyici madde, boya, kaolin, magnezyum oksit, kalsiyum karbonat vb.&#039;nin s\u00fcspansiyon i\u015flemi i\u00e7in etkili da\u011f\u0131t\u0131c\u0131 madde. G\u0131da s\u0131n\u0131f\u0131 sodyum tripolifosfat \u00e7e\u015fitli bal\u0131k \u00fcr\u00fcnleri i\u00e7in g\u0131da iyile\u015ftirici ve i\u00e7ecekler i\u00e7in berrakla\u015ft\u0131r\u0131c\u0131 olarak kullan\u0131labilir.<\/p>\n<p><strong>Paketleme ve Depolama<\/strong><\/p>\n<p>25 KG\/TORBA<\/p>","protected":false},"excerpt":{"rendered":"<p>\u00dcr\u00fcn ad\u0131: Sodyum tripfosfat (STPP)<\/p>\n<p>CAS: 7758-29-4<\/p>\n<p>MF: Na5O10P3<\/p>\n<p>G\u00f6r\u00fcn\u00fcm: Beyaz toz<\/p>","protected":false},"featured_media":5175,"template":"","meta":{"_acf_changed":false,"_gspb_post_css":""},"product_brand":[],"product_cat":[55,121],"product_tag":[],"class_list":{"0":"post-5174","1":"product","2":"type-product","3":"status-publish","4":"has-post-thumbnail","6":"product_cat-food-additives","7":"product_cat-phosphates","9":"first","10":"instock","11":"shipping-taxable","12":"product-type-simple"},"acf":[],"_links":{"self":[{"href":"https:\/\/wpachem.com\/tr\/wp-json\/wp\/v2\/product\/5174","targetHints":{"allow":["GET"]}}],"collection":[{"href":"https:\/\/wpachem.com\/tr\/wp-json\/wp\/v2\/product"}],"about":[{"href":"https:\/\/wpachem.com\/tr\/wp-json\/wp\/v2\/types\/product"}],"version-history":[{"count":0,"href":"https:\/\/wpachem.com\/tr\/wp-json\/wp\/v2\/product\/5174\/revisions"}],"wp:featuredmedia":[{"embeddable":true,"href":"https:\/\/wpachem.com\/tr\/wp-json\/wp\/v2\/media\/5175"}],"wp:attachment":[{"href":"https:\/\/wpachem.com\/tr\/wp-json\/wp\/v2\/media?parent=5174"}],"wp:term":[{"taxonomy":"product_brand","embeddable":true,"href":"https:\/\/wpachem.com\/tr\/wp-json\/wp\/v2\/product_brand?post=5174"},{"taxonomy":"product_cat","embeddable":true,"href":"https:\/\/wpachem.com\/tr\/wp-json\/wp\/v2\/product_cat?post=5174"},{"taxonomy":"product_tag","embeddable":true,"href":"https:\/\/wpachem.com\/tr\/wp-json\/wp\/v2\/product_tag?post=5174"}],"curies":[{"name":"wp","href":"https:\/\/api.w.org\/{rel}","templated":true}]}}