{"id":5178,"date":"2023-11-23T08:26:02","date_gmt":"2023-11-23T08:26:02","guid":{"rendered":"https:\/\/wpachem.com\/?post_type=product&#038;p=5178"},"modified":"2024-01-31T07:44:43","modified_gmt":"2024-01-31T07:44:43","slug":"phosphate-sodium-hexametaphosphate-%ef%bc%88shmp-cas-10124-56-8","status":"publish","type":"product","link":"https:\/\/wpachem.com\/tr\/urun\/phosphate-sodium-hexametaphosphate-%ef%bc%88shmp-cas-10124-56-8\/","title":{"rendered":"Fosfat Sodyum Heksametafosfat (SHMP) CAS 10124-56-8"},"content":{"rendered":"<p>Bu \u00fcr\u00fcn, \u00f6zg\u00fcl a\u011f\u0131rl\u0131\u011f\u0131 2.484 (20\u00b0C) olan beyaz kristal bir tozdur. Suda kolayca \u00e7\u00f6z\u00fcn\u00fcr ancak organik \u00e7\u00f6z\u00fcc\u00fclerde \u00e7\u00f6z\u00fcnmez ve g\u00fc\u00e7l\u00fc bir higroskopik i\u015flevi vard\u0131r. Metal iyonlar\u0131 Ca ve Mg i\u00e7in \u00f6nemli bir \u015felatlama yetene\u011fine sahiptir.<\/p>\n<p><strong>Ba\u015fvuru:\u00a0<\/strong><\/p>\n<p>Sodyum heksametafosfat, su tutma kapasitesini iyile\u015ftirmek, ba\u011flay\u0131c\u0131 \u00f6zellikleri art\u0131rmak ve ya\u011f oksidasyonunu \u00f6nlemek i\u00e7in et \u00fcr\u00fcnlerinde, bal\u0131k sosislerinde, jambon vb. kullan\u0131l\u0131r; fasulye ezmesi ve soya sosunda kullan\u0131ld\u0131\u011f\u0131nda renk bozulmas\u0131n\u0131 \u00f6nleyebilir, viskoziteyi art\u0131rabilir, fermantasyon s\u00fcresini k\u0131saltabilir ve tad\u0131 ayarlayabilir. ; Meyve sular\u0131nda ve serinletici i\u00e7eceklerde kullan\u0131l\u0131r, meyve suyu verimini art\u0131rabilir, viskoziteyi art\u0131rabilir ve C vitamininin ayr\u0131\u015fmas\u0131n\u0131 engelleyebilir; dondurmada kullan\u0131ld\u0131\u011f\u0131nda genle\u015fme kapasitesini iyile\u015ftirebilir, hacmi art\u0131rabilir, em\u00fclsifikasyonu geli\u015ftirebilir, macun hasar\u0131n\u0131 \u00f6nleyebilir ve tad\u0131 ve rengi iyile\u015ftirebilir; s\u00fctte kullan\u0131l\u0131r \u00dcr\u00fcn ve i\u00e7eceklerde jel \u00e7\u00f6kelmesini \u00f6nleyebilir; lik\u00f6r\u00fc berrakla\u015ft\u0131rmak ve bulan\u0131kl\u0131\u011f\u0131 \u00f6nlemek i\u00e7in biraya eklenebilir; do\u011fal pigmentleri stabilize etmek ve g\u0131da rengini korumak i\u00e7in konserve fasulye, meyve ve sebzelerde kullan\u0131labilir. Ek olarak, k\u00fcrlenmi\u015f ete sulu bir sodyum heksametafosfat \u00e7\u00f6zeltisinin p\u00fcsk\u00fcrt\u00fclmesi koruyucu \u00f6zelliklerini iyile\u015ftirebilir.<\/p>\n<p><strong>Paketleme ve Depolama:<\/strong><\/p>\n<p>25 KG\/TORBA<\/p>","protected":false},"excerpt":{"rendered":"<p>\u00dcr\u00fcn ad\u0131: Sodyum Heksametafosfat (SHMP)<\/p>\n<p>CAS: 10124-56-8<\/p>\n<p>MF: H7NaO18P6<\/p>\n<p>G\u00f6r\u00fcn\u00fcm: Renksiz \u015feffaf cam pullar\u0131 veya beyaz gran\u00fcl kristaller<\/p>","protected":false},"featured_media":5179,"template":"","meta":{"_acf_changed":false,"_gspb_post_css":""},"product_brand":[],"product_cat":[55,121],"product_tag":[],"class_list":{"0":"post-5178","1":"product","2":"type-product","3":"status-publish","4":"has-post-thumbnail","6":"product_cat-food-additives","7":"product_cat-phosphates","9":"first","10":"instock","11":"shipping-taxable","12":"product-type-simple"},"acf":[],"_links":{"self":[{"href":"https:\/\/wpachem.com\/tr\/wp-json\/wp\/v2\/product\/5178","targetHints":{"allow":["GET"]}}],"collection":[{"href":"https:\/\/wpachem.com\/tr\/wp-json\/wp\/v2\/product"}],"about":[{"href":"https:\/\/wpachem.com\/tr\/wp-json\/wp\/v2\/types\/product"}],"version-history":[{"count":0,"href":"https:\/\/wpachem.com\/tr\/wp-json\/wp\/v2\/product\/5178\/revisions"}],"wp:featuredmedia":[{"embeddable":true,"href":"https:\/\/wpachem.com\/tr\/wp-json\/wp\/v2\/media\/5179"}],"wp:attachment":[{"href":"https:\/\/wpachem.com\/tr\/wp-json\/wp\/v2\/media?parent=5178"}],"wp:term":[{"taxonomy":"product_brand","embeddable":true,"href":"https:\/\/wpachem.com\/tr\/wp-json\/wp\/v2\/product_brand?post=5178"},{"taxonomy":"product_cat","embeddable":true,"href":"https:\/\/wpachem.com\/tr\/wp-json\/wp\/v2\/product_cat?post=5178"},{"taxonomy":"product_tag","embeddable":true,"href":"https:\/\/wpachem.com\/tr\/wp-json\/wp\/v2\/product_tag?post=5178"}],"curies":[{"name":"wp","href":"https:\/\/api.w.org\/{rel}","templated":true}]}}