{"id":5181,"date":"2023-11-23T08:39:23","date_gmt":"2023-11-23T08:39:23","guid":{"rendered":"https:\/\/wpachem.com\/?post_type=product&#038;p=5181"},"modified":"2024-01-31T07:43:45","modified_gmt":"2024-01-31T07:43:45","slug":"phosphate-diammonium-phosphate-dap-cas-7783-28-0","status":"publish","type":"product","link":"https:\/\/wpachem.com\/tr\/urun\/phosphate-diammonium-phosphate-dap-cas-7783-28-0\/","title":{"rendered":"Fosfat Diamonyum Fosfat (DAP) CAS 7783-28-0"},"content":{"rendered":"<p>Amonyum hidrojen fosfat olarak da bilinen diamonyum fosfat, (NH4)2HPO4 molek\u00fcler form\u00fcl\u00fcne sahip beyaz bir kristaldir. Suda \u00e7\u00f6z\u00fcn\u00fcr ve 155\u00b0C&#039;ye \u0131s\u0131t\u0131ld\u0131\u011f\u0131nda ayr\u0131\u015f\u0131r, ancak oda s\u0131cakl\u0131\u011f\u0131nda da kademeli olarak ayr\u0131\u015fabilir. Amonyak gaz\u0131 a\u00e7\u0131\u011fa \u00e7\u0131karak amonyum dihidrojen fosfat olu\u015fur. Sulu \u00e7\u00f6zelti zay\u0131f alkalidir, ChemicalbookpH8.0. \u00dcr\u00fcn \u00f6zellikleri \u015funlard\u0131r: 64% (N18: P2O546), 61% (N17: P2O545), 57% (N15: P2O542). Depolama kararl\u0131l\u0131\u011f\u0131n\u0131 art\u0131rmak i\u00e7in baz\u0131 \u00fcr\u00fcnler, \u00fcr\u00fcn\u00fcn kahverengi veya sar\u0131 g\u00f6r\u00fcnmesini sa\u011flamak i\u00e7in \u00fcretim s\u00fcrecinde kaplama maddeleri ekler.<\/p>\n<p><strong>Ba\u015fvuru:<\/strong><\/p>\n<p>1. Diamonyum hidrojen fosfat g\u00fcbre s\u0131n\u0131f\u0131 esas olarak y\u00fcksek konsantrasyonlu azot-fosfor bile\u015fik g\u00fcbre olarak kullan\u0131l\u0131r; end\u00fcstriyel s\u0131n\u0131f, dayan\u0131kl\u0131l\u0131klar\u0131n\u0131 art\u0131rmak i\u00e7in ah\u015fap ve kuma\u015flar\u0131 emdirmek i\u00e7in kullan\u0131l\u0131r. Ayr\u0131ca kuru toz yang\u0131n s\u00f6nd\u00fcrme maddesi ve floresan lambalar i\u00e7in fosfor olarak da kullan\u0131labilir; ayr\u0131ca bask\u0131 ve plaka yap\u0131m\u0131nda, elektronik t\u00fcplerin, seramiklerin, emayelerin vb. \u00fcretiminde ve at\u0131k su biyokimyasal ar\u0131t\u0131m\u0131nda kullan\u0131l\u0131r; askeri end\u00fcstride, roket motoru yal\u0131t\u0131m malzemelerinde alev geciktirici olarak kullan\u0131l\u0131r.<\/p>\n<p>2. Ruminantlarda yem katk\u0131 maddesi olarak kullan\u0131l\u0131r.<\/p>\n<p>3. G\u0131da sanayinde; g\u0131da mayalama maddesi, hamur d\u00fczenleyici, maya besini ve bira yap\u0131m\u0131nda fermantasyon yard\u0131mc\u0131s\u0131 olarak kullan\u0131l\u0131r.<\/p>\n<p>4. Analitik reaktif ve tampon olarak kullan\u0131l\u0131r.<\/p>\n<p>5. Su yumu\u015fat\u0131c\u0131s\u0131; maya besini vb.<\/p>\n<p><strong>Paketleme ve Depolama:<\/strong><\/p>\n<p>25 KG\/TORBA<\/p>","protected":false},"excerpt":{"rendered":"<p>\u00dcr\u00fcn ad\u0131: Diamonyum Fosfat (DAP)<\/p>\n<p>CAS: 7783-28-0<\/p>\n<p>MF: H9N2O4P<\/p>\n<p>D\u0131\u015f g\u00f6r\u00fcn\u00fc\u015f:<\/p>\n<p>Renksiz \u015feffaf monoklinik kristal veya beyaz toz.<\/p>","protected":false},"featured_media":5182,"template":"","meta":{"_acf_changed":false,"_gspb_post_css":""},"product_brand":[],"product_cat":[55,121],"product_tag":[],"class_list":{"0":"post-5181","1":"product","2":"type-product","3":"status-publish","4":"has-post-thumbnail","6":"product_cat-food-additives","7":"product_cat-phosphates","9":"first","10":"instock","11":"shipping-taxable","12":"product-type-simple"},"acf":[],"_links":{"self":[{"href":"https:\/\/wpachem.com\/tr\/wp-json\/wp\/v2\/product\/5181","targetHints":{"allow":["GET"]}}],"collection":[{"href":"https:\/\/wpachem.com\/tr\/wp-json\/wp\/v2\/product"}],"about":[{"href":"https:\/\/wpachem.com\/tr\/wp-json\/wp\/v2\/types\/product"}],"version-history":[{"count":0,"href":"https:\/\/wpachem.com\/tr\/wp-json\/wp\/v2\/product\/5181\/revisions"}],"wp:featuredmedia":[{"embeddable":true,"href":"https:\/\/wpachem.com\/tr\/wp-json\/wp\/v2\/media\/5182"}],"wp:attachment":[{"href":"https:\/\/wpachem.com\/tr\/wp-json\/wp\/v2\/media?parent=5181"}],"wp:term":[{"taxonomy":"product_brand","embeddable":true,"href":"https:\/\/wpachem.com\/tr\/wp-json\/wp\/v2\/product_brand?post=5181"},{"taxonomy":"product_cat","embeddable":true,"href":"https:\/\/wpachem.com\/tr\/wp-json\/wp\/v2\/product_cat?post=5181"},{"taxonomy":"product_tag","embeddable":true,"href":"https:\/\/wpachem.com\/tr\/wp-json\/wp\/v2\/product_tag?post=5181"}],"curies":[{"name":"wp","href":"https:\/\/api.w.org\/{rel}","templated":true}]}}