{"id":5190,"date":"2023-11-24T05:45:46","date_gmt":"2023-11-24T05:45:46","guid":{"rendered":"https:\/\/wpachem.com\/?post_type=product&#038;p=5190"},"modified":"2023-11-24T05:45:46","modified_gmt":"2023-11-24T05:45:46","slug":"terpinene-cas-99-86-5","status":"publish","type":"product","link":"https:\/\/wpachem.com\/tr\/urun\/terpinene-cas-99-86-5\/","title":{"rendered":"Terpinen CAS 99-86-5"},"content":{"rendered":"<p><strong>Karakteristik<\/strong><\/p>\n<ul class=\"list3\">\n<li>G\u00f6r\u00fcn\u00fcm: berrak renksiz s\u0131v\u0131<\/li>\n<li>Erime noktas\u0131\/donma noktas\u0131: -59.03\u00b0C (tahmini)<\/li>\n<li>Ba\u015flang\u0131\u00e7 kaynama noktas\u0131 ve kaynama aral\u0131\u011f\u0131: 173 \u2013 175 \u00b0C \u2013 litre.<\/li>\n<li>Parlama noktas\u0131: 50 \u00b0C \u2013 kapal\u0131 kap<\/li>\n<li>Ba\u011f\u0131l yo\u011funluk: 25 \u00b0C&#039;de 0,837 g\/mL<\/li>\n<li>Su \u00e7\u00f6z\u00fcn\u00fcrl\u00fc\u011f\u00fc: 95% etanol: \u00e7\u00f6z\u00fcn\u00fcr 1ml\/2ml<\/li>\n<\/ul>\n<p><strong>Paketleme ve depolama<\/strong><\/p>\n<p>Kab\u0131 s\u0131k\u0131ca kapal\u0131 olarak kuru ve iyi havaland\u0131r\u0131lm\u0131\u015f bir yerde saklay\u0131n. A\u00e7\u0131lan kaplar dikkatlice tekrar kapat\u0131lmal\u0131 ve s\u0131z\u0131nt\u0131y\u0131 \u00f6nlemek i\u00e7in dik tutulmal\u0131d\u0131r. Serin bir yerde saklay\u0131n.<\/p>\n<p>\u00d6nerilen depolama s\u0131cakl\u0131\u011f\u0131 -20 \u00b0C \u0130nert gaz alt\u0131nda saklay\u0131n. Havaya duyarl\u0131d\u0131r.<\/p>","protected":false},"excerpt":{"rendered":"<p>\u00dcr\u00fcn ad\u0131: Terpinen<\/p>\n<p>Kasa numaras\u0131: 99-86-5<\/p>\n<p>MF: C10H16<\/p>\n<p>G\u00f6r\u00fcn\u00fcm: berrak renksiz s\u0131v\u0131<\/p>\n<p>&nbsp;<\/p>","protected":false},"featured_media":4788,"template":"","meta":{"_acf_changed":false,"_gspb_post_css":""},"product_brand":[],"product_cat":[61],"product_tag":[],"class_list":{"0":"post-5190","1":"product","2":"type-product","3":"status-publish","4":"has-post-thumbnail","6":"product_cat-flavor-and-fragrance","8":"first","9":"instock","10":"shipping-taxable","11":"product-type-simple"},"acf":[],"_links":{"self":[{"href":"https:\/\/wpachem.com\/tr\/wp-json\/wp\/v2\/product\/5190","targetHints":{"allow":["GET"]}}],"collection":[{"href":"https:\/\/wpachem.com\/tr\/wp-json\/wp\/v2\/product"}],"about":[{"href":"https:\/\/wpachem.com\/tr\/wp-json\/wp\/v2\/types\/product"}],"version-history":[{"count":0,"href":"https:\/\/wpachem.com\/tr\/wp-json\/wp\/v2\/product\/5190\/revisions"}],"wp:featuredmedia":[{"embeddable":true,"href":"https:\/\/wpachem.com\/tr\/wp-json\/wp\/v2\/media\/4788"}],"wp:attachment":[{"href":"https:\/\/wpachem.com\/tr\/wp-json\/wp\/v2\/media?parent=5190"}],"wp:term":[{"taxonomy":"product_brand","embeddable":true,"href":"https:\/\/wpachem.com\/tr\/wp-json\/wp\/v2\/product_brand?post=5190"},{"taxonomy":"product_cat","embeddable":true,"href":"https:\/\/wpachem.com\/tr\/wp-json\/wp\/v2\/product_cat?post=5190"},{"taxonomy":"product_tag","embeddable":true,"href":"https:\/\/wpachem.com\/tr\/wp-json\/wp\/v2\/product_tag?post=5190"}],"curies":[{"name":"wp","href":"https:\/\/api.w.org\/{rel}","templated":true}]}}