{"id":5192,"date":"2023-11-24T05:57:32","date_gmt":"2023-11-24T05:57:32","guid":{"rendered":"https:\/\/wpachem.com\/?post_type=product&#038;p=5192"},"modified":"2024-04-26T05:39:58","modified_gmt":"2024-04-26T05:39:58","slug":"cinnamic-aldehyde-cas-104-55-2","status":"publish","type":"product","link":"https:\/\/wpachem.com\/tr\/urun\/cinnamic-aldehyde-cas-104-55-2\/","title":{"rendered":"Tar\u00e7\u0131n aldehit CAS 104-55-2"},"content":{"rendered":"<p><strong>\u00d6zellik<\/strong><\/p>\n<ul class=\"list3\">\n<li>G\u00f6r\u00fcn\u00fcm: renksiz s\u0131v\u0131<\/li>\n<li>pH: 30 \u00b0C&#039;de asidik 4,7<\/li>\n<li>Erime noktas\u0131\/donma noktas\u0131Erime noktas\u0131\/aral\u0131\u011f\u0131: -7,5 \u00b0C<\/li>\n<li>Ba\u015flang\u0131\u00e7 kaynama noktas\u0131 ve kaynama aral\u0131\u011f\u0131: 1,013 hPa&#039;da 248 \u00b0C<\/li>\n<li>Parlama noktas\u0131: 105 \u00b0C \u2013 Pensky-Martens kapal\u0131 kap \u2013 ASTM D 93<\/li>\n<li>Buhar bas\u0131nc\u0131: 25 \u00b0C&#039;de 0,038 hPa<\/li>\n<li>Buhar yo\u011funlu\u011fu: 4,56 \u2013 (Hava = 1.0)<\/li>\n<li>Ba\u011f\u0131l yo\u011funluk: 1.05<\/li>\n<li>Su \u00e7\u00f6z\u00fcn\u00fcrl\u00fc\u011f\u00fc: 25 \u00b0C&#039;de 2.865 g\/l \u2013 OECD Test K\u0131lavuzu 105- \u00e7\u00f6z\u00fcn\u00fcr<\/li>\n<li>B\u00f6lme katsay\u0131s\u0131: n-oktanol\/su log Pow: 25 \u00b0C&#039;de 2.107 \u2013 Biyoak\u00fcm\u00fclasyon beklenmez.<\/li>\n<li>Kendili\u011finden tutu\u015fma s\u0131cakl\u0131\u011f\u0131 966 saatte 27 \u00b0CPa kendili\u011finden tutu\u015fmaz<\/li>\n<li>ViskoziteViskozite, kinematik: 20 \u00b0C&#039;de 21,25 mm2\/s \u2013 OECD Test K\u0131lavuzu 114 Viskozite, dinamik: 20 \u00b0C&#039;de 22,12 mPa.s \u2013 OECD Test K\u0131lavuzu 114<\/li>\n<\/ul>\n<p><strong>Paketleme ve Depolama<\/strong><\/p>\n<p>S\u0131k\u0131ca kapal\u0131.<\/p>","protected":false},"excerpt":{"rendered":"<p>\u00dcr\u00fcn ad\u0131: Tar\u00e7\u0131n aldehit<br \/>\nKasa numaras\u0131: 104-55-2<br \/>\nMF: C9H8O<br \/>\nG\u00f6r\u00fcn\u00fcm: renksiz s\u0131v\u0131<\/p>","protected":false},"featured_media":2113,"template":"","meta":{"_acf_changed":false,"_gspb_post_css":""},"product_brand":[],"product_cat":[52,24],"product_tag":[],"class_list":{"0":"post-5192","1":"product","2":"type-product","3":"status-publish","4":"has-post-thumbnail","6":"product_cat-pigment","7":"product_cat-uncategorized","9":"first","10":"instock","11":"shipping-taxable","12":"product-type-simple"},"acf":[],"_links":{"self":[{"href":"https:\/\/wpachem.com\/tr\/wp-json\/wp\/v2\/product\/5192","targetHints":{"allow":["GET"]}}],"collection":[{"href":"https:\/\/wpachem.com\/tr\/wp-json\/wp\/v2\/product"}],"about":[{"href":"https:\/\/wpachem.com\/tr\/wp-json\/wp\/v2\/types\/product"}],"version-history":[{"count":0,"href":"https:\/\/wpachem.com\/tr\/wp-json\/wp\/v2\/product\/5192\/revisions"}],"wp:featuredmedia":[{"embeddable":true,"href":"https:\/\/wpachem.com\/tr\/wp-json\/wp\/v2\/media\/2113"}],"wp:attachment":[{"href":"https:\/\/wpachem.com\/tr\/wp-json\/wp\/v2\/media?parent=5192"}],"wp:term":[{"taxonomy":"product_brand","embeddable":true,"href":"https:\/\/wpachem.com\/tr\/wp-json\/wp\/v2\/product_brand?post=5192"},{"taxonomy":"product_cat","embeddable":true,"href":"https:\/\/wpachem.com\/tr\/wp-json\/wp\/v2\/product_cat?post=5192"},{"taxonomy":"product_tag","embeddable":true,"href":"https:\/\/wpachem.com\/tr\/wp-json\/wp\/v2\/product_tag?post=5192"}],"curies":[{"name":"wp","href":"https:\/\/api.w.org\/{rel}","templated":true}]}}