{"id":5194,"date":"2023-11-24T06:07:52","date_gmt":"2023-11-24T06:07:52","guid":{"rendered":"https:\/\/wpachem.com\/?post_type=product&#038;p=5194"},"modified":"2023-11-24T06:07:53","modified_gmt":"2023-11-24T06:07:53","slug":"%ce%b2-ionone-cas-79-77-6","status":"publish","type":"product","link":"https:\/\/wpachem.com\/tr\/urun\/%ce%b2-ionone-cas-79-77-6\/","title":{"rendered":"\u03b2-ionon CAS 79-77-6"},"content":{"rendered":"<p><strong>\u00d6zellik<\/strong><\/p>\n<table class=\"border-none text-left\">\n<tbody>\n<tr>\n<th class=\"width-pc-30\" align=\"left\" valign=\"top\">Fiziksel durum<\/th>\n<td class=\"width-pc-70\" align=\"left\" valign=\"top\">S\u0131v\u0131.<\/td>\n<\/tr>\n<tr>\n<th class=\"width-pc-30\" align=\"left\" valign=\"top\">Renk<\/th>\n<td class=\"width-pc-70\" align=\"left\" valign=\"top\">Hafif sar\u0131ms\u0131.<\/td>\n<\/tr>\n<tr>\n<th class=\"width-pc-30\" align=\"left\" valign=\"top\">Koku<\/th>\n<td class=\"width-pc-70\" align=\"left\" valign=\"top\">S\u0131cak odunsu, kuru ve meyveli koku<\/td>\n<\/tr>\n<tr>\n<th class=\"width-pc-30\" align=\"left\" valign=\"top\">Erime noktas\u0131\/donma noktas\u0131<\/th>\n<td class=\"width-pc-70\" align=\"left\" valign=\"top\">-35 \u00b0C. Atm. bas\u0131nc\u0131: 1 013 hPa.<\/td>\n<\/tr>\n<tr>\n<th class=\"width-pc-30\" align=\"left\" valign=\"top\">Kaynama noktas\u0131 veya ilk kaynama noktas\u0131 ve kaynama aral\u0131\u011f\u0131<\/th>\n<td class=\"width-pc-70\" align=\"left\" valign=\"top\">267,1 \u00b0C. Atm. bas\u0131nc\u0131: 1 013 hPa. A\u00e7\u0131klamalar: Ekstrapolasyonlu.<\/td>\n<\/tr>\n<tr>\n<th class=\"width-pc-30\" align=\"left\" valign=\"top\">Yan\u0131c\u0131l\u0131k<\/th>\n<td class=\"width-pc-70\" align=\"left\" valign=\"top\">veri yok<\/td>\n<\/tr>\n<tr>\n<th class=\"width-pc-30\" align=\"left\" valign=\"top\">Alt ve \u00fcst patlama s\u0131n\u0131r\u0131\/yan\u0131c\u0131l\u0131k s\u0131n\u0131r\u0131<\/th>\n<td class=\"width-pc-70\" align=\"left\" valign=\"top\">veri yok<\/td>\n<\/tr>\n<tr>\n<th class=\"width-pc-30\" align=\"left\" valign=\"top\">alevlenme noktas\u0131<\/th>\n<td class=\"width-pc-70\" align=\"left\" valign=\"top\">126 \u00b0C. Atm. bas\u0131nc\u0131: 1 013,25 hPa.<\/td>\n<\/tr>\n<tr>\n<th class=\"width-pc-30\" align=\"left\" valign=\"top\">Kendili\u011finden tutu\u015fma s\u0131cakl\u0131\u011f\u0131<\/th>\n<td class=\"width-pc-70\" align=\"left\" valign=\"top\">273 \u00b0C. Atm. bas\u0131nc\u0131: 1 010 \u2013 1 017 hPa.<\/td>\n<\/tr>\n<tr>\n<th class=\"width-pc-30\" align=\"left\" valign=\"top\">Ayr\u0131\u015fma s\u0131cakl\u0131\u011f\u0131<\/th>\n<td class=\"width-pc-70\" align=\"left\" valign=\"top\">veri yok<\/td>\n<\/tr>\n<tr>\n<th class=\"width-pc-30\" align=\"left\" valign=\"top\">pH<\/th>\n<td class=\"width-pc-70\" align=\"left\" valign=\"top\">veri yok<\/td>\n<\/tr>\n<tr>\n<th class=\"width-pc-30\" align=\"left\" valign=\"top\">Kinematik viskozite<\/th>\n<td class=\"width-pc-70\" align=\"left\" valign=\"top\">Dinamik viskozite (mPa s cinsinden) = 11,2. S\u0131cakl\u0131k: 20\u00b0C.;dinamik viskozite (mPa s cinsinden) = 5,04. S\u0131cakl\u0131k: 40\u00b0C.;kinematik viskozite (mm\u00b2\/s cinsinden) = 11,8. S\u0131cakl\u0131k: 20\u00b0C.<\/td>\n<\/tr>\n<tr>\n<th class=\"width-pc-30\" align=\"left\" valign=\"top\">\u00c7\u00f6z\u00fcn\u00fcrl\u00fck<\/th>\n<td class=\"width-pc-70\" align=\"left\" valign=\"top\">Hafif \u00e7\u00f6z\u00fcn\u00fcr (NTP, 1992)<\/td>\n<\/tr>\n<tr>\n<th class=\"width-pc-30\" align=\"left\" valign=\"top\">B\u00f6l\u00fc\u015f\u00fcm katsay\u0131s\u0131 n-oktanol\/su<\/th>\n<td class=\"width-pc-70\" align=\"left\" valign=\"top\">log Pow = 4. S\u0131cakl\u0131k: 25 \u00b0C.<\/td>\n<\/tr>\n<tr>\n<th class=\"width-pc-30\" align=\"left\" valign=\"top\">Buhar bas\u0131nc\u0131<\/th>\n<td class=\"width-pc-70\" align=\"left\" valign=\"top\">Yakla\u015f\u0131k 0,072 hPa. S\u0131cakl\u0131k: 25 \u00b0C.<\/td>\n<\/tr>\n<tr>\n<th class=\"width-pc-30\" align=\"left\" valign=\"top\">Yo\u011funluk ve\/veya ba\u011f\u0131l yo\u011funluk<\/th>\n<td class=\"width-pc-70\" align=\"left\" valign=\"top\">944,7 g\/L. S\u0131cakl\u0131k:20 \u00b0C.<\/td>\n<\/tr>\n<\/tbody>\n<\/table>\n<p><strong>Paketleme ve Depolama<\/strong><\/p>\n<p>Herhangi bir uyumsuzluk dahil olmak \u00fczere g\u00fcvenli depolama ko\u015fullar\u0131: Kab\u0131 s\u0131k\u0131ca kapal\u0131 olarak kuru ve iyi havaland\u0131r\u0131lm\u0131\u015f bir yerde saklay\u0131n. A\u00e7\u0131lan kaplar dikkatlice tekrar kapat\u0131lmal\u0131 ve s\u0131z\u0131nt\u0131y\u0131 \u00f6nlemek i\u00e7in dik tutulmal\u0131d\u0131r.<\/p>","protected":false},"excerpt":{"rendered":"<p>\u00dcr\u00fcn ad\u0131: \u03b2-ionon<br \/>\nKasa numaras\u0131: 79-77-6<br \/>\nMF: C13H20O<br \/>\nG\u00f6r\u00fcn\u00fcm: Hafif sar\u0131ms\u0131 s\u0131v\u0131<\/p>","protected":false},"featured_media":4793,"template":"","meta":{"_acf_changed":false,"_gspb_post_css":""},"product_brand":[],"product_cat":[61],"product_tag":[],"class_list":{"0":"post-5194","1":"product","2":"type-product","3":"status-publish","4":"has-post-thumbnail","6":"product_cat-flavor-and-fragrance","8":"first","9":"instock","10":"shipping-taxable","11":"product-type-simple"},"acf":[],"_links":{"self":[{"href":"https:\/\/wpachem.com\/tr\/wp-json\/wp\/v2\/product\/5194","targetHints":{"allow":["GET"]}}],"collection":[{"href":"https:\/\/wpachem.com\/tr\/wp-json\/wp\/v2\/product"}],"about":[{"href":"https:\/\/wpachem.com\/tr\/wp-json\/wp\/v2\/types\/product"}],"version-history":[{"count":0,"href":"https:\/\/wpachem.com\/tr\/wp-json\/wp\/v2\/product\/5194\/revisions"}],"wp:featuredmedia":[{"embeddable":true,"href":"https:\/\/wpachem.com\/tr\/wp-json\/wp\/v2\/media\/4793"}],"wp:attachment":[{"href":"https:\/\/wpachem.com\/tr\/wp-json\/wp\/v2\/media?parent=5194"}],"wp:term":[{"taxonomy":"product_brand","embeddable":true,"href":"https:\/\/wpachem.com\/tr\/wp-json\/wp\/v2\/product_brand?post=5194"},{"taxonomy":"product_cat","embeddable":true,"href":"https:\/\/wpachem.com\/tr\/wp-json\/wp\/v2\/product_cat?post=5194"},{"taxonomy":"product_tag","embeddable":true,"href":"https:\/\/wpachem.com\/tr\/wp-json\/wp\/v2\/product_tag?post=5194"}],"curies":[{"name":"wp","href":"https:\/\/api.w.org\/{rel}","templated":true}]}}