{"id":5196,"date":"2023-11-24T06:12:43","date_gmt":"2023-11-24T06:12:43","guid":{"rendered":"https:\/\/wpachem.com\/?post_type=product&#038;p=5196"},"modified":"2024-04-26T05:39:57","modified_gmt":"2024-04-26T05:39:57","slug":"terpinene-4-ol-cas-562-74-3","status":"publish","type":"product","link":"https:\/\/wpachem.com\/tr\/urun\/terpinene-4-ol-cas-562-74-3\/","title":{"rendered":"Terpinen-4-ol CAS 562-74-3"},"content":{"rendered":"<p><strong>\u00d6zellik<\/strong><\/p>\n<ul class=\"list3\">\n<li>G\u00f6r\u00fcn\u00fcm: renksiz s\u0131v\u0131<\/li>\n<li>Erime noktas\u0131\/donma noktas\u0131: 137-188 \u00b0C<\/li>\n<li>Ba\u015flang\u0131\u00e7 kaynama noktas\u0131 ve kaynama aral\u0131\u011f\u0131: 1013 hPa&#039;da 211 \u2013 213 \u00b0C 8 hPa&#039;da 88 \u2013 90 \u00b0C<\/li>\n<li>Parlama noktas\u0131: 79 \u00b0C \u2013 kapal\u0131 kap<\/li>\n<li>Ba\u011f\u0131l yo\u011funluk: 0,933 g\/cm3<\/li>\n<\/ul>\n<p><strong>Paketleme ve depolama<\/strong><\/p>\n<p>Kab\u0131 s\u0131k\u0131ca kapal\u0131 olarak kuru ve iyi havaland\u0131r\u0131lm\u0131\u015f bir yerde saklay\u0131n. Serin yerde saklay\u0131n.<\/p>\n<p>&nbsp;<\/p>","protected":false},"excerpt":{"rendered":"<p>\u00dcr\u00fcn ad\u0131: Terpinene-4-ol<br \/>\nKasa numaras\u0131: 562-74-3<br \/>\nMF: C10H18O<br \/>\nG\u00f6r\u00fcn\u00fcm: renksiz s\u0131v\u0131<\/p>","protected":false},"featured_media":4793,"template":"","meta":{"_acf_changed":false,"_gspb_post_css":""},"product_brand":[],"product_cat":[52,24],"product_tag":[],"class_list":{"0":"post-5196","1":"product","2":"type-product","3":"status-publish","4":"has-post-thumbnail","6":"product_cat-pigment","7":"product_cat-uncategorized","9":"first","10":"instock","11":"shipping-taxable","12":"product-type-simple"},"acf":[],"_links":{"self":[{"href":"https:\/\/wpachem.com\/tr\/wp-json\/wp\/v2\/product\/5196","targetHints":{"allow":["GET"]}}],"collection":[{"href":"https:\/\/wpachem.com\/tr\/wp-json\/wp\/v2\/product"}],"about":[{"href":"https:\/\/wpachem.com\/tr\/wp-json\/wp\/v2\/types\/product"}],"version-history":[{"count":0,"href":"https:\/\/wpachem.com\/tr\/wp-json\/wp\/v2\/product\/5196\/revisions"}],"wp:featuredmedia":[{"embeddable":true,"href":"https:\/\/wpachem.com\/tr\/wp-json\/wp\/v2\/media\/4793"}],"wp:attachment":[{"href":"https:\/\/wpachem.com\/tr\/wp-json\/wp\/v2\/media?parent=5196"}],"wp:term":[{"taxonomy":"product_brand","embeddable":true,"href":"https:\/\/wpachem.com\/tr\/wp-json\/wp\/v2\/product_brand?post=5196"},{"taxonomy":"product_cat","embeddable":true,"href":"https:\/\/wpachem.com\/tr\/wp-json\/wp\/v2\/product_cat?post=5196"},{"taxonomy":"product_tag","embeddable":true,"href":"https:\/\/wpachem.com\/tr\/wp-json\/wp\/v2\/product_tag?post=5196"}],"curies":[{"name":"wp","href":"https:\/\/api.w.org\/{rel}","templated":true}]}}