{"id":5198,"date":"2023-11-24T06:20:19","date_gmt":"2023-11-24T06:20:19","guid":{"rendered":"https:\/\/wpachem.com\/?post_type=product&#038;p=5198"},"modified":"2023-11-24T06:20:19","modified_gmt":"2023-11-24T06:20:19","slug":"%ce%b1-pinene-cas-80-56-8","status":"publish","type":"product","link":"https:\/\/wpachem.com\/tr\/urun\/%ce%b1-pinene-cas-80-56-8\/","title":{"rendered":"\u03b1-pinen CAS 80-56-8"},"content":{"rendered":"<p><strong>Karakteristik<\/strong><\/p>\n<ul class=\"list3\">\n<li>Fiziksel durum: Berrak renksiz S\u0131v\u0131<\/li>\n<li>Koku: KARAKTER\u0130ST\u0130K \u00c7AM KOKUSU<\/li>\n<li>Erime noktas\u0131\/donma noktas\u0131 : -55\u00b0C<\/li>\n<li>Kaynama noktas\u0131 veya ilk kaynama noktas\u0131 ve kaynama aral\u0131\u011f\u0131: 154-157\u00b0C<\/li>\n<li>Parlama noktas\u0131: 38\u00b0C<\/li>\n<li>Kendili\u011finden tutu\u015fma s\u0131cakl\u0131\u011f\u0131: 491\u00b0 F (USCG, 1999)<\/li>\n<li>Kinematik viskozite: 25\u00b0C&#039;de 1.303 cP<\/li>\n<li>\u00c7\u00f6z\u00fcn\u00fcrl\u00fck: PROP\u0130LEN GL\u0130KOL VE GL\u0130SER\u0130NDE NEREYSE \u00c7\u00d6Z\u00dcNMEZ<\/li>\n<li>B\u00f6l\u00fc\u015f\u00fcm katsay\u0131s\u0131 n-oktanol\/su: log Kow = 4.83<\/li>\n<li>Buhar bas\u0131nc\u0131: 99,1\u00b0 F&#039;de 10 mm Hg (NTP, 1992)<\/li>\n<li>Yo\u011funluk ve\/veya ba\u011f\u0131l yo\u011funluk: 0,858<\/li>\n<li>Ba\u011f\u0131l buhar yo\u011funlu\u011fu: 4.7 (NTP, 1992) (Havaya G\u00f6re)<\/li>\n<\/ul>\n<p><strong>Paketleme ve depolama<\/strong><\/p>\n<p>Kab\u0131 kapal\u0131 tutun. Is\u0131dan, k\u0131v\u0131lc\u0131mdan ve a\u00e7\u0131k alevden uzak tutun.<\/p>","protected":false},"excerpt":{"rendered":"<p>\u00dcr\u00fcn ad\u0131: \u03b1-pinen<br \/>\nKasa numaras\u0131: 80-56-8<br \/>\nMF: C10H16<br \/>\nG\u00f6r\u00fcn\u00fcm: Berrak renksiz s\u0131v\u0131<\/p>","protected":false},"featured_media":2082,"template":"","meta":{"_acf_changed":false,"_gspb_post_css":""},"product_brand":[],"product_cat":[61],"product_tag":[],"class_list":{"0":"post-5198","1":"product","2":"type-product","3":"status-publish","4":"has-post-thumbnail","6":"product_cat-flavor-and-fragrance","8":"first","9":"instock","10":"shipping-taxable","11":"product-type-simple"},"acf":[],"_links":{"self":[{"href":"https:\/\/wpachem.com\/tr\/wp-json\/wp\/v2\/product\/5198","targetHints":{"allow":["GET"]}}],"collection":[{"href":"https:\/\/wpachem.com\/tr\/wp-json\/wp\/v2\/product"}],"about":[{"href":"https:\/\/wpachem.com\/tr\/wp-json\/wp\/v2\/types\/product"}],"version-history":[{"count":0,"href":"https:\/\/wpachem.com\/tr\/wp-json\/wp\/v2\/product\/5198\/revisions"}],"wp:featuredmedia":[{"embeddable":true,"href":"https:\/\/wpachem.com\/tr\/wp-json\/wp\/v2\/media\/2082"}],"wp:attachment":[{"href":"https:\/\/wpachem.com\/tr\/wp-json\/wp\/v2\/media?parent=5198"}],"wp:term":[{"taxonomy":"product_brand","embeddable":true,"href":"https:\/\/wpachem.com\/tr\/wp-json\/wp\/v2\/product_brand?post=5198"},{"taxonomy":"product_cat","embeddable":true,"href":"https:\/\/wpachem.com\/tr\/wp-json\/wp\/v2\/product_cat?post=5198"},{"taxonomy":"product_tag","embeddable":true,"href":"https:\/\/wpachem.com\/tr\/wp-json\/wp\/v2\/product_tag?post=5198"}],"curies":[{"name":"wp","href":"https:\/\/api.w.org\/{rel}","templated":true}]}}