{"id":5200,"date":"2023-11-24T06:30:21","date_gmt":"2023-11-24T06:30:21","guid":{"rendered":"https:\/\/wpachem.com\/?post_type=product&#038;p=5200"},"modified":"2023-11-24T06:30:21","modified_gmt":"2023-11-24T06:30:21","slug":"hesperidin-cas-520-26-3","status":"publish","type":"product","link":"https:\/\/wpachem.com\/tr\/urun\/hesperidin-cas-520-26-3\/","title":{"rendered":"Hesperidin CAS 520-26-3"},"content":{"rendered":"<p><strong>\u00d6zellik<\/strong><\/p>\n<ul class=\"list3\">\n<li>G\u00f6r\u00fcn\u00fcm: a\u00e7\u0131k kahverengi Toz<\/li>\n<li>Erime noktas\u0131\/donma noktas\u0131: &gt; 258 \u2013 &lt;= 262 \u00b0C. Atmosfer bas\u0131nc\u0131: Yakla\u015f\u0131k 1 atm.<\/li>\n<li>Kaynama noktas\u0131 veya ba\u015flang\u0131\u00e7 kaynama noktas\u0131 ve kaynama aral\u0131\u011f\u0131: &gt; 251 \u00b0C. Atm. bas\u0131nc\u0131: Yakla\u015f\u0131k 1 atm.<\/li>\n<li>Parlama noktas\u0131: 107\u00b0C(lit.)<\/li>\n<li>Kendili\u011finden tutu\u015fma s\u0131cakl\u0131\u011f\u0131: &gt; 400 \u00b0C. A\u00e7\u0131klamalar: Hesperidin, test ko\u015fullar\u0131 alt\u0131nda kendili\u011finden tutu\u015fmaz olarak kabul edilir.<\/li>\n<li>pH: &gt;= 7 \u2013 &lt;= 7.2. A\u00e7\u0131klamalar: 10 dakika i\u00e7inde iki \u00f6l\u00e7\u00fcm yap\u0131ld\u0131.<\/li>\n<li>\u00c7\u00f6z\u00fcn\u00fcrl\u00fck: DMSO (Hafif), Piridin (Hafif, Sonikasyon)<\/li>\n<li>B\u00f6l\u00fc\u015f\u00fcm katsay\u0131s\u0131 n-oktanol\/su: log Pow = &lt; 0,3. S\u0131cakl\u0131k: 25 \u00b0C.<\/li>\n<li>Buhar bas\u0131nc\u0131: &lt; 0,001 Pa. S\u0131cakl\u0131k: 25 \u00b0C. A\u00e7\u0131klamalar: Tahmini de\u011fer: 1,64 E-24 Pa.;&lt; 0,001 mm Hg. S\u0131cakl\u0131k: 25 \u00b0C. A\u00e7\u0131klamalar: 1,23 E-26 mmHg.<\/li>\n<li>Yo\u011funluk ve\/veya ba\u011f\u0131l yo\u011funluk: 1.423 g\/cm3. S\u0131cakl\u0131k: 20 \u00b0C<\/li>\n<\/ul>\n<p><strong>Paketleme ve depolama<\/strong><\/p>\n<p>Kab\u0131 s\u0131k\u0131ca kapal\u0131 olarak kuru, serin ve iyi havaland\u0131r\u0131lan bir yerde saklay\u0131n. G\u0131da kaplar\u0131ndan veya uyumsuz malzemelerden ayr\u0131 saklay\u0131n.<\/p>","protected":false},"excerpt":{"rendered":"<p>\u00dcr\u00fcn ad\u0131: hesperidin<\/p>\n<p>Kasa numaras\u0131: 520-26-3<\/p>\n<p>MF: C28H34O15<\/p>\n<p>G\u00f6r\u00fcn\u00fcm: a\u00e7\u0131k kahverengi Toz<\/p>\n<p>&nbsp;<\/p>","protected":false},"featured_media":2632,"template":"","meta":{"_acf_changed":false,"_gspb_post_css":""},"product_brand":[],"product_cat":[101],"product_tag":[],"class_list":{"0":"post-5200","1":"product","2":"type-product","3":"status-publish","4":"has-post-thumbnail","6":"product_cat-flavour-enhancer-food-additives","8":"first","9":"instock","10":"shipping-taxable","11":"product-type-simple"},"acf":[],"_links":{"self":[{"href":"https:\/\/wpachem.com\/tr\/wp-json\/wp\/v2\/product\/5200","targetHints":{"allow":["GET"]}}],"collection":[{"href":"https:\/\/wpachem.com\/tr\/wp-json\/wp\/v2\/product"}],"about":[{"href":"https:\/\/wpachem.com\/tr\/wp-json\/wp\/v2\/types\/product"}],"version-history":[{"count":0,"href":"https:\/\/wpachem.com\/tr\/wp-json\/wp\/v2\/product\/5200\/revisions"}],"wp:featuredmedia":[{"embeddable":true,"href":"https:\/\/wpachem.com\/tr\/wp-json\/wp\/v2\/media\/2632"}],"wp:attachment":[{"href":"https:\/\/wpachem.com\/tr\/wp-json\/wp\/v2\/media?parent=5200"}],"wp:term":[{"taxonomy":"product_brand","embeddable":true,"href":"https:\/\/wpachem.com\/tr\/wp-json\/wp\/v2\/product_brand?post=5200"},{"taxonomy":"product_cat","embeddable":true,"href":"https:\/\/wpachem.com\/tr\/wp-json\/wp\/v2\/product_cat?post=5200"},{"taxonomy":"product_tag","embeddable":true,"href":"https:\/\/wpachem.com\/tr\/wp-json\/wp\/v2\/product_tag?post=5200"}],"curies":[{"name":"wp","href":"https:\/\/api.w.org\/{rel}","templated":true}]}}