{"id":5202,"date":"2023-11-24T06:36:51","date_gmt":"2023-11-24T06:36:51","guid":{"rendered":"https:\/\/wpachem.com\/?post_type=product&#038;p=5202"},"modified":"2023-11-24T06:36:52","modified_gmt":"2023-11-24T06:36:52","slug":"isoeugenol-cas-97-54-1","status":"publish","type":"product","link":"https:\/\/wpachem.com\/tr\/urun\/isoeugenol-cas-97-54-1\/","title":{"rendered":"\u0130zo\u00f6jenol CAS 97-54-1"},"content":{"rendered":"<p><strong>\u00d6zellik<\/strong><\/p>\n<ul class=\"list3\">\n<li>G\u00f6r\u00fcn\u00fcm: a\u00e7\u0131k sar\u0131 berrak, viskoz s\u0131v\u0131, yar\u0131 kat\u0131 eriyerek s\u0131v\u0131 hale gelir<\/li>\n<li>Erime noktas\u0131\/donma noktas\u0131Erime noktas\u0131\/aral\u0131\u011f\u0131: 27 \u00b0C \u2013 litre<\/li>\n<li>Ba\u015flang\u0131\u00e7 kaynama noktas\u0131 ve kaynama aral\u0131\u011f\u0131132 \u00b0C, 13 hPa \u2013 litre.<\/li>\n<li>Parlama noktas\u0131112 \u00b0C \u2013 kapal\u0131 kap<\/li>\n<li>Buhar bas\u0131nc\u0131 &lt;0,01 mm Hg ( 20 \u00b0C)<\/li>\n<li>Buhar yo\u011funlu\u011fu5,67 \u2013 (Hava = 1.0)<\/li>\n<li>Ba\u011f\u0131l yo\u011funluk 25 \u00b0C&#039;de 1.077 g\/cm3<\/li>\n<li>B\u00f6lme katsay\u0131s\u0131: n-oktanol\/su log Pow: 2,1<\/li>\n<\/ul>\n<p><strong>Paketleme ve depolama<\/strong><\/p>\n<p>hi\u00e7biri<\/p>","protected":false},"excerpt":{"rendered":"<p>\u00dcr\u00fcn ad\u0131: \u0130zo\u00f6jenol<br \/>\nKasa numaras\u0131: 97-54-1<br \/>\nMF: C10H12O2<br \/>\nG\u00f6r\u00fcn\u00fcm: a\u00e7\u0131k sar\u0131 berrak, viskoz s\u0131v\u0131<\/p>\n<p>&nbsp;<\/p>","protected":false},"featured_media":3321,"template":"","meta":{"_acf_changed":false,"_gspb_post_css":""},"product_brand":[],"product_cat":[61],"product_tag":[],"class_list":{"0":"post-5202","1":"product","2":"type-product","3":"status-publish","4":"has-post-thumbnail","6":"product_cat-flavor-and-fragrance","8":"first","9":"instock","10":"shipping-taxable","11":"product-type-simple"},"acf":[],"_links":{"self":[{"href":"https:\/\/wpachem.com\/tr\/wp-json\/wp\/v2\/product\/5202","targetHints":{"allow":["GET"]}}],"collection":[{"href":"https:\/\/wpachem.com\/tr\/wp-json\/wp\/v2\/product"}],"about":[{"href":"https:\/\/wpachem.com\/tr\/wp-json\/wp\/v2\/types\/product"}],"version-history":[{"count":0,"href":"https:\/\/wpachem.com\/tr\/wp-json\/wp\/v2\/product\/5202\/revisions"}],"wp:featuredmedia":[{"embeddable":true,"href":"https:\/\/wpachem.com\/tr\/wp-json\/wp\/v2\/media\/3321"}],"wp:attachment":[{"href":"https:\/\/wpachem.com\/tr\/wp-json\/wp\/v2\/media?parent=5202"}],"wp:term":[{"taxonomy":"product_brand","embeddable":true,"href":"https:\/\/wpachem.com\/tr\/wp-json\/wp\/v2\/product_brand?post=5202"},{"taxonomy":"product_cat","embeddable":true,"href":"https:\/\/wpachem.com\/tr\/wp-json\/wp\/v2\/product_cat?post=5202"},{"taxonomy":"product_tag","embeddable":true,"href":"https:\/\/wpachem.com\/tr\/wp-json\/wp\/v2\/product_tag?post=5202"}],"curies":[{"name":"wp","href":"https:\/\/api.w.org\/{rel}","templated":true}]}}