{"id":5204,"date":"2023-11-24T06:51:27","date_gmt":"2023-11-24T06:51:27","guid":{"rendered":"https:\/\/wpachem.com\/?post_type=product&#038;p=5204"},"modified":"2023-11-24T06:51:27","modified_gmt":"2023-11-24T06:51:27","slug":"tetrahydrolinalool-cas-78-69-3","status":"publish","type":"product","link":"https:\/\/wpachem.com\/tr\/urun\/tetrahydrolinalool-cas-78-69-3\/","title":{"rendered":"Tetrahidrolinalool CAS 78-69-3"},"content":{"rendered":"<p>\u00d6zellik<\/p>\n<ul class=\"list3\">\n<li>G\u00f6r\u00fcn\u00fcm: renksiz s\u0131v\u0131<\/li>\n<li>Erime noktas\u0131\/donma noktas\u0131: 1.013 hPa&#039;da -22,99 \u00b0C \u2013 litre.<\/li>\n<li>Ba\u015flang\u0131\u00e7 kaynama noktas\u0131 ve kaynama aral\u0131\u011f\u0131: 8 hPa&#039;da 71 \u2013 73 \u00b0C \u2013 litre.<\/li>\n<li>Parlama noktas\u0131: 76 \u00b0C \u2013 kapal\u0131 kap<\/li>\n<li>Buhar bas\u0131nc\u0131 19,6 \u00b0C&#039;de 0,111 hPa<\/li>\n<li>Buhar yo\u011funlu\u011fu: 5,46 \u2013 (Hava = 1.0)<\/li>\n<li>Ba\u011f\u0131l yo\u011funluk: 25 \u00b0C&#039;de 0,826 g\/cm3<\/li>\n<li>Su \u00e7\u00f6z\u00fcn\u00fcrl\u00fc\u011f\u00fc: 25 \u00b0C&#039;de 0,32 g\/l<\/li>\n<li>B\u00f6lme katsay\u0131s\u0131: n-oktanol\/su log Pow: 20 \u00b0C&#039;de 3,3<\/li>\n<li>Kendili\u011finden tutu\u015fma s\u0131cakl\u0131\u011f\u0131: 1,013 hPa&#039;da 360 \u00b0C<\/li>\n<\/ul>\n<p>Paketleme ve depolama<\/p>\n<p>Buhar veya sisin solunmas\u0131ndan ka\u00e7\u0131n\u0131n\u0131z.<\/p>\n<p>Tutu\u015fturucu kaynaklardan uzak tutunuz \u2013 Sigara i\u00e7meyin. Elektrostatik y\u00fck olu\u015fumunu \u00f6nleyecek \u00f6nlemler al\u0131n\u0131z.<\/p>\n<p>Serin yerde saklay\u0131n\u0131z. Kab\u0131 s\u0131k\u0131ca kapal\u0131 olarak kuru ve iyi havaland\u0131r\u0131lm\u0131\u015f bir yerde muhafaza ediniz.<\/p>","protected":false},"excerpt":{"rendered":"<p>\u00dcr\u00fcn ad\u0131: Tetrahydrolinalool<br \/>\nKasa numaras\u0131: 78-69-3<br \/>\nMF: C10H22O<br \/>\nG\u00f6r\u00fcn\u00fcm: renksiz s\u0131v\u0131<\/p>","protected":false},"featured_media":4674,"template":"","meta":{"_acf_changed":false,"_gspb_post_css":""},"product_brand":[],"product_cat":[61],"product_tag":[],"class_list":{"0":"post-5204","1":"product","2":"type-product","3":"status-publish","4":"has-post-thumbnail","6":"product_cat-flavor-and-fragrance","8":"first","9":"instock","10":"shipping-taxable","11":"product-type-simple"},"acf":[],"_links":{"self":[{"href":"https:\/\/wpachem.com\/tr\/wp-json\/wp\/v2\/product\/5204","targetHints":{"allow":["GET"]}}],"collection":[{"href":"https:\/\/wpachem.com\/tr\/wp-json\/wp\/v2\/product"}],"about":[{"href":"https:\/\/wpachem.com\/tr\/wp-json\/wp\/v2\/types\/product"}],"version-history":[{"count":0,"href":"https:\/\/wpachem.com\/tr\/wp-json\/wp\/v2\/product\/5204\/revisions"}],"wp:featuredmedia":[{"embeddable":true,"href":"https:\/\/wpachem.com\/tr\/wp-json\/wp\/v2\/media\/4674"}],"wp:attachment":[{"href":"https:\/\/wpachem.com\/tr\/wp-json\/wp\/v2\/media?parent=5204"}],"wp:term":[{"taxonomy":"product_brand","embeddable":true,"href":"https:\/\/wpachem.com\/tr\/wp-json\/wp\/v2\/product_brand?post=5204"},{"taxonomy":"product_cat","embeddable":true,"href":"https:\/\/wpachem.com\/tr\/wp-json\/wp\/v2\/product_cat?post=5204"},{"taxonomy":"product_tag","embeddable":true,"href":"https:\/\/wpachem.com\/tr\/wp-json\/wp\/v2\/product_tag?post=5204"}],"curies":[{"name":"wp","href":"https:\/\/api.w.org\/{rel}","templated":true}]}}