{"id":5206,"date":"2023-11-24T06:57:36","date_gmt":"2023-11-24T06:57:36","guid":{"rendered":"https:\/\/wpachem.com\/?post_type=product&#038;p=5206"},"modified":"2023-11-24T06:57:36","modified_gmt":"2023-11-24T06:57:36","slug":"%ce%b2-pinene-cas-18172-67-3","status":"publish","type":"product","link":"https:\/\/wpachem.com\/tr\/urun\/%ce%b2-pinene-cas-18172-67-3\/","title":{"rendered":"\u03b2-pinen CAS 18172-67-3"},"content":{"rendered":"<p><strong>\u00d6zellik<\/strong><\/p>\n<ul class=\"list3\">\n<li>G\u00f6r\u00fcn\u00fcm: s\u0131v\u0131<\/li>\n<li>Koku E\u015fi\u011fi: 0.033ppm<\/li>\n<li>Erime noktas\u0131\/donma noktas\u0131Erime noktas\u0131\/aral\u0131\u011f\u0131: -61 \u00b0C \u2013 lit.<\/li>\n<li>Ba\u015flang\u0131\u00e7 kaynama noktas\u0131 ve kaynama aral\u0131\u011f\u0131: 165 \u2013 167 \u00b0C \u2013 litre.<\/li>\n<li>Parlama noktas\u0131: 39 \u00b0C \u2013 kapal\u0131 kap<\/li>\n<li>Buhar bas\u0131nc\u0131: 20 \u00b0C&#039;de 6,9 hPa \u2013 OECD Test K\u0131lavuzu 104 25 \u00b0C&#039;de 8,51 hPa \u2013 OECD Test K\u0131lavuzu 104<\/li>\n<li>Buhar yo\u011funlu\u011fu: 4,71<\/li>\n<li>Ba\u011f\u0131l yo\u011funluk: 25 \u00b0C&#039;de 0,866 g\/cm3 \u2013<\/li>\n<li>Su \u00e7\u00f6z\u00fcn\u00fcrl\u00fc\u011f\u00fc: 20 \u00b0C&#039;de 0,00695 g\/l<\/li>\n<\/ul>\n<p><strong>Paketleme ve depolama<\/strong><\/p>\n<p>Kab\u0131 s\u0131k\u0131ca kapal\u0131 olarak kuru ve iyi havaland\u0131r\u0131lm\u0131\u015f bir yerde saklay\u0131n. A\u00e7\u0131lan kaplar dikkatlice tekrar kapat\u0131lmal\u0131 ve s\u0131z\u0131nt\u0131y\u0131 \u00f6nlemek i\u00e7in dik tutulmal\u0131d\u0131r. Serin bir yerde saklay\u0131n.<\/p>","protected":false},"excerpt":{"rendered":"<p>\u00dcr\u00fcn ad\u0131: \u03b2-pinen<br \/>\nKasa numaras\u0131: 18172-67-3<br \/>\nMF: C10H16<br \/>\nG\u00f6r\u00fcn\u00fcm: s\u0131v\u0131<\/p>","protected":false},"featured_media":4786,"template":"","meta":{"_acf_changed":false,"_gspb_post_css":""},"product_brand":[],"product_cat":[61],"product_tag":[],"class_list":{"0":"post-5206","1":"product","2":"type-product","3":"status-publish","4":"has-post-thumbnail","6":"product_cat-flavor-and-fragrance","8":"first","9":"instock","10":"shipping-taxable","11":"product-type-simple"},"acf":[],"_links":{"self":[{"href":"https:\/\/wpachem.com\/tr\/wp-json\/wp\/v2\/product\/5206","targetHints":{"allow":["GET"]}}],"collection":[{"href":"https:\/\/wpachem.com\/tr\/wp-json\/wp\/v2\/product"}],"about":[{"href":"https:\/\/wpachem.com\/tr\/wp-json\/wp\/v2\/types\/product"}],"version-history":[{"count":0,"href":"https:\/\/wpachem.com\/tr\/wp-json\/wp\/v2\/product\/5206\/revisions"}],"wp:featuredmedia":[{"embeddable":true,"href":"https:\/\/wpachem.com\/tr\/wp-json\/wp\/v2\/media\/4786"}],"wp:attachment":[{"href":"https:\/\/wpachem.com\/tr\/wp-json\/wp\/v2\/media?parent=5206"}],"wp:term":[{"taxonomy":"product_brand","embeddable":true,"href":"https:\/\/wpachem.com\/tr\/wp-json\/wp\/v2\/product_brand?post=5206"},{"taxonomy":"product_cat","embeddable":true,"href":"https:\/\/wpachem.com\/tr\/wp-json\/wp\/v2\/product_cat?post=5206"},{"taxonomy":"product_tag","embeddable":true,"href":"https:\/\/wpachem.com\/tr\/wp-json\/wp\/v2\/product_tag?post=5206"}],"curies":[{"name":"wp","href":"https:\/\/api.w.org\/{rel}","templated":true}]}}