{"id":5208,"date":"2023-11-24T07:04:54","date_gmt":"2023-11-24T07:04:54","guid":{"rendered":"https:\/\/wpachem.com\/?post_type=product&#038;p=5208"},"modified":"2023-11-24T07:04:55","modified_gmt":"2023-11-24T07:04:55","slug":"myrcene-cas-123-35-3","status":"publish","type":"product","link":"https:\/\/wpachem.com\/tr\/urun\/myrcene-cas-123-35-3\/","title":{"rendered":"Mirsen CAS 123-35-3"},"content":{"rendered":"<p><strong>\u00d6zellik<\/strong><\/p>\n<ul class=\"list3\">\n<li>G\u00f6r\u00fcn\u00fcm: Berrak a\u00e7\u0131k sar\u0131 Viskoz S\u0131v\u0131<\/li>\n<li>Koku: Ho\u015f<\/li>\n<li>Erime noktas\u0131\/donma noktas\u0131: &lt; -80 \u00b0C. Atm. bas\u0131nc\u0131: 1 atm.<\/li>\n<li>Kaynama noktas\u0131 veya ba\u015flang\u0131\u00e7 kaynama noktas\u0131 ve kaynama aral\u0131\u011f\u0131: &gt;= 164 \u2013 &lt;= 165 \u00b0C. Atm. bas\u0131nc\u0131: 760 mm Hg.<\/li>\n<li>Parlama noktas\u0131: Yakla\u015f\u0131k 45 \u00b0C. Atm. bas\u0131nc\u0131: Yakla\u015f\u0131k 1 atm.<\/li>\n<li>Kendili\u011finden tutu\u015fma s\u0131cakl\u0131\u011f\u0131: 265 \u00b0C. Atm. bas\u0131nc\u0131: 100 248 Pa. A\u00e7\u0131klamalar:Deney 1: Tutu\u015fma gecikmesi: 12 saniye; 260 \u00b0C. Atm. bas\u0131nc\u0131: 100 129 Pa. A\u00e7\u0131klamalar:Deney 2: Tutu\u015fma gecikmesi: 12 saniye; 259 \u00b0C. Atm. bas\u0131nc\u0131: 10 089 Pa. A\u00e7\u0131klamalar:Deney 3: Tutu\u015fma gecikmesi: 22 saniye.<\/li>\n<li>pH: 7 (H2O, 20\u2103)(doymu\u015f sulu \u00e7\u00f6zelti)<\/li>\n<li>\u00c7\u00f6z\u00fcn\u00fcrl\u00fckSu: \u00e7\u00f6z\u00fcn\u00fcr0.00109g\/L 20\u00b0C&#039;de<\/li>\n<li>B\u00f6lme katsay\u0131s\u0131 n-oktanol\/su: log Pow = 4.82. S\u0131cakl\u0131k:30 \u00b0C. A\u00e7\u0131klamalar:+\/- 0.01.<\/li>\n<li>Buhar bas\u0131nc\u0131: ~7 mm Hg ( 20 \u00b0C)<\/li>\n<li>Yo\u011funluk ve\/veya ba\u011f\u0131l yo\u011funluk: 0,793. S\u0131cakl\u0131k: 20 \u00b0C.<\/li>\n<li>Ba\u011f\u0131l buhar yo\u011funlu\u011fu: 4.7 (havaya g\u00f6re)<\/li>\n<\/ul>\n<p><strong>Paketleme ve depolama<\/strong><\/p>\n<p>I\u015f\u0131k ve hava almayan, serin bir yerde saklay\u0131n\u0131z.<\/p>","protected":false},"excerpt":{"rendered":"<p>\u00dcr\u00fcn ad\u0131: Mirsen<\/p>\n<p>Kasa numaras\u0131: 123-35-3<\/p>\n<p>MF: C10H16<\/p>\n<p>G\u00f6r\u00fcn\u00fcm: Berrak a\u00e7\u0131k sar\u0131 Viskoz S\u0131v\u0131<\/p>","protected":false},"featured_media":4789,"template":"","meta":{"_acf_changed":false,"_gspb_post_css":""},"product_brand":[],"product_cat":[61],"product_tag":[],"class_list":{"0":"post-5208","1":"product","2":"type-product","3":"status-publish","4":"has-post-thumbnail","6":"product_cat-flavor-and-fragrance","8":"first","9":"instock","10":"shipping-taxable","11":"product-type-simple"},"acf":[],"_links":{"self":[{"href":"https:\/\/wpachem.com\/tr\/wp-json\/wp\/v2\/product\/5208","targetHints":{"allow":["GET"]}}],"collection":[{"href":"https:\/\/wpachem.com\/tr\/wp-json\/wp\/v2\/product"}],"about":[{"href":"https:\/\/wpachem.com\/tr\/wp-json\/wp\/v2\/types\/product"}],"version-history":[{"count":0,"href":"https:\/\/wpachem.com\/tr\/wp-json\/wp\/v2\/product\/5208\/revisions"}],"wp:featuredmedia":[{"embeddable":true,"href":"https:\/\/wpachem.com\/tr\/wp-json\/wp\/v2\/media\/4789"}],"wp:attachment":[{"href":"https:\/\/wpachem.com\/tr\/wp-json\/wp\/v2\/media?parent=5208"}],"wp:term":[{"taxonomy":"product_brand","embeddable":true,"href":"https:\/\/wpachem.com\/tr\/wp-json\/wp\/v2\/product_brand?post=5208"},{"taxonomy":"product_cat","embeddable":true,"href":"https:\/\/wpachem.com\/tr\/wp-json\/wp\/v2\/product_cat?post=5208"},{"taxonomy":"product_tag","embeddable":true,"href":"https:\/\/wpachem.com\/tr\/wp-json\/wp\/v2\/product_tag?post=5208"}],"curies":[{"name":"wp","href":"https:\/\/api.w.org\/{rel}","templated":true}]}}