{"id":5214,"date":"2023-11-24T07:26:57","date_gmt":"2023-11-24T07:26:57","guid":{"rendered":"https:\/\/wpachem.com\/?post_type=product&#038;p=5214"},"modified":"2023-11-24T07:26:57","modified_gmt":"2023-11-24T07:26:57","slug":"y-terpineol-cas-99-85-4","status":"publish","type":"product","link":"https:\/\/wpachem.com\/tr\/urun\/y-terpineol-cas-99-85-4\/","title":{"rendered":"Y-terpineol CAS 99-85-4"},"content":{"rendered":"<p><strong>\u00d6zellik<\/strong><\/p>\n<ul class=\"list3\">\n<li>G\u00f6r\u00fcn\u00fcm: Beyaz Toz veya Kristaller<\/li>\n<li>Erime noktas\u0131\/donma noktas\u0131: 350\u00b0C(lit.)<\/li>\n<li>Kaynama noktas\u0131 veya ilk kaynama noktas\u0131 ve kaynama aral\u0131\u011f\u0131: 182\u00b0C(lit.)<\/li>\n<li>Parlama noktas\u0131: 50\u00b0C<\/li>\n<li>\u00c7\u00f6z\u00fcn\u00fcrl\u00fckSu: \u00e7\u00f6z\u00fcn\u00fcr 5%, berrak, renksiz ila hafif sar\u0131<\/li>\n<li>B\u00f6l\u00fc\u015f\u00fcm katsay\u0131s\u0131 n-oktanol\/su: 4.5<\/li>\n<li>Buhar bas\u0131nc\u0131: ~0,7 mm Hg ( 20 \u00b0C)<\/li>\n<li>Yo\u011funluk ve\/veya ba\u011f\u0131l yo\u011funluk: 0,849 (20\/4\u2103)<\/li>\n<li>Ba\u011f\u0131l buhar yo\u011funlu\u011fu: 0,849 (20\/4\u2103)<\/li>\n<\/ul>\n<p><strong>Paketleme ve depolama<\/strong><\/p>\n<p>Kab\u0131 s\u0131k\u0131ca kapal\u0131 olarak kuru, serin ve iyi havaland\u0131r\u0131lan bir yerde saklay\u0131n. G\u0131da kaplar\u0131ndan veya uyumsuz malzemelerden ayr\u0131 saklay\u0131n.<\/p>","protected":false},"excerpt":{"rendered":"<p>\u00dcr\u00fcn ad\u0131: Y-terpineol<br \/>\nKasa numaras\u0131: 99-85-4<br \/>\nMF: C10H16<br \/>\nG\u00f6r\u00fcn\u00fcm: Beyaz toz veya kristaller<\/p>","protected":false},"featured_media":5182,"template":"","meta":{"_acf_changed":false,"_gspb_post_css":""},"product_brand":[],"product_cat":[61],"product_tag":[],"class_list":{"0":"post-5214","1":"product","2":"type-product","3":"status-publish","4":"has-post-thumbnail","6":"product_cat-flavor-and-fragrance","8":"first","9":"instock","10":"shipping-taxable","11":"product-type-simple"},"acf":[],"_links":{"self":[{"href":"https:\/\/wpachem.com\/tr\/wp-json\/wp\/v2\/product\/5214","targetHints":{"allow":["GET"]}}],"collection":[{"href":"https:\/\/wpachem.com\/tr\/wp-json\/wp\/v2\/product"}],"about":[{"href":"https:\/\/wpachem.com\/tr\/wp-json\/wp\/v2\/types\/product"}],"version-history":[{"count":0,"href":"https:\/\/wpachem.com\/tr\/wp-json\/wp\/v2\/product\/5214\/revisions"}],"wp:featuredmedia":[{"embeddable":true,"href":"https:\/\/wpachem.com\/tr\/wp-json\/wp\/v2\/media\/5182"}],"wp:attachment":[{"href":"https:\/\/wpachem.com\/tr\/wp-json\/wp\/v2\/media?parent=5214"}],"wp:term":[{"taxonomy":"product_brand","embeddable":true,"href":"https:\/\/wpachem.com\/tr\/wp-json\/wp\/v2\/product_brand?post=5214"},{"taxonomy":"product_cat","embeddable":true,"href":"https:\/\/wpachem.com\/tr\/wp-json\/wp\/v2\/product_cat?post=5214"},{"taxonomy":"product_tag","embeddable":true,"href":"https:\/\/wpachem.com\/tr\/wp-json\/wp\/v2\/product_tag?post=5214"}],"curies":[{"name":"wp","href":"https:\/\/api.w.org\/{rel}","templated":true}]}}