{"id":5216,"date":"2023-11-24T07:31:30","date_gmt":"2023-11-24T07:31:30","guid":{"rendered":"https:\/\/wpachem.com\/?post_type=product&#038;p=5216"},"modified":"2023-11-24T07:31:30","modified_gmt":"2023-11-24T07:31:30","slug":"geraniol-cas-106-24-1","status":"publish","type":"product","link":"https:\/\/wpachem.com\/tr\/urun\/geraniol-cas-106-24-1\/","title":{"rendered":"Geraniol CAS 106-24-1"},"content":{"rendered":"<p><strong>\u00d6zellik<\/strong><\/p>\n<ul class=\"list3\">\n<li>G\u00f6r\u00fcn\u00fcm: berrak renksiz s\u0131v\u0131<\/li>\n<li>Erime noktas\u0131\/donma noktas\u0131: Erime noktas\u0131\/donma noktas\u0131: -15 \u00b0C<\/li>\n<li>Ba\u015flang\u0131\u00e7 kaynama noktas\u0131 ve kaynama aral\u0131\u011f\u0131: 229 \u2013 230 \u00b0C \u2013 litre.<\/li>\n<li>Parlama noktas\u0131: 108 \u00b0C \u2013 kapal\u0131 kap \u2013 67\/548\/EEC Direktifinin Ek V&#039;ine g\u00f6re test edilmi\u015ftir.<\/li>\n<li>Buhar bas\u0131nc\u0131: 70,6 \u00b0C&#039;de 1 hPa<\/li>\n<li>Buhar yo\u011funlu\u011fu: 5,33 \u2013 (Hava = 1.0)<\/li>\n<li>Ba\u011f\u0131l yo\u011funluk: 20 \u00b0C&#039;de 0,879 g\/cm3<\/li>\n<li>Su \u00e7\u00f6z\u00fcn\u00fcrl\u00fc\u011f\u00fc: 25 \u00b0C&#039;de 0,1 g\/l<\/li>\n<li>B\u00f6lme katsay\u0131s\u0131: n-oktanol\/su log Pow: 25 \u00b0C&#039;de 2,5<\/li>\n<\/ul>\n<p><strong>Paketleme ve depolama<\/strong><\/p>\n<p>Kab\u0131 s\u0131k\u0131ca kapal\u0131 olarak kuru ve iyi havaland\u0131r\u0131lm\u0131\u015f bir yerde saklay\u0131n. A\u00e7\u0131lan kaplar dikkatlice tekrar kapat\u0131lmal\u0131 ve s\u0131z\u0131nt\u0131y\u0131 \u00f6nlemek i\u00e7in dik tutulmal\u0131d\u0131r. Serin bir yerde saklay\u0131n.<\/p>","protected":false},"excerpt":{"rendered":"<p>\u00dcr\u00fcn ad\u0131: Geraniol<br \/>\nKasa numaras\u0131: 106-24-1<br \/>\nMF: C10H18O<br \/>\nG\u00f6r\u00fcn\u00fcm: berrak renksiz s\u0131v\u0131<\/p>","protected":false},"featured_media":4793,"template":"","meta":{"_acf_changed":false,"_gspb_post_css":""},"product_brand":[],"product_cat":[61],"product_tag":[],"class_list":{"0":"post-5216","1":"product","2":"type-product","3":"status-publish","4":"has-post-thumbnail","6":"product_cat-flavor-and-fragrance","8":"first","9":"instock","10":"shipping-taxable","11":"product-type-simple"},"acf":[],"_links":{"self":[{"href":"https:\/\/wpachem.com\/tr\/wp-json\/wp\/v2\/product\/5216","targetHints":{"allow":["GET"]}}],"collection":[{"href":"https:\/\/wpachem.com\/tr\/wp-json\/wp\/v2\/product"}],"about":[{"href":"https:\/\/wpachem.com\/tr\/wp-json\/wp\/v2\/types\/product"}],"version-history":[{"count":0,"href":"https:\/\/wpachem.com\/tr\/wp-json\/wp\/v2\/product\/5216\/revisions"}],"wp:featuredmedia":[{"embeddable":true,"href":"https:\/\/wpachem.com\/tr\/wp-json\/wp\/v2\/media\/4793"}],"wp:attachment":[{"href":"https:\/\/wpachem.com\/tr\/wp-json\/wp\/v2\/media?parent=5216"}],"wp:term":[{"taxonomy":"product_brand","embeddable":true,"href":"https:\/\/wpachem.com\/tr\/wp-json\/wp\/v2\/product_brand?post=5216"},{"taxonomy":"product_cat","embeddable":true,"href":"https:\/\/wpachem.com\/tr\/wp-json\/wp\/v2\/product_cat?post=5216"},{"taxonomy":"product_tag","embeddable":true,"href":"https:\/\/wpachem.com\/tr\/wp-json\/wp\/v2\/product_tag?post=5216"}],"curies":[{"name":"wp","href":"https:\/\/api.w.org\/{rel}","templated":true}]}}