{"id":5220,"date":"2023-11-24T07:41:36","date_gmt":"2023-11-24T07:41:36","guid":{"rendered":"https:\/\/wpachem.com\/?post_type=product&#038;p=5220"},"modified":"2023-11-24T07:41:36","modified_gmt":"2023-11-24T07:41:36","slug":"decyl-aldehyde-cas-112-31-2","status":"publish","type":"product","link":"https:\/\/wpachem.com\/tr\/urun\/decyl-aldehyde-cas-112-31-2\/","title":{"rendered":"Desil aldehit CAS 112-31-2"},"content":{"rendered":"<p><strong>\u00d6zellik<\/strong><\/p>\n<ul class=\"list3\">\n<li>G\u00f6r\u00fcn\u00fcm: renksiz s\u0131v\u0131<\/li>\n<li>Koku: \u00c7i\u00e7eksi-ya\u011fl\u0131 koku<\/li>\n<li>Erime noktas\u0131\/donma noktas\u0131: -5\u00b0C(lit.)<\/li>\n<li>Kaynama noktas\u0131 veya ilk kaynama noktas\u0131 ve kaynama aral\u0131\u011f\u0131: 208\u00b0C(lit.)<\/li>\n<li>Parlama noktas\u0131: 94\u00b0C(lit.)<\/li>\n<li>Kinematik viskozite: 1.5417 cP<\/li>\n<li>\u00c7\u00f6z\u00fcn\u00fcrl\u00fck: Asetonitril (Hafif), Kloroform (Az), Metanol (Hafif)<\/li>\n<li>B\u00f6l\u00fc\u015f\u00fcm katsay\u0131s\u0131 n-oktanol\/su: log Kow = 3,76 (tahmini)<\/li>\n<li>Buhar bas\u0131nc\u0131: ~0,15 mm Hg ( 20 \u00b0C)<\/li>\n<li>Yo\u011funluk ve\/veya ba\u011f\u0131l yo\u011funluk: 0,83<\/li>\n<li>Ba\u011f\u0131l buhar yo\u011funlu\u011fu: &gt;1 (havaya kar\u015f\u0131)b<\/li>\n<\/ul>\n<p><strong>Paketleme ve depolama<\/strong><\/p>\n<p>Herhangi bir uyumsuzluk dahil olmak \u00fczere g\u00fcvenli depolama ko\u015fullar\u0131: Kab\u0131 s\u0131k\u0131ca kapal\u0131 olarak kuru ve iyi havaland\u0131r\u0131lm\u0131\u015f bir yerde saklay\u0131n. A\u00e7\u0131lan kaplar dikkatlice tekrar kapat\u0131lmal\u0131 ve s\u0131z\u0131nt\u0131y\u0131 \u00f6nlemek i\u00e7in dik tutulmal\u0131d\u0131r. \u00d6nerilen depolama s\u0131cakl\u0131\u011f\u0131: 2-8 derece C.<\/p>","protected":false},"excerpt":{"rendered":"<p>\u00dcr\u00fcn ad\u0131: Desil aldehit<br \/>\nKasa numaras\u0131: 112-31-2<br \/>\nMF: C9H8O<br \/>\nG\u00f6r\u00fcn\u00fcm: renksiz s\u0131v\u0131<\/p>","protected":false},"featured_media":2109,"template":"","meta":{"_acf_changed":false,"_gspb_post_css":""},"product_brand":[],"product_cat":[61],"product_tag":[],"class_list":{"0":"post-5220","1":"product","2":"type-product","3":"status-publish","4":"has-post-thumbnail","6":"product_cat-flavor-and-fragrance","8":"first","9":"instock","10":"shipping-taxable","11":"product-type-simple"},"acf":[],"_links":{"self":[{"href":"https:\/\/wpachem.com\/tr\/wp-json\/wp\/v2\/product\/5220","targetHints":{"allow":["GET"]}}],"collection":[{"href":"https:\/\/wpachem.com\/tr\/wp-json\/wp\/v2\/product"}],"about":[{"href":"https:\/\/wpachem.com\/tr\/wp-json\/wp\/v2\/types\/product"}],"version-history":[{"count":0,"href":"https:\/\/wpachem.com\/tr\/wp-json\/wp\/v2\/product\/5220\/revisions"}],"wp:featuredmedia":[{"embeddable":true,"href":"https:\/\/wpachem.com\/tr\/wp-json\/wp\/v2\/media\/2109"}],"wp:attachment":[{"href":"https:\/\/wpachem.com\/tr\/wp-json\/wp\/v2\/media?parent=5220"}],"wp:term":[{"taxonomy":"product_brand","embeddable":true,"href":"https:\/\/wpachem.com\/tr\/wp-json\/wp\/v2\/product_brand?post=5220"},{"taxonomy":"product_cat","embeddable":true,"href":"https:\/\/wpachem.com\/tr\/wp-json\/wp\/v2\/product_cat?post=5220"},{"taxonomy":"product_tag","embeddable":true,"href":"https:\/\/wpachem.com\/tr\/wp-json\/wp\/v2\/product_tag?post=5220"}],"curies":[{"name":"wp","href":"https:\/\/api.w.org\/{rel}","templated":true}]}}