{"id":5222,"date":"2023-11-24T07:46:10","date_gmt":"2023-11-24T07:46:10","guid":{"rendered":"https:\/\/wpachem.com\/?post_type=product&#038;p=5222"},"modified":"2023-11-24T07:47:04","modified_gmt":"2023-11-24T07:47:04","slug":"allyl-hexanoate-cas-123-68-2","status":"publish","type":"product","link":"https:\/\/wpachem.com\/tr\/urun\/allyl-hexanoate-cas-123-68-2\/","title":{"rendered":"Alil heksanoat CAS 123-68-2"},"content":{"rendered":"<p><strong>\u00d6zellik<\/strong><\/p>\n<ul class=\"list3\">\n<li>G\u00f6r\u00fcn\u00fcm: renksiz s\u0131v\u0131<\/li>\n<li>Erime noktas\u0131\/donma noktas\u0131: -57.45\u00b0C (tahmini)<\/li>\n<li>Ba\u015flang\u0131\u00e7 kaynama noktas\u0131 ve kaynama aral\u0131\u011f\u0131: 20 hPa&#039;da 75 \u2013 76 \u00b0C \u2013 litre.<\/li>\n<li>Parlama noktas\u0131: 66 \u00b0C \u2013 kapal\u0131 kap<\/li>\n<li>Ba\u011f\u0131l yo\u011funluk: 25 \u00b0C&#039;de 0,887 g\/cm3<\/li>\n<li>Su \u00e7\u00f6z\u00fcn\u00fcrl\u00fc\u011f\u00fc: 0.06g\/l<\/li>\n<li>B\u00f6lme katsay\u0131s\u0131: n-oktanol\/su log Pow: 3,2<\/li>\n<\/ul>\n<p><strong>Paketleme ve depolama<\/strong><\/p>\n<p>Kab\u0131 s\u0131k\u0131ca kapal\u0131 olarak kuru ve iyi havaland\u0131r\u0131lm\u0131\u015f bir yerde saklay\u0131n. A\u00e7\u0131lan kaplar dikkatlice tekrar kapat\u0131lmal\u0131 ve s\u0131z\u0131nt\u0131y\u0131 \u00f6nlemek i\u00e7in dik tutulmal\u0131d\u0131r. Serin bir yerde saklay\u0131n.<\/p>","protected":false},"excerpt":{"rendered":"<p>\u00dcr\u00fcn ad\u0131: Alil heksanoat<\/p>\n<p>Kasa numaras\u0131: 123-68-2<\/p>\n<p>MF: C9H16O2<\/p>\n<p>G\u00f6r\u00fcn\u00fcm: renksiz s\u0131v\u0131<\/p>","protected":false},"featured_media":4873,"template":"","meta":{"_acf_changed":false,"_gspb_post_css":""},"product_brand":[],"product_cat":[61],"product_tag":[],"class_list":{"0":"post-5222","1":"product","2":"type-product","3":"status-publish","4":"has-post-thumbnail","6":"product_cat-flavor-and-fragrance","8":"first","9":"instock","10":"shipping-taxable","11":"product-type-simple"},"acf":[],"_links":{"self":[{"href":"https:\/\/wpachem.com\/tr\/wp-json\/wp\/v2\/product\/5222","targetHints":{"allow":["GET"]}}],"collection":[{"href":"https:\/\/wpachem.com\/tr\/wp-json\/wp\/v2\/product"}],"about":[{"href":"https:\/\/wpachem.com\/tr\/wp-json\/wp\/v2\/types\/product"}],"version-history":[{"count":0,"href":"https:\/\/wpachem.com\/tr\/wp-json\/wp\/v2\/product\/5222\/revisions"}],"wp:featuredmedia":[{"embeddable":true,"href":"https:\/\/wpachem.com\/tr\/wp-json\/wp\/v2\/media\/4873"}],"wp:attachment":[{"href":"https:\/\/wpachem.com\/tr\/wp-json\/wp\/v2\/media?parent=5222"}],"wp:term":[{"taxonomy":"product_brand","embeddable":true,"href":"https:\/\/wpachem.com\/tr\/wp-json\/wp\/v2\/product_brand?post=5222"},{"taxonomy":"product_cat","embeddable":true,"href":"https:\/\/wpachem.com\/tr\/wp-json\/wp\/v2\/product_cat?post=5222"},{"taxonomy":"product_tag","embeddable":true,"href":"https:\/\/wpachem.com\/tr\/wp-json\/wp\/v2\/product_tag?post=5222"}],"curies":[{"name":"wp","href":"https:\/\/api.w.org\/{rel}","templated":true}]}}