{"id":5225,"date":"2023-11-24T07:52:22","date_gmt":"2023-11-24T07:52:22","guid":{"rendered":"https:\/\/wpachem.com\/?post_type=product&#038;p=5225"},"modified":"2023-11-24T07:52:22","modified_gmt":"2023-11-24T07:52:22","slug":"vanillin-cas-121-33-5","status":"publish","type":"product","link":"https:\/\/wpachem.com\/tr\/urun\/vanillin-cas-121-33-5\/","title":{"rendered":"Vanilin CAS 121-33-5"},"content":{"rendered":"<p><strong>\u00d6zellik<\/strong><\/p>\n<ul class=\"list3\">\n<li>G\u00f6r\u00fcn\u00fcm: renksiz ila a\u00e7\u0131k sar\u0131 kristal veya toz<\/li>\n<li>pH: 20 \u00b0C&#039;de 10 g\/l&#039;de 4,3<\/li>\n<li>Erime noktas\u0131\/donma noktas\u0131Erime noktas\u0131\/aral\u0131\u011f\u0131: 81 \u2013 83 \u00b0C \u2013 lit.<\/li>\n<li>Ba\u015flang\u0131\u00e7 kaynama noktas\u0131 ve kaynama aral\u0131\u011f\u0131: 20 hPa&#039;da 170 \u00b0C \u2013 litre.<\/li>\n<li>Parlama noktas\u0131: 159,8 \u2013 160,8 \u00b0C \u2013 kapal\u0131 kap \u2013 Y\u00f6netmelik (EC) No. 440\/2008, Ek, A.9<\/li>\n<li>Buhar bas\u0131nc\u0131: 25 \u00b0C&#039;de 0,0029 hPa &lt; 25 \u00b0C&#039;de 0,01 hPa<\/li>\n<li>Buhar yo\u011funlu\u011fu: 25 \u00b0C&#039;de 5,3<\/li>\n<li>Ba\u011f\u0131l yo\u011funluk: 20 \u00b0C&#039;de 1.056 g\/cm3<\/li>\n<li>Su \u00e7\u00f6z\u00fcn\u00fcrl\u00fc\u011f\u00fc: 25 \u00b0C&#039;de 9 g\/l<\/li>\n<li>B\u00f6lme katsay\u0131s\u0131: n-oktanol\/su log Pow: 25 \u00b0C&#039;de 1,21 \u2013 Biyoak\u00fcm\u00fclasyon beklenmez.<\/li>\n<\/ul>\n<p><strong>Paketleme ve depolama<\/strong><\/p>\n<p>S\u0131k\u0131ca kapat\u0131lm\u0131\u015f. Kuru.<\/p>\n<p>Hava, \u0131\u015f\u0131k ve neme duyarl\u0131d\u0131r.<\/p>","protected":false},"excerpt":{"rendered":"<p>\u00dcr\u00fcn ad\u0131: Vanilin<br \/>\nKasa numaras\u0131: 121-33-5<br \/>\nMF: C8H8O3<br \/>\nG\u00f6r\u00fcn\u00fcm: renksiz ila a\u00e7\u0131k sar\u0131 kristal veya toz<\/p>","protected":false},"featured_media":5171,"template":"","meta":{"_acf_changed":false,"_gspb_post_css":""},"product_brand":[],"product_cat":[61],"product_tag":[],"class_list":{"0":"post-5225","1":"product","2":"type-product","3":"status-publish","4":"has-post-thumbnail","6":"product_cat-flavor-and-fragrance","8":"first","9":"instock","10":"shipping-taxable","11":"product-type-simple"},"acf":[],"_links":{"self":[{"href":"https:\/\/wpachem.com\/tr\/wp-json\/wp\/v2\/product\/5225","targetHints":{"allow":["GET"]}}],"collection":[{"href":"https:\/\/wpachem.com\/tr\/wp-json\/wp\/v2\/product"}],"about":[{"href":"https:\/\/wpachem.com\/tr\/wp-json\/wp\/v2\/types\/product"}],"version-history":[{"count":0,"href":"https:\/\/wpachem.com\/tr\/wp-json\/wp\/v2\/product\/5225\/revisions"}],"wp:featuredmedia":[{"embeddable":true,"href":"https:\/\/wpachem.com\/tr\/wp-json\/wp\/v2\/media\/5171"}],"wp:attachment":[{"href":"https:\/\/wpachem.com\/tr\/wp-json\/wp\/v2\/media?parent=5225"}],"wp:term":[{"taxonomy":"product_brand","embeddable":true,"href":"https:\/\/wpachem.com\/tr\/wp-json\/wp\/v2\/product_brand?post=5225"},{"taxonomy":"product_cat","embeddable":true,"href":"https:\/\/wpachem.com\/tr\/wp-json\/wp\/v2\/product_cat?post=5225"},{"taxonomy":"product_tag","embeddable":true,"href":"https:\/\/wpachem.com\/tr\/wp-json\/wp\/v2\/product_tag?post=5225"}],"curies":[{"name":"wp","href":"https:\/\/api.w.org\/{rel}","templated":true}]}}