{"id":5227,"date":"2023-11-24T07:58:46","date_gmt":"2023-11-24T07:58:46","guid":{"rendered":"https:\/\/wpachem.com\/?post_type=product&#038;p=5227"},"modified":"2023-11-24T07:58:48","modified_gmt":"2023-11-24T07:58:48","slug":"galaxolide-cas-1222-05-5","status":"publish","type":"product","link":"https:\/\/wpachem.com\/tr\/urun\/galaxolide-cas-1222-05-5\/","title":{"rendered":"Galaksolid CAS 1222-05-5"},"content":{"rendered":"<p><strong>\u00d6zellik<\/strong><\/p>\n<table class=\"border-none text-left\">\n<tbody>\n<tr>\n<th class=\"width-pc-30\" align=\"left\" valign=\"top\">Fiziksel durum<\/th>\n<td class=\"width-pc-70\" align=\"left\" valign=\"top\">S\u0131v\u0131. Viskoz.<\/td>\n<\/tr>\n<tr>\n<th class=\"width-pc-30\" align=\"left\" valign=\"top\">Renk<\/th>\n<td class=\"width-pc-70\" align=\"left\" valign=\"top\">Berrak renksiz.<\/td>\n<\/tr>\n<tr>\n<th class=\"width-pc-30\" align=\"left\" valign=\"top\">Koku<\/th>\n<td class=\"width-pc-70\" align=\"left\" valign=\"top\">\u00a0Misk<\/td>\n<\/tr>\n<tr>\n<th class=\"width-pc-30\" align=\"left\" valign=\"top\">Erime noktas\u0131\/donma noktas\u0131<\/th>\n<td class=\"width-pc-70\" align=\"left\" valign=\"top\">&lt; -20 \u00b0C. Atm. bas\u0131nc\u0131:101 320 Pa.<\/td>\n<\/tr>\n<tr>\n<th class=\"width-pc-30\" align=\"left\" valign=\"top\">Kaynama noktas\u0131 veya ilk kaynama noktas\u0131 ve kaynama aral\u0131\u011f\u0131<\/th>\n<td class=\"width-pc-70\" align=\"left\" valign=\"top\">318 \u00b0C. Atm. bas\u0131nc\u0131:101 325 Pa.<\/td>\n<\/tr>\n<tr>\n<th class=\"width-pc-30\" align=\"left\" valign=\"top\">Yan\u0131c\u0131l\u0131k<\/th>\n<td class=\"width-pc-70\" align=\"left\" valign=\"top\">veri yok<\/td>\n<\/tr>\n<tr>\n<th class=\"width-pc-30\" align=\"left\" valign=\"top\">Alt ve \u00fcst patlama s\u0131n\u0131r\u0131\/yan\u0131c\u0131l\u0131k s\u0131n\u0131r\u0131<\/th>\n<td class=\"width-pc-70\" align=\"left\" valign=\"top\">veri yok<\/td>\n<\/tr>\n<tr>\n<th class=\"width-pc-30\" align=\"left\" valign=\"top\">alevlenme noktas\u0131<\/th>\n<td class=\"width-pc-70\" align=\"left\" valign=\"top\">144 \u00b0C. Atm. bas\u0131nc\u0131:102 800 Pa.<\/td>\n<\/tr>\n<tr>\n<th class=\"width-pc-30\" align=\"left\" valign=\"top\">Kendili\u011finden tutu\u015fma s\u0131cakl\u0131\u011f\u0131<\/th>\n<td class=\"width-pc-70\" align=\"left\" valign=\"top\">355 \u00b0C. Atm. bas\u0131nc\u0131: 1 011,3 \u2013 1 011,7 hPa. A\u00e7\u0131klamalar: Tutu\u015fman\u0131n meydana geldi\u011fi en d\u00fc\u015f\u00fck s\u0131cakl\u0131k 356 \u00b0C idi; bu s\u0131cakl\u0131k 5 \u00b0C&#039;nin en yak\u0131n kat\u0131na yuvarland\u0131.<\/td>\n<\/tr>\n<tr>\n<th class=\"width-pc-30\" align=\"left\" valign=\"top\">Ayr\u0131\u015fma s\u0131cakl\u0131\u011f\u0131<\/th>\n<td class=\"width-pc-70\" align=\"left\" valign=\"top\">veri yok<\/td>\n<\/tr>\n<tr>\n<th class=\"width-pc-30\" align=\"left\" valign=\"top\">pH<\/th>\n<td class=\"width-pc-70\" align=\"left\" valign=\"top\">veri yok<\/td>\n<\/tr>\n<tr>\n<th class=\"width-pc-30\" align=\"left\" valign=\"top\">Kinematik viskozite<\/th>\n<td class=\"width-pc-70\" align=\"left\" valign=\"top\">Dinamik viskozite (mPa s cinsinden) = 12 914. S\u0131cakl\u0131k: 20\u00b0C. A\u00e7\u0131klamalar: Test raporu 12915 c Poise olarak ifade edilmi\u015ftir.<\/td>\n<\/tr>\n<tr>\n<th class=\"width-pc-30\" align=\"left\" valign=\"top\">\u00c7\u00f6z\u00fcn\u00fcrl\u00fck<\/th>\n<td class=\"width-pc-70\" align=\"left\" valign=\"top\">Suda, 25 derece C&#039;de 1,75 mg\/L<\/td>\n<\/tr>\n<tr>\n<th class=\"width-pc-30\" align=\"left\" valign=\"top\">B\u00f6l\u00fc\u015f\u00fcm katsay\u0131s\u0131 n-oktanol\/su<\/th>\n<td class=\"width-pc-70\" align=\"left\" valign=\"top\">log Pow = 5.3. S\u0131cakl\u0131k: 25 \u00b0C.<\/td>\n<\/tr>\n<tr>\n<th class=\"width-pc-30\" align=\"left\" valign=\"top\">Buhar bas\u0131nc\u0131<\/th>\n<td class=\"width-pc-70\" align=\"left\" valign=\"top\">0,073 Pa. S\u0131cakl\u0131k: 25 \u00b0C. A\u00e7\u0131klamalar: Standart sapma 0,0123 Pa&#039;d\u0131r.<\/td>\n<\/tr>\n<tr>\n<th class=\"width-pc-30\" align=\"left\" valign=\"top\">Yo\u011funluk ve\/veya ba\u011f\u0131l yo\u011funluk<\/th>\n<td class=\"width-pc-70\" align=\"left\" valign=\"top\">0,99 \u2013 1,015 g\/cm\u00b3. S\u0131cakl\u0131k:20 \u00b0C.<\/td>\n<\/tr>\n<\/tbody>\n<\/table>\n<p><strong>Paketleme ve depolama<\/strong><\/p>\n<p>Kab\u0131 s\u0131k\u0131ca kapal\u0131 olarak kuru, serin ve iyi havaland\u0131r\u0131lan bir yerde saklay\u0131n. G\u0131da kaplar\u0131ndan veya uyumsuz malzemelerden ayr\u0131 saklay\u0131n.<\/p>","protected":false},"excerpt":{"rendered":"<p>\u00dcr\u00fcn ad\u0131: Galaxolide<br \/>\nCas no.: 1222-05-5<br \/>\nMF: C18H26O<br \/>\nG\u00f6r\u00fcn\u00fcm: Berrak renksiz Viskoz S\u0131v\u0131<\/p>\n<p>&nbsp;<\/p>","protected":false},"featured_media":2109,"template":"","meta":{"_acf_changed":false,"_gspb_post_css":""},"product_brand":[],"product_cat":[61],"product_tag":[],"class_list":{"0":"post-5227","1":"product","2":"type-product","3":"status-publish","4":"has-post-thumbnail","6":"product_cat-flavor-and-fragrance","8":"first","9":"instock","10":"shipping-taxable","11":"product-type-simple"},"acf":[],"_links":{"self":[{"href":"https:\/\/wpachem.com\/tr\/wp-json\/wp\/v2\/product\/5227","targetHints":{"allow":["GET"]}}],"collection":[{"href":"https:\/\/wpachem.com\/tr\/wp-json\/wp\/v2\/product"}],"about":[{"href":"https:\/\/wpachem.com\/tr\/wp-json\/wp\/v2\/types\/product"}],"version-history":[{"count":0,"href":"https:\/\/wpachem.com\/tr\/wp-json\/wp\/v2\/product\/5227\/revisions"}],"wp:featuredmedia":[{"embeddable":true,"href":"https:\/\/wpachem.com\/tr\/wp-json\/wp\/v2\/media\/2109"}],"wp:attachment":[{"href":"https:\/\/wpachem.com\/tr\/wp-json\/wp\/v2\/media?parent=5227"}],"wp:term":[{"taxonomy":"product_brand","embeddable":true,"href":"https:\/\/wpachem.com\/tr\/wp-json\/wp\/v2\/product_brand?post=5227"},{"taxonomy":"product_cat","embeddable":true,"href":"https:\/\/wpachem.com\/tr\/wp-json\/wp\/v2\/product_cat?post=5227"},{"taxonomy":"product_tag","embeddable":true,"href":"https:\/\/wpachem.com\/tr\/wp-json\/wp\/v2\/product_tag?post=5227"}],"curies":[{"name":"wp","href":"https:\/\/api.w.org\/{rel}","templated":true}]}}