{"id":5230,"date":"2023-11-24T08:16:58","date_gmt":"2023-11-24T08:16:58","guid":{"rendered":"https:\/\/wpachem.com\/?post_type=product&#038;p=5230"},"modified":"2023-11-24T08:16:58","modified_gmt":"2023-11-24T08:16:58","slug":"musk-ketone-cas-541-91-3","status":"publish","type":"product","link":"https:\/\/wpachem.com\/tr\/urun\/musk-ketone-cas-541-91-3\/","title":{"rendered":"Misk Keton CAS 541-91-3"},"content":{"rendered":"<p><strong>\u00d6zellik<\/strong><\/p>\n<ul class=\"list3\">\n<li>G\u00f6r\u00fcn\u00fcm: Renksiz ya\u011f.<\/li>\n<li>Koku: G\u00fc\u00e7l\u00fc yumu\u015fak, tatl\u0131 hayvansal misk<\/li>\n<li>Erime noktas\u0131\/donma noktas\u0131: -12 \u00b0C. A\u00e7\u0131klamalar: 261 \u00b1 -272.65\u00b0C.<\/li>\n<li>Kaynama noktas\u0131 veya ba\u015flang\u0131\u00e7 kaynama noktas\u0131 ve kaynama aral\u0131\u011f\u0131: 322 \u00b0C. Atm. bas\u0131nc\u0131:97.3 kPa. A\u00e7\u0131klamalar:321.85\u00b0C.<\/li>\n<li>Parlama noktas\u0131: 155 \u00b0C. Atm. bas\u0131nc\u0131: 101.325 kPa.<\/li>\n<li>Kendili\u011finden tutu\u015fma s\u0131cakl\u0131\u011f\u0131: 235 \u00b0C. Atmosfer bas\u0131nc\u0131: 999,4 \u2013 1 014,2 hPa.<\/li>\n<li>\u00c7\u00f6z\u00fcn\u00fcrl\u00fck: Kloroform, Metanol (Az miktarda)<\/li>\n<li>B\u00f6l\u00fc\u015f\u00fcm katsay\u0131s\u0131 n-oktanol\/su: log Pow = 6.06. S\u0131cakl\u0131k:25 \u00b0C.<\/li>\n<li>Buhar bas\u0131nc\u0131: 0,024 Pa. S\u0131cakl\u0131k: 20 \u00b0C. A\u00e7\u0131klamalar: Ekstrapolasyonlu.; 0,041 Pa. S\u0131cakl\u0131k: 25 \u00b0C. A\u00e7\u0131klamalar: Ekstrapolasyonlu.; 0,49 Pa. S\u0131cakl\u0131k: 50 \u00b0C. A\u00e7\u0131klamalar: \u0130nterpole edilmi\u015f.<\/li>\n<li>Yo\u011funluk ve\/veya ba\u011f\u0131l yo\u011funluk: 0,919. S\u0131cakl\u0131k: 20 \u00b0C.<\/li>\n<\/ul>\n<p><strong>Paketleme ve depolama<\/strong><\/p>\n<p>Kab\u0131 s\u0131k\u0131ca kapal\u0131 olarak kuru, serin ve iyi havaland\u0131r\u0131lan bir yerde saklay\u0131n. G\u0131da kaplar\u0131ndan veya uyumsuz malzemelerden ayr\u0131 saklay\u0131n.<\/p>","protected":false},"excerpt":{"rendered":"<p>\u00dcr\u00fcn ad\u0131: Misk Keton<br \/>\nKasa numaras\u0131: 541-91-3<br \/>\nMF: C16H30O<br \/>\nG\u00f6r\u00fcn\u00fcm: Renksiz ya\u011f<\/p>","protected":false},"featured_media":4816,"template":"","meta":{"_acf_changed":false,"_gspb_post_css":""},"product_brand":[],"product_cat":[61],"product_tag":[],"class_list":{"0":"post-5230","1":"product","2":"type-product","3":"status-publish","4":"has-post-thumbnail","6":"product_cat-flavor-and-fragrance","8":"first","9":"instock","10":"shipping-taxable","11":"product-type-simple"},"acf":[],"_links":{"self":[{"href":"https:\/\/wpachem.com\/tr\/wp-json\/wp\/v2\/product\/5230","targetHints":{"allow":["GET"]}}],"collection":[{"href":"https:\/\/wpachem.com\/tr\/wp-json\/wp\/v2\/product"}],"about":[{"href":"https:\/\/wpachem.com\/tr\/wp-json\/wp\/v2\/types\/product"}],"version-history":[{"count":0,"href":"https:\/\/wpachem.com\/tr\/wp-json\/wp\/v2\/product\/5230\/revisions"}],"wp:featuredmedia":[{"embeddable":true,"href":"https:\/\/wpachem.com\/tr\/wp-json\/wp\/v2\/media\/4816"}],"wp:attachment":[{"href":"https:\/\/wpachem.com\/tr\/wp-json\/wp\/v2\/media?parent=5230"}],"wp:term":[{"taxonomy":"product_brand","embeddable":true,"href":"https:\/\/wpachem.com\/tr\/wp-json\/wp\/v2\/product_brand?post=5230"},{"taxonomy":"product_cat","embeddable":true,"href":"https:\/\/wpachem.com\/tr\/wp-json\/wp\/v2\/product_cat?post=5230"},{"taxonomy":"product_tag","embeddable":true,"href":"https:\/\/wpachem.com\/tr\/wp-json\/wp\/v2\/product_tag?post=5230"}],"curies":[{"name":"wp","href":"https:\/\/api.w.org\/{rel}","templated":true}]}}