{"id":5232,"date":"2023-11-24T08:26:26","date_gmt":"2023-11-24T08:26:26","guid":{"rendered":"https:\/\/wpachem.com\/?post_type=product&#038;p=5232"},"modified":"2023-11-24T08:26:27","modified_gmt":"2023-11-24T08:26:27","slug":"furaneol-cas-3658-77-3","status":"publish","type":"product","link":"https:\/\/wpachem.com\/tr\/urun\/furaneol-cas-3658-77-3\/","title":{"rendered":"Furaneol CAS 3658-77-3"},"content":{"rendered":"<p><strong>\u00d6zellik<\/strong><\/p>\n<p>Beyazdan a\u00e7\u0131k sar\u0131ya kat\u0131. Erime noktas\u0131 78 ~ 80\u2103. Tatl\u0131, k\u0131zarm\u0131\u015f, ekmek, meyve ve karamel ile pi\u015firme aromalar\u0131. Etanolde \u00e7\u00f6z\u00fcn\u00fcr. Do\u011fal \u00fcr\u00fcnler taze ananas ve dana \u00e7orbas\u0131 gibi \u015feylerde bulunur.<\/p>\n<p><strong>Ba\u015fvuru<\/strong><\/p>\n<p>GB 2760\u20131996 yenilebilir baharatlar\u0131n izin verilen kullan\u0131m\u0131n\u0131 belirtir. F\u0131r\u0131nlanm\u0131\u015f \u00fcr\u00fcnler, ekmek, malt, esmer \u015feker, \u00e7ilek, re\u00e7el, karamel ve di\u011fer tatlar i\u00e7in kullan\u0131labilir.<\/p>\n<p><strong>Paketleme ve depolama<\/strong><\/p>\n<p>Kab\u0131 s\u0131k\u0131ca kapal\u0131 olarak kuru ve iyi havaland\u0131r\u0131lm\u0131\u015f bir yerde saklay\u0131n. \u00d6nerilen depolama s\u0131cakl\u0131\u011f\u0131 2 \u2013 8 derece C. \u0130nert gaz alt\u0131nda saklay\u0131n. Havaya duyarl\u0131. \u2026 Depolama s\u0131n\u0131f\u0131 (TRGS 510): Yanmayan Kat\u0131lar.<\/p>","protected":false},"excerpt":{"rendered":"<p>\u00dcr\u00fcn ad\u0131: Furaneol<br \/>\nKasa numaras\u0131: 3658-77-3<br \/>\nMF: C6H8O3<br \/>\nG\u00f6r\u00fcn\u00fcm: Beyaz ila a\u00e7\u0131k sar\u0131 kat\u0131<\/p>","protected":false},"featured_media":2096,"template":"","meta":{"_acf_changed":false,"_gspb_post_css":""},"product_brand":[],"product_cat":[61],"product_tag":[],"class_list":{"0":"post-5232","1":"product","2":"type-product","3":"status-publish","4":"has-post-thumbnail","6":"product_cat-flavor-and-fragrance","8":"first","9":"instock","10":"shipping-taxable","11":"product-type-simple"},"acf":[],"_links":{"self":[{"href":"https:\/\/wpachem.com\/tr\/wp-json\/wp\/v2\/product\/5232","targetHints":{"allow":["GET"]}}],"collection":[{"href":"https:\/\/wpachem.com\/tr\/wp-json\/wp\/v2\/product"}],"about":[{"href":"https:\/\/wpachem.com\/tr\/wp-json\/wp\/v2\/types\/product"}],"version-history":[{"count":0,"href":"https:\/\/wpachem.com\/tr\/wp-json\/wp\/v2\/product\/5232\/revisions"}],"wp:featuredmedia":[{"embeddable":true,"href":"https:\/\/wpachem.com\/tr\/wp-json\/wp\/v2\/media\/2096"}],"wp:attachment":[{"href":"https:\/\/wpachem.com\/tr\/wp-json\/wp\/v2\/media?parent=5232"}],"wp:term":[{"taxonomy":"product_brand","embeddable":true,"href":"https:\/\/wpachem.com\/tr\/wp-json\/wp\/v2\/product_brand?post=5232"},{"taxonomy":"product_cat","embeddable":true,"href":"https:\/\/wpachem.com\/tr\/wp-json\/wp\/v2\/product_cat?post=5232"},{"taxonomy":"product_tag","embeddable":true,"href":"https:\/\/wpachem.com\/tr\/wp-json\/wp\/v2\/product_tag?post=5232"}],"curies":[{"name":"wp","href":"https:\/\/api.w.org\/{rel}","templated":true}]}}