{"id":5234,"date":"2023-11-24T08:37:35","date_gmt":"2023-11-24T08:37:35","guid":{"rendered":"https:\/\/wpachem.com\/?post_type=product&#038;p=5234"},"modified":"2023-11-24T08:39:03","modified_gmt":"2023-11-24T08:39:03","slug":"citronellol-cas-106-22-9","status":"publish","type":"product","link":"https:\/\/wpachem.com\/tr\/urun\/citronellol-cas-106-22-9\/","title":{"rendered":"Sitronellol CAS 106-22-9"},"content":{"rendered":"<p><strong>\u00d6zellikler<\/strong><\/p>\n<ul class=\"list3\">\n<li>G\u00f6r\u00fcn\u00fcm: Berrak, neredeyse renksiz s\u0131v\u0131<\/li>\n<li>Koku: Taze g\u00fcl kokusu<\/li>\n<li>Erime noktas\u0131\/donma noktas\u0131: 158\u00b0C(dec.)(lit.)<\/li>\n<li>Kaynama noktas\u0131 veya ilk kaynama noktas\u0131 ve kaynama aral\u0131\u011f\u0131: 220\u00b0C<\/li>\n<li>Parlama noktas\u0131: 102\u00b0C(lit.)<\/li>\n<li>Kinematik viskozite: 20\u00b0C&#039;de 11,1 mPa s (dinamik); 40\u00b0C&#039;de 5,33 mPa s (dinamik)<\/li>\n<li>\u00c7\u00f6z\u00fcn\u00fcrl\u00fck: Suda, 25 derece C&#039;de 200 mg\/L<\/li>\n<li>B\u00f6l\u00fc\u015f\u00fcm katsay\u0131s\u0131 n-oktanol\/su: log Kow = 3,91<\/li>\n<li>Buhar bas\u0131nc\u0131: ~0,02 mm Hg ( 25 \u00b0C)<\/li>\n<li>Yo\u011funluk ve\/veya ba\u011f\u0131l yo\u011funluk: 0,854<\/li>\n<li>Ba\u011f\u0131l buhar yo\u011funlu\u011fu: 5.4 (havaya kar\u015f\u0131)<\/li>\n<\/ul>\n<p><strong>Ba\u015fvuru<\/strong><\/p>\n<p>Vanilya alkol\u00fc olarak da bilinen, \u03b2-erkek hemerokallis alkol\u00fc olarak da bilinen sitronellol, esas olarak g\u00fcl, limon otu, sardunya, okalipt\u00fcs, balsam ve di\u011fer u\u00e7ucu ya\u011flardan elde edilir, y\u00fcksek dereceli zencefil u\u00e7ucu ya\u011f\u0131nda da az miktarda sitronellol bulunur. Sitronellol, en basit monoterpen alkol t\u00fcr\u00fc olan asiklik bir monoterpen bile\u015fi\u011fidir. Chemicalbook, geraniolden daha zarif bir g\u00fcl aromas\u0131na sahip \u00e7e\u015fitli kokular ve parf\u00fcmler haz\u0131rlamak i\u00e7in kullan\u0131labilir. Ek olarak, sitronellol\u00fcn \u00e7e\u015fitli ila\u00e7 aktivitelerine sahip oldu\u011fu klinik olarak kan\u0131tlanm\u0131\u015ft\u0131r ve anti-inflamatuar, antikonv\u00fclsan, analjezik ve kolesterol d\u00fc\u015f\u00fcr\u00fcc\u00fc olarak kullan\u0131labilir. Sitronellol ayr\u0131ca bir\u00e7ok kiral bile\u015fi\u011fin toplam sentezinde \u00f6nemli bir ara maddedir.<\/p>\n<p><strong>Paketleme ve depolama<\/strong><\/p>\n<p>Kab\u0131 s\u0131k\u0131ca kapal\u0131 olarak, kuru ve iyi havaland\u0131r\u0131lan bir yerde saklay\u0131n\u0131z.<\/p>","protected":false},"excerpt":{"rendered":"<p>\u00dcr\u00fcn ad\u0131: Citronellol<br \/>\nKasa numaras\u0131: 106-22-9<br \/>\nMF: C10H18O<br \/>\nG\u00f6r\u00fcn\u00fcm: Berrak, neredeyse renksiz s\u0131v\u0131<\/p>","protected":false},"featured_media":4788,"template":"","meta":{"_acf_changed":false,"_gspb_post_css":""},"product_brand":[],"product_cat":[61],"product_tag":[],"class_list":{"0":"post-5234","1":"product","2":"type-product","3":"status-publish","4":"has-post-thumbnail","6":"product_cat-flavor-and-fragrance","8":"first","9":"instock","10":"shipping-taxable","11":"product-type-simple"},"acf":[],"_links":{"self":[{"href":"https:\/\/wpachem.com\/tr\/wp-json\/wp\/v2\/product\/5234","targetHints":{"allow":["GET"]}}],"collection":[{"href":"https:\/\/wpachem.com\/tr\/wp-json\/wp\/v2\/product"}],"about":[{"href":"https:\/\/wpachem.com\/tr\/wp-json\/wp\/v2\/types\/product"}],"version-history":[{"count":0,"href":"https:\/\/wpachem.com\/tr\/wp-json\/wp\/v2\/product\/5234\/revisions"}],"wp:featuredmedia":[{"embeddable":true,"href":"https:\/\/wpachem.com\/tr\/wp-json\/wp\/v2\/media\/4788"}],"wp:attachment":[{"href":"https:\/\/wpachem.com\/tr\/wp-json\/wp\/v2\/media?parent=5234"}],"wp:term":[{"taxonomy":"product_brand","embeddable":true,"href":"https:\/\/wpachem.com\/tr\/wp-json\/wp\/v2\/product_brand?post=5234"},{"taxonomy":"product_cat","embeddable":true,"href":"https:\/\/wpachem.com\/tr\/wp-json\/wp\/v2\/product_cat?post=5234"},{"taxonomy":"product_tag","embeddable":true,"href":"https:\/\/wpachem.com\/tr\/wp-json\/wp\/v2\/product_tag?post=5234"}],"curies":[{"name":"wp","href":"https:\/\/api.w.org\/{rel}","templated":true}]}}