{"id":5236,"date":"2023-11-24T08:50:35","date_gmt":"2023-11-24T08:50:35","guid":{"rendered":"https:\/\/wpachem.com\/?post_type=product&#038;p=5236"},"modified":"2023-11-24T08:50:35","modified_gmt":"2023-11-24T08:50:35","slug":"citronellal-cas-106-23-0","status":"publish","type":"product","link":"https:\/\/wpachem.com\/tr\/urun\/citronellal-cas-106-23-0\/","title":{"rendered":"Sitronelal CAS 106-23-0"},"content":{"rendered":"<p><strong>\u00d6zellik<\/strong><\/p>\n<ul class=\"list3\">\n<li>G\u00f6r\u00fcn\u00fcm: s\u0131v\u0131<\/li>\n<li>pH: 7 (H2O)<\/li>\n<li>Erime noktas\u0131\/donma noktas\u0131: -16\u00b0C (tahmini)<\/li>\n<li>Ba\u015flang\u0131\u00e7 kaynama noktas\u0131 ve kaynama aral\u0131\u011f\u0131: 207 \u00b0C \u2013 litre.<\/li>\n<li>Parlama noktas\u0131: 74 \u00b0C \u2013 kapal\u0131 kap<\/li>\n<li>\u00dcst\/alt yan\u0131c\u0131l\u0131k veya patlama limitleri: \u00dcst patlama limiti: 4,5 %(V) Alt patlama limiti: 1,2 %(V)<\/li>\n<li>Buhar bas\u0131nc\u0131: 20 \u00b0C&#039;de 0,16 hPa \u2013 OECD Test K\u0131lavuzu 104 25 \u00b0C&#039;de 0,26 hPa \u2013 OECD Test K\u0131lavuzu 104<\/li>\n<li>Ba\u011f\u0131l yo\u011funluk: 0,858 (20\/4\u2103)<\/li>\n<li>Su \u00e7\u00f6z\u00fcn\u00fcrl\u00fc\u011f\u00fc: 25 \u00b0C&#039;de 0,088 g\/l<\/li>\n<li>B\u00f6lme katsay\u0131s\u0131: n-oktanol\/su log Pow: 25 \u00b0C&#039;de 3,62 \u2013 OECD Test K\u0131lavuzu 107 \u2013 Biyoak\u00fcm\u00fclasyon beklenmez.<\/li>\n<li>Kendili\u011finden tutu\u015fma s\u0131cakl\u0131\u011f\u0131: 1,013 hPa&#039;da 202 \u00b0C<\/li>\n<li>Viskozite: Viskozite, kinematik: 20 \u00b0C&#039;de 1,82 mm2\/s<\/li>\n<\/ul>\n<p><strong>Ba\u015fvuru<\/strong><\/p>\n<p>G\u00fc\u00e7l\u00fc limon, citronella g\u00fcl\u00fc benzeri aromas\u0131 olan esans haz\u0131rlamak i\u00e7in kullan\u0131l\u0131r<\/p>\n<p><strong>Paketleme ve depolama<\/strong><\/p>\n<p>A\u00e7\u0131k alevden, s\u0131cak y\u00fczeylerden ve tutu\u015fturucu kaynaklardan uzak tutun. Statik de\u015farja kar\u015f\u0131 \u00f6nlem al\u0131n.<\/p>","protected":false},"excerpt":{"rendered":"<p>\u00dcr\u00fcn ad\u0131: Citronellal<br \/>\nCas no.: 106-23-0<br \/>\nMF: C9H8O<br \/>\nG\u00f6r\u00fcn\u00fcm: s\u0131v\u0131<\/p>","protected":false},"featured_media":4875,"template":"","meta":{"_acf_changed":false,"_gspb_post_css":""},"product_brand":[],"product_cat":[61],"product_tag":[],"class_list":{"0":"post-5236","1":"product","2":"type-product","3":"status-publish","4":"has-post-thumbnail","6":"product_cat-flavor-and-fragrance","8":"first","9":"instock","10":"shipping-taxable","11":"product-type-simple"},"acf":[],"_links":{"self":[{"href":"https:\/\/wpachem.com\/tr\/wp-json\/wp\/v2\/product\/5236","targetHints":{"allow":["GET"]}}],"collection":[{"href":"https:\/\/wpachem.com\/tr\/wp-json\/wp\/v2\/product"}],"about":[{"href":"https:\/\/wpachem.com\/tr\/wp-json\/wp\/v2\/types\/product"}],"version-history":[{"count":0,"href":"https:\/\/wpachem.com\/tr\/wp-json\/wp\/v2\/product\/5236\/revisions"}],"wp:featuredmedia":[{"embeddable":true,"href":"https:\/\/wpachem.com\/tr\/wp-json\/wp\/v2\/media\/4875"}],"wp:attachment":[{"href":"https:\/\/wpachem.com\/tr\/wp-json\/wp\/v2\/media?parent=5236"}],"wp:term":[{"taxonomy":"product_brand","embeddable":true,"href":"https:\/\/wpachem.com\/tr\/wp-json\/wp\/v2\/product_brand?post=5236"},{"taxonomy":"product_cat","embeddable":true,"href":"https:\/\/wpachem.com\/tr\/wp-json\/wp\/v2\/product_cat?post=5236"},{"taxonomy":"product_tag","embeddable":true,"href":"https:\/\/wpachem.com\/tr\/wp-json\/wp\/v2\/product_tag?post=5236"}],"curies":[{"name":"wp","href":"https:\/\/api.w.org\/{rel}","templated":true}]}}