{"id":5238,"date":"2023-11-24T08:57:48","date_gmt":"2023-11-24T08:57:48","guid":{"rendered":"https:\/\/wpachem.com\/?post_type=product&#038;p=5238"},"modified":"2023-11-24T08:57:48","modified_gmt":"2023-11-24T08:57:48","slug":"hedione-cas-24851-98-7","status":"publish","type":"product","link":"https:\/\/wpachem.com\/tr\/urun\/hedione-cas-24851-98-7\/","title":{"rendered":"Hedione CAS 24851-98-7"},"content":{"rendered":"<p><strong>\u00d6zellik<\/strong><\/p>\n<p>A\u00e7\u0131k \u00e7imen sar\u0131s\u0131 ila sar\u0131 \u015feffaf ya\u011fl\u0131 s\u0131v\u0131. Taze Riley kokuyor. Kaynama noktas\u0131 300\u2103, ba\u011f\u0131l yo\u011funluk (d421)0.9968, k\u0131r\u0131lma indisi (nD20)1.4583. Suda az \u00e7\u00f6z\u00fcn\u00fcr, etanol ve ya\u011fda \u00e7\u00f6z\u00fcn\u00fcr. Do\u011fal \u00fcr\u00fcnler yasemin ya\u011f\u0131nda vb. bulunur.<\/p>\n<p><strong>Ba\u015fvuru<\/strong><\/p>\n<p>Yapay yasemin ya\u011f\u0131, yasemin ve s\u00fcmb\u00fclteber baz\u0131 haz\u0131rlamak i\u00e7in kullan\u0131labilir. Vadi zamba\u011f\u0131 i\u00e7inde az miktarda kullan\u0131ld\u0131\u011f\u0131nda koyula\u015ft\u0131r\u0131r ve hafif bir yuvarlakl\u0131k verir. Ayr\u0131ca \u00e7i\u00e7eksiz d\u00fcz kalp orkide, oryantal tip, yeni kolonya tipinde de kullan\u0131l\u0131r ve etkisi \u00e7ok iyidir. Odun kokusuyla uyumlu olarak kullan\u0131labilir.<\/p>\n<p><strong>Paketleme ve depolama<\/strong><\/p>\n<p>Serin yerde saklay\u0131n. Kab\u0131 s\u0131k\u0131ca kapal\u0131 olarak kuru ve iyi havaland\u0131r\u0131lm\u0131\u015f bir yerde saklay\u0131n. A\u00e7\u0131lan kaplar dikkatlice tekrar kapat\u0131lmal\u0131 ve s\u0131z\u0131nt\u0131y\u0131 \u00f6nlemek i\u00e7in dik tutulmal\u0131d\u0131r.<\/p>","protected":false},"excerpt":{"rendered":"<p>\u00dcr\u00fcn ad\u0131: Hedione<br \/>\nKasa numaras\u0131: 24851-98-7<br \/>\nMF: C9H8O<br \/>\nG\u00f6r\u00fcn\u00fcm: A\u00e7\u0131k \u00e7imen sar\u0131s\u0131 ila sar\u0131 \u015feffaf ya\u011fl\u0131 s\u0131v\u0131<\/p>","protected":false},"featured_media":3322,"template":"","meta":{"_acf_changed":false,"_gspb_post_css":""},"product_brand":[],"product_cat":[61],"product_tag":[],"class_list":{"0":"post-5238","1":"product","2":"type-product","3":"status-publish","4":"has-post-thumbnail","6":"product_cat-flavor-and-fragrance","8":"first","9":"instock","10":"shipping-taxable","11":"product-type-simple"},"acf":[],"_links":{"self":[{"href":"https:\/\/wpachem.com\/tr\/wp-json\/wp\/v2\/product\/5238","targetHints":{"allow":["GET"]}}],"collection":[{"href":"https:\/\/wpachem.com\/tr\/wp-json\/wp\/v2\/product"}],"about":[{"href":"https:\/\/wpachem.com\/tr\/wp-json\/wp\/v2\/types\/product"}],"version-history":[{"count":0,"href":"https:\/\/wpachem.com\/tr\/wp-json\/wp\/v2\/product\/5238\/revisions"}],"wp:featuredmedia":[{"embeddable":true,"href":"https:\/\/wpachem.com\/tr\/wp-json\/wp\/v2\/media\/3322"}],"wp:attachment":[{"href":"https:\/\/wpachem.com\/tr\/wp-json\/wp\/v2\/media?parent=5238"}],"wp:term":[{"taxonomy":"product_brand","embeddable":true,"href":"https:\/\/wpachem.com\/tr\/wp-json\/wp\/v2\/product_brand?post=5238"},{"taxonomy":"product_cat","embeddable":true,"href":"https:\/\/wpachem.com\/tr\/wp-json\/wp\/v2\/product_cat?post=5238"},{"taxonomy":"product_tag","embeddable":true,"href":"https:\/\/wpachem.com\/tr\/wp-json\/wp\/v2\/product_tag?post=5238"}],"curies":[{"name":"wp","href":"https:\/\/api.w.org\/{rel}","templated":true}]}}