{"id":5240,"date":"2023-11-24T09:04:03","date_gmt":"2023-11-24T09:04:03","guid":{"rendered":"https:\/\/wpachem.com\/?post_type=product&#038;p=5240"},"modified":"2023-11-24T09:04:46","modified_gmt":"2023-11-24T09:04:46","slug":"helional-heliotropi-cas-1205-17-0","status":"publish","type":"product","link":"https:\/\/wpachem.com\/tr\/urun\/helional-heliotropi-cas-1205-17-0\/","title":{"rendered":"Helional\/Heliotropi CAS 1205-17-0"},"content":{"rendered":"<p><strong>\u00d6zellik<\/strong><\/p>\n<p>Bu, taze karpuz kokusu ve vadi leylak\u0131n\u0131n hafif leylak ve yasemin benzeri rezene aromas\u0131d\u0131r, yayg\u0131n olarak yasemin, tav\u015fan kula\u011f\u0131 ve di\u011fer \u00e7i\u00e7ek kokular\u0131n\u0131n, orman tipi, deniz meltemi tipi yeni lezzetlerin, kal\u0131c\u0131 kokular\u0131n haz\u0131rlanmas\u0131nda kullan\u0131l\u0131r.<\/p>\n<ul class=\"list3\">\n<li>Fiziksel hali: Hafif sar\u0131 s\u0131v\u0131. \u00c7i\u00e7eksi bir koku.<\/li>\n<li>Erime noktas\u0131\/donma noktas\u0131: 148\u00b0C(lit.)<\/li>\n<li>Kaynama noktas\u0131 veya ilk kaynama noktas\u0131 ve kaynama aral\u0131\u011f\u0131: 154\u00b0C\/6mmHg(lit.)<\/li>\n<li>Parlama noktas\u0131: 53\u00b0C(lit.)<\/li>\n<li>Buhar bas\u0131nc\u0131: 25\u00b0C&#039;de 0,0027mmHg<\/li>\n<li>Yo\u011funluk ve\/veya ba\u011f\u0131l yo\u011funluk : 1.162<\/li>\n<\/ul>\n<p><strong>Ba\u015fvuru<\/strong><\/p>\n<p>D\u00fcnyada yayg\u0131n olarak kullan\u0131lan, tav\u015fan kula\u011f\u0131 gibi hafif \u00e7i\u00e7eksi bir aromaya sahip bir baharatt\u0131r. Kozmetik ve sabun kokular\u0131n\u0131n form\u00fcl\u00fcnde miktar\u0131 20% i\u00e7indedir, miktar\u0131 b\u00fcy\u00fckt\u00fcr ve fiyat\u0131 y\u00fcksektir.<\/p>\n<p><strong>Paketleme ve depolama<\/strong><\/p>\n<p>Kab\u0131 s\u0131k\u0131ca kapal\u0131 olarak kuru, serin ve iyi havaland\u0131r\u0131lan bir yerde saklay\u0131n. G\u0131da kaplar\u0131ndan veya uyumsuz malzemelerden ayr\u0131 saklay\u0131n.<\/p>","protected":false},"excerpt":{"rendered":"<p>\u00dcr\u00fcn ad\u0131: Helional\/Heliotropi<br \/>\nKasa numaras\u0131: 1205-17-0<br \/>\nMF: 1205-17-0<br \/>\nG\u00f6r\u00fcn\u00fcm: Hafif sar\u0131 s\u0131v\u0131<\/p>","protected":false},"featured_media":4756,"template":"","meta":{"_acf_changed":false,"_gspb_post_css":""},"product_brand":[],"product_cat":[61],"product_tag":[],"class_list":{"0":"post-5240","1":"product","2":"type-product","3":"status-publish","4":"has-post-thumbnail","6":"product_cat-flavor-and-fragrance","8":"first","9":"instock","10":"shipping-taxable","11":"product-type-simple"},"acf":[],"_links":{"self":[{"href":"https:\/\/wpachem.com\/tr\/wp-json\/wp\/v2\/product\/5240","targetHints":{"allow":["GET"]}}],"collection":[{"href":"https:\/\/wpachem.com\/tr\/wp-json\/wp\/v2\/product"}],"about":[{"href":"https:\/\/wpachem.com\/tr\/wp-json\/wp\/v2\/types\/product"}],"version-history":[{"count":0,"href":"https:\/\/wpachem.com\/tr\/wp-json\/wp\/v2\/product\/5240\/revisions"}],"wp:featuredmedia":[{"embeddable":true,"href":"https:\/\/wpachem.com\/tr\/wp-json\/wp\/v2\/media\/4756"}],"wp:attachment":[{"href":"https:\/\/wpachem.com\/tr\/wp-json\/wp\/v2\/media?parent=5240"}],"wp:term":[{"taxonomy":"product_brand","embeddable":true,"href":"https:\/\/wpachem.com\/tr\/wp-json\/wp\/v2\/product_brand?post=5240"},{"taxonomy":"product_cat","embeddable":true,"href":"https:\/\/wpachem.com\/tr\/wp-json\/wp\/v2\/product_cat?post=5240"},{"taxonomy":"product_tag","embeddable":true,"href":"https:\/\/wpachem.com\/tr\/wp-json\/wp\/v2\/product_tag?post=5240"}],"curies":[{"name":"wp","href":"https:\/\/api.w.org\/{rel}","templated":true}]}}