{"id":5242,"date":"2023-11-24T09:32:15","date_gmt":"2023-11-24T09:32:15","guid":{"rendered":"https:\/\/wpachem.com\/?post_type=product&#038;p=5242"},"modified":"2023-11-24T09:32:15","modified_gmt":"2023-11-24T09:32:15","slug":"linalyl-acetate-cas-115-95-7","status":"publish","type":"product","link":"https:\/\/wpachem.com\/tr\/urun\/linalyl-acetate-cas-115-95-7\/","title":{"rendered":"Linalil asetat CAS 115-95-7"},"content":{"rendered":"<p><strong>\u00d6zellik<\/strong><\/p>\n<ul class=\"list3\">\n<li>G\u00f6r\u00fcn\u00fcm: Berrak renksiz s\u0131v\u0131<\/li>\n<li>Koku: \u2026\u00e7i\u00e7eksi-meyveli koku, bergamot an\u0131msat\u0131yor ve ayr\u0131ca biraz armut karakteri de var<\/li>\n<li>Erime noktas\u0131\/donma noktas\u0131: 71\u00b0C(lit.)<\/li>\n<li>Kaynama noktas\u0131 veya ilk kaynama noktas\u0131 ve kaynama aral\u0131\u011f\u0131: 220\u00b0C<\/li>\n<li>Yan\u0131c\u0131l\u0131k: Yan\u0131c\u0131d\u0131r.<\/li>\n<li>Parlama noktas\u0131: 85\u00b0C(lit.)<\/li>\n<li>Kendili\u011finden tutu\u015fma s\u0131cakl\u0131\u011f\u0131: 225\u00b0C<\/li>\n<li>Kinematik viskozite: 23\u00b0C&#039;de 2,4 mm2\/s<\/li>\n<li>\u00c7\u00f6z\u00fcn\u00fcrl\u00fck: Kloroform (Hafif), Metanol (Hafif)<\/li>\n<li>B\u00f6l\u00fc\u015f\u00fcm katsay\u0131s\u0131 n-oktanol\/su: log Kow = 3,93<\/li>\n<li>Buhar bas\u0131nc\u0131: 0,1 mm Hg ( 20 \u00b0C)<\/li>\n<li>Yo\u011funluk ve\/veya ba\u011f\u0131l yo\u011funluk: 0,901<\/li>\n<li>Ba\u011f\u0131l buhar yo\u011funlu\u011fu: 6,8 (havaya g\u00f6re)<\/li>\n<\/ul>\n<p><strong>Ba\u015fvuru<\/strong><\/p>\n<ol>\n<li>Parf\u00fcm, sa\u00e7 suyu, kozmetik ve sabun i\u00e7in uygundur. Bergamot, portakal yapra\u011f\u0131, lavanta, kar\u0131\u015f\u0131k lavanta ve di\u011fer kokular\u0131n haz\u0131rlanmas\u0131nda \u00f6nemli bir hammaddedir. Ayr\u0131ca yasemin, portakal \u00e7i\u00e7e\u011fi ve di\u011fer kokular\u0131n haz\u0131rlanmas\u0131nda temel kokulardan biridir. Meyve kokusunu art\u0131rmak i\u00e7in ylang ylang gibi tatl\u0131 ve taze \u00e7i\u00e7ek aromalar\u0131 i\u00e7in bir koordinasyon de\u011fi\u015ftirici olarak kullan\u0131l\u0131r. Ayr\u0131ca g\u0131da aromalar\u0131nda az miktarda kullan\u0131labilir.<\/li>\n<li>Ananas, bekta\u015fi \u00fcz\u00fcm\u00fc, narenciye, \u015feftali ve di\u011fer meyve aromalar\u0131n\u0131 haz\u0131rlamak i\u00e7in kullan\u0131labilir, miktar normal \u00fcretim ihtiya\u00e7lar\u0131na g\u00f6redir. Genellikle sak\u0131zda 13mg\/kg; \u015fekerlemede 11mg\/kg; unlu mamullerde 8,9mg\/kg; So\u011fuk i\u00e7eceklerde dozaj 3,8mg\/kg&#039;d\u0131r.<\/li>\n<li>Y\u00fcksek kaliteli parf\u00fcm ve tuvalet suyu kokular\u0131n\u0131n haz\u0131rlanmas\u0131 i\u00e7in<\/li>\n<\/ol>\n<p><strong>Paketleme ve depolama<\/strong><\/p>\n<p>Yang\u0131n s\u00f6nd\u00fcrmeden \u00e7\u0131kan at\u0131klar\u0131 tutmay\u0131 sa\u011flayacak tedbirler. Drenaj veya kanalizasyon eri\u015fimi olmayan bir alanda saklay\u0131n. Zemin boyunca havaland\u0131rma. Kab\u0131 s\u0131k\u0131ca kapal\u0131, kuru ve iyi havaland\u0131r\u0131lan bir yerde saklay\u0131n. \u00d6nerilen saklama s\u0131cakl\u0131\u011f\u0131 2-8 derece C.<\/p>","protected":false},"excerpt":{"rendered":"<p>\u00dcr\u00fcn ad\u0131: Linalil asetat<br \/>\nKasa numaras\u0131: 115-95-7<br \/>\nMF: C12H20O2<br \/>\nG\u00f6r\u00fcn\u00fcm: Berrak renksiz s\u0131v\u0131<\/p>","protected":false},"featured_media":4787,"template":"","meta":{"_acf_changed":false,"_gspb_post_css":""},"product_brand":[],"product_cat":[61],"product_tag":[],"class_list":{"0":"post-5242","1":"product","2":"type-product","3":"status-publish","4":"has-post-thumbnail","6":"product_cat-flavor-and-fragrance","8":"first","9":"instock","10":"shipping-taxable","11":"product-type-simple"},"acf":[],"_links":{"self":[{"href":"https:\/\/wpachem.com\/tr\/wp-json\/wp\/v2\/product\/5242","targetHints":{"allow":["GET"]}}],"collection":[{"href":"https:\/\/wpachem.com\/tr\/wp-json\/wp\/v2\/product"}],"about":[{"href":"https:\/\/wpachem.com\/tr\/wp-json\/wp\/v2\/types\/product"}],"version-history":[{"count":0,"href":"https:\/\/wpachem.com\/tr\/wp-json\/wp\/v2\/product\/5242\/revisions"}],"wp:featuredmedia":[{"embeddable":true,"href":"https:\/\/wpachem.com\/tr\/wp-json\/wp\/v2\/media\/4787"}],"wp:attachment":[{"href":"https:\/\/wpachem.com\/tr\/wp-json\/wp\/v2\/media?parent=5242"}],"wp:term":[{"taxonomy":"product_brand","embeddable":true,"href":"https:\/\/wpachem.com\/tr\/wp-json\/wp\/v2\/product_brand?post=5242"},{"taxonomy":"product_cat","embeddable":true,"href":"https:\/\/wpachem.com\/tr\/wp-json\/wp\/v2\/product_cat?post=5242"},{"taxonomy":"product_tag","embeddable":true,"href":"https:\/\/wpachem.com\/tr\/wp-json\/wp\/v2\/product_tag?post=5242"}],"curies":[{"name":"wp","href":"https:\/\/api.w.org\/{rel}","templated":true}]}}