{"id":5244,"date":"2023-11-24T09:41:19","date_gmt":"2023-11-24T09:41:19","guid":{"rendered":"https:\/\/wpachem.com\/?post_type=product&#038;p=5244"},"modified":"2023-11-24T09:41:19","modified_gmt":"2023-11-24T09:41:19","slug":"raspberry-ketone-cas-5471-51-2","status":"publish","type":"product","link":"https:\/\/wpachem.com\/tr\/urun\/raspberry-ketone-cas-5471-51-2\/","title":{"rendered":"Ahududu Ketonu CAS 5471-51-2"},"content":{"rendered":"<p><strong>\u00d6zellik<\/strong><\/p>\n<ul class=\"list3\">\n<li>G\u00f6r\u00fcn\u00fcm: a\u00e7\u0131k sar\u0131 kristal<\/li>\n<li>Erime noktas\u0131\/donma noktas\u0131Erime noktas\u0131\/aral\u0131\u011f\u0131: 81 \u2013 85 \u00b0C \u2013 lit.<\/li>\n<li>Ba\u015flang\u0131\u00e7 kaynama noktas\u0131 ve kaynama aral\u0131\u011f\u0131: 292 \u00b0C<\/li>\n<li>Su \u00e7\u00f6z\u00fcn\u00fcrl\u00fc\u011f\u00fc95% etanol: \u00e7\u00f6z\u00fcn\u00fcr 50 mg\/mL, berrak ila hafif bulan\u0131k, renksiz ila soluk sar\u0131 veya ten rengi<\/li>\n<\/ul>\n<p><strong>Ba\u015fvuru<\/strong><\/p>\n<ol>\n<li>G\u0131da baharatlar\u0131n\u0131n haz\u0131rlanmas\u0131nda kullan\u0131l\u0131r, aroma ve tatl\u0131l\u0131k art\u0131r\u0131c\u0131 etkisi vard\u0131r, ayr\u0131ca kozmetik ve sabun aromalar\u0131nda da kullan\u0131labilir.<\/li>\n<li>\u00c7ilek, ahududu, ananas, \u015feftali ve di\u011fer yenilebilir tatlarda yayg\u0131n olarak kullan\u0131l\u0131r, genellikle meyveli tatta sabitleyici madde olarak kullan\u0131l\u0131r. G\u00fcnl\u00fck kimyasal tatta yasemin, \u00e7i\u00e7ek, s\u00fcmb\u00fclteber ve di\u011fer form\u00fclasyonlarda kullan\u0131labilir. De\u011fi\u015ftirici olarak yasemin, gardenya, s\u00fcmb\u00fclteber ve di\u011fer \u00e7i\u00e7ek kokulu g\u00fcnl\u00fck tatlarda kullan\u0131l\u0131r. G\u0131da tatlar\u0131nda \u00e7ilek, ananas, \u015feftali, erik, as\u0131l\u0131 bal\u0131k ve di\u011fer tatlarda kullan\u0131l\u0131r.<\/li>\n<li>Bir de\u011fi\u015ftirici olarak, yasemin ve s\u00fcmb\u00fclteber gibi g\u00fcnl\u00fck baharatlarda kullan\u0131l\u0131r ve yenilebilir baharatlarda, \u00e7o\u011funlukla \u00e7ilek, ananas, \u015feftali ve erik gibi baharatlarda kullan\u0131l\u0131r. T\u0131pta Lankdot kaps\u00fcllenmi\u015f amin ara maddesi vb. olarak kullan\u0131l\u0131r.<\/li>\n<\/ol>\n<p><strong>Paketleme ve Depolama<\/strong><\/p>\n<p>Serin yerde saklay\u0131n\u0131z. Kab\u0131 s\u0131k\u0131ca kapal\u0131 olarak kuru ve iyi havaland\u0131r\u0131lm\u0131\u015f bir yerde muhafaza ediniz.<\/p>","protected":false},"excerpt":{"rendered":"<p>\u00dcr\u00fcn ad\u0131: Raspberry Ketone<br \/>\nKasa numaras\u0131: 5471-51-2<br \/>\nMF: C10H12O2<br \/>\nG\u00f6r\u00fcn\u00fcm: a\u00e7\u0131k sar\u0131 kristal<\/p>","protected":false},"featured_media":4816,"template":"","meta":{"_acf_changed":false,"_gspb_post_css":""},"product_brand":[],"product_cat":[61],"product_tag":[],"class_list":{"0":"post-5244","1":"product","2":"type-product","3":"status-publish","4":"has-post-thumbnail","6":"product_cat-flavor-and-fragrance","8":"first","9":"instock","10":"shipping-taxable","11":"product-type-simple"},"acf":[],"_links":{"self":[{"href":"https:\/\/wpachem.com\/tr\/wp-json\/wp\/v2\/product\/5244","targetHints":{"allow":["GET"]}}],"collection":[{"href":"https:\/\/wpachem.com\/tr\/wp-json\/wp\/v2\/product"}],"about":[{"href":"https:\/\/wpachem.com\/tr\/wp-json\/wp\/v2\/types\/product"}],"version-history":[{"count":0,"href":"https:\/\/wpachem.com\/tr\/wp-json\/wp\/v2\/product\/5244\/revisions"}],"wp:featuredmedia":[{"embeddable":true,"href":"https:\/\/wpachem.com\/tr\/wp-json\/wp\/v2\/media\/4816"}],"wp:attachment":[{"href":"https:\/\/wpachem.com\/tr\/wp-json\/wp\/v2\/media?parent=5244"}],"wp:term":[{"taxonomy":"product_brand","embeddable":true,"href":"https:\/\/wpachem.com\/tr\/wp-json\/wp\/v2\/product_brand?post=5244"},{"taxonomy":"product_cat","embeddable":true,"href":"https:\/\/wpachem.com\/tr\/wp-json\/wp\/v2\/product_cat?post=5244"},{"taxonomy":"product_tag","embeddable":true,"href":"https:\/\/wpachem.com\/tr\/wp-json\/wp\/v2\/product_tag?post=5244"}],"curies":[{"name":"wp","href":"https:\/\/api.w.org\/{rel}","templated":true}]}}