{"id":5247,"date":"2023-11-24T09:50:26","date_gmt":"2023-11-24T09:50:26","guid":{"rendered":"https:\/\/wpachem.com\/?post_type=product&#038;p=5247"},"modified":"2023-12-06T05:49:11","modified_gmt":"2023-12-06T05:49:11","slug":"__trashed","status":"publish","type":"product","link":"https:\/\/wpachem.com\/tr\/urun\/__trashed\/","title":{"rendered":"Ambroksan CAS 6790-58-5"},"content":{"rendered":"<p><strong>\u00d6zellik<\/strong><\/p>\n<ul class=\"list3\">\n<li>G\u00f6r\u00fcn\u00fcm: beyaz kristal<\/li>\n<li>Erime noktas\u0131\/donma noktas\u0131Erime noktas\u0131\/aral\u0131\u011f\u0131: 74 \u2013 76 \u00b0C \u2013 litre<\/li>\n<li>Ba\u015flang\u0131\u00e7 kaynama noktas\u0131 ve kaynama aral\u0131\u011f\u0131: 273,9\u00b18,0 \u00b0C (Tahmini)<\/li>\n<\/ul>\n<p><strong>Ba\u015fvuru<\/strong><\/p>\n<p>Norambergris eter g\u00fc\u00e7l\u00fc, belirli bir amber aromas\u0131na sahiptir. Y\u00fcksek kaliteli parf\u00fcm ve kozmetik aromalar\u0131nda kullan\u0131l\u0131r, \u00e7\u00fcnk\u00fc insan v\u00fccuduna herhangi bir uyar\u0131m yapmaz ve hayvanlara kar\u015f\u0131 alerjik reaksiyon g\u00f6stermez, cilt, sa\u00e7 ve kuma\u015f aromas\u0131 i\u00e7in \u00e7ok uygundur. Genellikle sabun, talk pudras\u0131, krem ve \u015fampuanda koku eklemek ve kokuyu sabitlemek i\u00e7in kullan\u0131l\u0131r. Genel dozaj 0.1-0.2%&#039;dir. Aromas\u0131 ola\u011fan\u00fcst\u00fc olmayan taze dam\u0131t\u0131lm\u0131\u015f saf \u00fcr\u00fcnler, alkol ile 10%&#039;ye seyreltildi\u011finde ve bir s\u00fcre havaya maruz b\u0131rak\u0131ld\u0131\u011f\u0131nda aroma daha yumu\u015fak ve olgun hale gelecektir. \u00dcr\u00fcn\u00fcn etkisi \u00e7ok ola\u011fan\u00fcst\u00fcd\u00fcr, \u00f6z\u00fcn yay\u0131lmas\u0131n\u0131 b\u00fcy\u00fck \u00f6l\u00e7\u00fcde iyile\u015ftirebilir, kokunun ba\u015flang\u0131c\u0131ndan itibaren etkiyi art\u0131rabilir ve art\u0131rabilir. Ambergris hammaddelerinin sigarada uygulanmas\u0131, aromal\u0131 sigaralar\u0131n temel aroma bile\u015fenleridir ve ambergris, kar\u0131\u015f\u0131k sigaralar\u0131n duman\u0131na \u00f6nemli bir katk\u0131s\u0131 olan \u00f6zellikle belirgin bir aromad\u0131r. Normouthiol ayr\u0131ca, bacada k\u00fcrlenmi\u015f sigara ve parf\u00fcm end\u00fcstrilerinde yayg\u0131n olarak kullan\u0131lmaktad\u0131r. Sigara end\u00fcstrisinde aroma katmak, t\u00fct\u00fcn\u00fcn karakteristik aromas\u0131na uyum sa\u011flamak ve safs\u0131zl\u0131klar\u0131 \u00f6rtmek i\u00e7in kullan\u0131l\u0131r, az miktarda kullan\u0131lsa bile t\u00fct\u00fcn\u00fcn lezzet kalitesini art\u0131rabilir, \u00f6zellikle kar\u0131\u015f\u0131k sigaralara aroma katmak ve Oryantal t\u00fct\u00fcn\u00fcn lezzetini art\u0131rmak i\u00e7in uygundur.<\/p>\n<p><strong>Paketleme ve depolama<\/strong><\/p>\n<p>Serin yerde saklay\u0131n\u0131z. Kab\u0131 s\u0131k\u0131ca kapal\u0131 olarak kuru ve iyi havaland\u0131r\u0131lm\u0131\u015f bir yerde muhafaza ediniz.<\/p>","protected":false},"excerpt":{"rendered":"<p>\u00dcr\u00fcn ad\u0131: Ambroksan<br \/>\nKasa numaras\u0131: 6790-58-5<br \/>\nMF: C16H28O<br \/>\nG\u00f6r\u00fcn\u00fcm: beyaz kristal<\/p>","protected":false},"featured_media":4787,"template":"","meta":{"_acf_changed":false,"_gspb_post_css":""},"product_brand":[],"product_cat":[61],"product_tag":[],"class_list":{"0":"post-5247","1":"product","2":"type-product","3":"status-publish","4":"has-post-thumbnail","6":"product_cat-flavor-and-fragrance","8":"first","9":"instock","10":"shipping-taxable","11":"product-type-simple"},"acf":[],"_links":{"self":[{"href":"https:\/\/wpachem.com\/tr\/wp-json\/wp\/v2\/product\/5247","targetHints":{"allow":["GET"]}}],"collection":[{"href":"https:\/\/wpachem.com\/tr\/wp-json\/wp\/v2\/product"}],"about":[{"href":"https:\/\/wpachem.com\/tr\/wp-json\/wp\/v2\/types\/product"}],"version-history":[{"count":0,"href":"https:\/\/wpachem.com\/tr\/wp-json\/wp\/v2\/product\/5247\/revisions"}],"wp:featuredmedia":[{"embeddable":true,"href":"https:\/\/wpachem.com\/tr\/wp-json\/wp\/v2\/media\/4787"}],"wp:attachment":[{"href":"https:\/\/wpachem.com\/tr\/wp-json\/wp\/v2\/media?parent=5247"}],"wp:term":[{"taxonomy":"product_brand","embeddable":true,"href":"https:\/\/wpachem.com\/tr\/wp-json\/wp\/v2\/product_brand?post=5247"},{"taxonomy":"product_cat","embeddable":true,"href":"https:\/\/wpachem.com\/tr\/wp-json\/wp\/v2\/product_cat?post=5247"},{"taxonomy":"product_tag","embeddable":true,"href":"https:\/\/wpachem.com\/tr\/wp-json\/wp\/v2\/product_tag?post=5247"}],"curies":[{"name":"wp","href":"https:\/\/api.w.org\/{rel}","templated":true}]}}