{"id":5374,"date":"2023-12-01T07:52:38","date_gmt":"2023-12-01T07:52:38","guid":{"rendered":"https:\/\/wpachem.com\/?post_type=product&#038;p=5374"},"modified":"2023-12-01T08:17:54","modified_gmt":"2023-12-01T08:17:54","slug":"coumarin-cas-91-64-5","status":"publish","type":"product","link":"https:\/\/wpachem.com\/tr\/urun\/coumarin-cas-91-64-5\/","title":{"rendered":"Kumarin CAS 91-64-5"},"content":{"rendered":"<p><strong>\u00d6zellik<\/strong><\/p>\n<p>S\u00fcblimasyonlu beyaz kristal, limon otu aromal\u0131 ve hafif t\u0131bbi aromal\u0131. So\u011fuk suda \u00e7\u00f6z\u00fcnmez, s\u0131cak suda, etanol, eter, kloroformda \u00e7\u00f6z\u00fcn\u00fcr.<\/p>\n<p><strong>Uygulamalar<\/strong><\/p>\n<p>1. Kumarin, s\u0131kl\u0131kla bir sabitleme maddesi olarak kullan\u0131lan \u00f6nemli bir baharatt\u0131r. Parf\u00fcm ve tuvalet suyu \u00f6z\u00fc haz\u0131rlamak i\u00e7in kullan\u0131l\u0131r ve ayr\u0131ca sigara, kau\u00e7uk \u00fcr\u00fcnleri, plastik \u00fcr\u00fcnler vb. i\u00e7in bir koku verici olarak kullan\u0131l\u0131r. Almanya&#039;da kumarin, t\u00fct\u00fcn katk\u0131 maddesi olarak yasaklanm\u0131\u015ft\u0131r.<\/p>\n<p>2. Kokular\u0131n \u00fcretiminde, sabitleme maddesi olarak ve ayr\u0131ca elektrokaplama end\u00fcstrisinde kullan\u0131l\u0131r.<\/p>\n<p>3. Floresan indikat\u00f6r\u00fc olarak kullan\u0131l\u0131r.<\/p>\n<p><strong>Paketleme ve Depolama<\/strong><\/p>\n<p>A\u00e7\u0131k alev YOK. \u0130yi havaland\u0131r\u0131lm\u0131\u015f bir yerde elle\u00e7leyin. Uygun koruyucu giysiler giyin. Cilt ve g\u00f6zlerle temas\u0131ndan ka\u00e7\u0131n\u0131n. Toz ve aerosol olu\u015fumundan ka\u00e7\u0131n\u0131n. K\u0131v\u0131lc\u0131m \u00e7\u0131karmayan aletler kullan\u0131n. Elektrostatik de\u015farj buhar\u0131n\u0131n neden oldu\u011fu yang\u0131n\u0131 \u00f6nleyin. G\u0131da ve yemlerden ayr\u0131.<\/p>\n<p>&nbsp;<\/p>","protected":false},"excerpt":{"rendered":"<p>\u00dcr\u00fcn ad\u0131: Kumarin<br \/>\nKasa numaras\u0131: 91-64-5<br \/>\nMF: C9H6O2<br \/>\nG\u00f6r\u00fcn\u00fcm: Beyaz kristal<\/p>","protected":false},"featured_media":4797,"template":"","meta":{"_acf_changed":false,"_gspb_post_css":""},"product_brand":[],"product_cat":[61],"product_tag":[],"class_list":{"0":"post-5374","1":"product","2":"type-product","3":"status-publish","4":"has-post-thumbnail","6":"product_cat-flavor-and-fragrance","8":"first","9":"instock","10":"shipping-taxable","11":"product-type-simple"},"acf":[],"_links":{"self":[{"href":"https:\/\/wpachem.com\/tr\/wp-json\/wp\/v2\/product\/5374","targetHints":{"allow":["GET"]}}],"collection":[{"href":"https:\/\/wpachem.com\/tr\/wp-json\/wp\/v2\/product"}],"about":[{"href":"https:\/\/wpachem.com\/tr\/wp-json\/wp\/v2\/types\/product"}],"version-history":[{"count":0,"href":"https:\/\/wpachem.com\/tr\/wp-json\/wp\/v2\/product\/5374\/revisions"}],"wp:featuredmedia":[{"embeddable":true,"href":"https:\/\/wpachem.com\/tr\/wp-json\/wp\/v2\/media\/4797"}],"wp:attachment":[{"href":"https:\/\/wpachem.com\/tr\/wp-json\/wp\/v2\/media?parent=5374"}],"wp:term":[{"taxonomy":"product_brand","embeddable":true,"href":"https:\/\/wpachem.com\/tr\/wp-json\/wp\/v2\/product_brand?post=5374"},{"taxonomy":"product_cat","embeddable":true,"href":"https:\/\/wpachem.com\/tr\/wp-json\/wp\/v2\/product_cat?post=5374"},{"taxonomy":"product_tag","embeddable":true,"href":"https:\/\/wpachem.com\/tr\/wp-json\/wp\/v2\/product_tag?post=5374"}],"curies":[{"name":"wp","href":"https:\/\/api.w.org\/{rel}","templated":true}]}}