{"id":5381,"date":"2023-12-01T08:27:30","date_gmt":"2023-12-01T08:27:30","guid":{"rendered":"https:\/\/wpachem.com\/?post_type=product&#038;p=5381"},"modified":"2023-12-01T08:27:31","modified_gmt":"2023-12-01T08:27:31","slug":"civetone-cas-542-46-1","status":"publish","type":"product","link":"https:\/\/wpachem.com\/tr\/urun\/civetone-cas-542-46-1\/","title":{"rendered":"Siveton CAS 542-46-1"},"content":{"rendered":"<p><strong>\u00d6zellik<\/strong><\/p>\n<p>Beyaz veya renksiz kristal. Kaynama noktas\u0131 344\u2103, erime noktas\u0131 &gt;31\u2103, ba\u011f\u0131l yo\u011funluk 0.9135-0.9200, k\u0131r\u0131lma indisi 1.482-1.483, 95% etanol ve ya\u011fda \u00e7\u00f6z\u00fcn\u00fcr. Hayvansal aroma, s\u0131cak tatl\u0131 misk kedisi, hafif misk aromas\u0131, son derece g\u00fc\u00e7l\u00fc, yay\u0131labilir, son derece uzun \u00f6m\u00fcrl\u00fc.<\/p>\n<p><strong>Ba\u015fvuru<\/strong><\/p>\n<ol>\n<li>Sade orkide \u00f6z\u00fc, Oryantal aroma, narenciye kolonyas\u0131 ve yasemin, alba, nergis, g\u00fcl vb. gibi bir\u00e7ok \u00e7i\u00e7ek aromas\u0131n\u0131n \u00f6z\u00fcnde \u00e7ok faydal\u0131 bir sabitleyici madde olarak kullan\u0131l\u0131r. Chemicalbook \u00e7i\u00e7eksi, aldehit, sade kalp orkide, Oryantal ve hayvansal aromalarla iyi koordine edilebilir. Yapay misk kedisi kokusunun haz\u0131rlanmas\u0131 i\u00e7in vazge\u00e7ilmez bir baharatt\u0131r ve genel dozaj\u0131 1%-2%&#039;dir.<\/li>\n<li>Misk yerine kullan\u0131l\u0131r. Aromay\u0131 sabitlemek i\u00e7in g\u00fc\u00e7l\u00fc bir yetene\u011fe sahiptir ve s\u0131kl\u0131kla sabitleme maddesi olarak kullan\u0131l\u0131r. Y\u00fcksek kaliteli kokular\u0131n harmanlanmas\u0131 i\u00e7in parf\u00fcmlerdeki miktar 0.04-0.4%, balzamlar ve losyonlardaki miktar 0.003-0.02%&#039;dir.<\/li>\n<\/ol>\n<p><strong>Paketleme ve Depolama<\/strong><\/p>\n<p>Kab\u0131 s\u0131k\u0131ca kapal\u0131 olarak kuru, serin ve iyi havaland\u0131r\u0131lan bir yerde saklay\u0131n. G\u0131da kaplar\u0131ndan veya uyumsuz malzemelerden ayr\u0131 saklay\u0131n.<\/p>","protected":false},"excerpt":{"rendered":"<p>\u00dcr\u00fcn ad\u0131: Civetone<br \/>\nKasa numaras\u0131: 542-46-1<br \/>\nMF: C17H30O<br \/>\nG\u00f6r\u00fcn\u00fcm: Beyaz veya renksiz kristal<\/p>","protected":false},"featured_media":4759,"template":"","meta":{"_acf_changed":false,"_gspb_post_css":""},"product_brand":[],"product_cat":[61],"product_tag":[],"class_list":{"0":"post-5381","1":"product","2":"type-product","3":"status-publish","4":"has-post-thumbnail","6":"product_cat-flavor-and-fragrance","8":"first","9":"instock","10":"shipping-taxable","11":"product-type-simple"},"acf":[],"_links":{"self":[{"href":"https:\/\/wpachem.com\/tr\/wp-json\/wp\/v2\/product\/5381","targetHints":{"allow":["GET"]}}],"collection":[{"href":"https:\/\/wpachem.com\/tr\/wp-json\/wp\/v2\/product"}],"about":[{"href":"https:\/\/wpachem.com\/tr\/wp-json\/wp\/v2\/types\/product"}],"version-history":[{"count":0,"href":"https:\/\/wpachem.com\/tr\/wp-json\/wp\/v2\/product\/5381\/revisions"}],"wp:featuredmedia":[{"embeddable":true,"href":"https:\/\/wpachem.com\/tr\/wp-json\/wp\/v2\/media\/4759"}],"wp:attachment":[{"href":"https:\/\/wpachem.com\/tr\/wp-json\/wp\/v2\/media?parent=5381"}],"wp:term":[{"taxonomy":"product_brand","embeddable":true,"href":"https:\/\/wpachem.com\/tr\/wp-json\/wp\/v2\/product_brand?post=5381"},{"taxonomy":"product_cat","embeddable":true,"href":"https:\/\/wpachem.com\/tr\/wp-json\/wp\/v2\/product_cat?post=5381"},{"taxonomy":"product_tag","embeddable":true,"href":"https:\/\/wpachem.com\/tr\/wp-json\/wp\/v2\/product_tag?post=5381"}],"curies":[{"name":"wp","href":"https:\/\/api.w.org\/{rel}","templated":true}]}}