{"id":5383,"date":"2023-12-01T08:34:33","date_gmt":"2023-12-01T08:34:33","guid":{"rendered":"https:\/\/wpachem.com\/?post_type=product&#038;p=5383"},"modified":"2023-12-01T08:34:33","modified_gmt":"2023-12-01T08:34:33","slug":"borneol-cas-76-49-3","status":"publish","type":"product","link":"https:\/\/wpachem.com\/tr\/urun\/borneol-cas-76-49-3\/","title":{"rendered":"Borneol CAS 76-49-3"},"content":{"rendered":"<p><strong>\u00d6zellik<\/strong><\/p>\n<p>Borneol renksiz veya beyaz \u015feffaf pulsu k\u0131r\u0131lgan bir kristal veya kristal toz ve bloktur. Etanol, kloroform, benzinde \u00e7\u00f6z\u00fcn\u00fcr, suda neredeyse \u00e7\u00f6z\u00fcnmez.<\/p>\n<p>\u00c7am, kafur ve nane aromas\u0131na sahiptir. Is\u0131 ile s\u00fcblimle\u015febilir ve yanma hissi ile oda s\u0131cakl\u0131\u011f\u0131nda yava\u015f\u00e7a buharla\u015fabilir. Erime noktas\u0131 208 \u00b0C ve kaynama noktas\u0131 212 \u00b0C&#039;dir.<\/p>\n<p><strong>Ba\u015fvuru<\/strong><\/p>\n<ol>\n<li>Yenilebilir baharatlar. Genellikle nane, beyaz limon ve f\u0131nd\u0131k aromas\u0131 haz\u0131rlamak i\u00e7in kullan\u0131l\u0131r. \u0130la\u00e7 end\u00fcstrisinde yayg\u0131n olarak kullan\u0131l\u0131r.<\/li>\n<li>Biyokimyasal bir reaktif olarak ila\u00e7 end\u00fcstrisinde de kullan\u0131l\u0131r<\/li>\n<li>Biberiye, lavanta ve di\u011fer kokular\u0131n haz\u0131rlanmas\u0131nda yayg\u0131n olarak kullan\u0131l\u0131r.<\/li>\n<\/ol>\n<p><strong>Paketleme ve Depolama<\/strong><\/p>\n<p>Kab\u0131 s\u0131k\u0131ca kapal\u0131 olarak kuru, serin ve iyi havaland\u0131r\u0131lan bir yerde saklay\u0131n. G\u0131da kaplar\u0131ndan veya uyumsuz malzemelerden ayr\u0131 saklay\u0131n.<\/p>","protected":false},"excerpt":{"rendered":"<p>\u00dcr\u00fcn ad\u0131: Borneol<br \/>\nKasa numaras\u0131: 76-49-3<br \/>\nMF: C10H18O<br \/>\nG\u00f6r\u00fcn\u00fcm: Renksiz veya beyaz \u015feffaf, pul \u015feklinde k\u0131r\u0131lgan kristal veya kristal toz ve blok.<\/p>","protected":false},"featured_media":4674,"template":"","meta":{"_acf_changed":false,"_gspb_post_css":""},"product_brand":[],"product_cat":[61],"product_tag":[],"class_list":{"0":"post-5383","1":"product","2":"type-product","3":"status-publish","4":"has-post-thumbnail","6":"product_cat-flavor-and-fragrance","8":"first","9":"instock","10":"shipping-taxable","11":"product-type-simple"},"acf":[],"_links":{"self":[{"href":"https:\/\/wpachem.com\/tr\/wp-json\/wp\/v2\/product\/5383","targetHints":{"allow":["GET"]}}],"collection":[{"href":"https:\/\/wpachem.com\/tr\/wp-json\/wp\/v2\/product"}],"about":[{"href":"https:\/\/wpachem.com\/tr\/wp-json\/wp\/v2\/types\/product"}],"version-history":[{"count":0,"href":"https:\/\/wpachem.com\/tr\/wp-json\/wp\/v2\/product\/5383\/revisions"}],"wp:featuredmedia":[{"embeddable":true,"href":"https:\/\/wpachem.com\/tr\/wp-json\/wp\/v2\/media\/4674"}],"wp:attachment":[{"href":"https:\/\/wpachem.com\/tr\/wp-json\/wp\/v2\/media?parent=5383"}],"wp:term":[{"taxonomy":"product_brand","embeddable":true,"href":"https:\/\/wpachem.com\/tr\/wp-json\/wp\/v2\/product_brand?post=5383"},{"taxonomy":"product_cat","embeddable":true,"href":"https:\/\/wpachem.com\/tr\/wp-json\/wp\/v2\/product_cat?post=5383"},{"taxonomy":"product_tag","embeddable":true,"href":"https:\/\/wpachem.com\/tr\/wp-json\/wp\/v2\/product_tag?post=5383"}],"curies":[{"name":"wp","href":"https:\/\/api.w.org\/{rel}","templated":true}]}}