{"id":5388,"date":"2023-12-01T09:07:26","date_gmt":"2023-12-01T09:07:26","guid":{"rendered":"https:\/\/wpachem.com\/?post_type=product&#038;p=5388"},"modified":"2023-12-01T09:07:26","modified_gmt":"2023-12-01T09:07:26","slug":"cineole-cas-406-67-7","status":"publish","type":"product","link":"https:\/\/wpachem.com\/tr\/urun\/cineole-cas-406-67-7\/","title":{"rendered":"Sinema CAS 406-67-7"},"content":{"rendered":"<p><strong>\u00d6zellik<\/strong><\/p>\n<p>Cineole, bisiklik bir monoterpen bile\u015fi\u011fidir. Esas olarak Okalipt\u00fcs, Lauraceae ve ada\u00e7ay\u0131, lavanta, kekik, Biberiye ve labiaceae familyas\u0131ndaki di\u011fer bitkilerde bulunur. Son y\u0131llarda, bir\u00e7ok bitki endofitik mantar\u0131nda da bulunmu\u015ftur.<\/p>\n<p><strong>Ba\u015fvuru<\/strong><\/p>\n<p>Kovucu, antibakteriyel ve anti-inflamatuar gibi bir\u00e7ok farmakolojik aktiviteye sahiptir ve uyuz, gastrointestinal hastal\u0131klar, hava yolu inflamatuar hastal\u0131klar\u0131 ve n\u00f6rodejeneratif hastal\u0131klarla ili\u015fkili inflamasyon tedavisinde kullan\u0131l\u0131r. Ayr\u0131ca kan bas\u0131nc\u0131n\u0131 d\u00fc\u015f\u00fcrme, karaci\u011feri koruma ve t\u00fcm\u00f6r kar\u015f\u0131t\u0131 etkileri vard\u0131r ve t\u0131p, g\u0131da ve kozmetik alanlar\u0131nda yayg\u0131n olarak kullan\u0131l\u0131r.<\/p>","protected":false},"excerpt":{"rendered":"<p>\u00dcr\u00fcn ad\u0131: Cineole<br \/>\nKasa numaras\u0131: 406-67-7<br \/>\nMF: C4H5BrCl3F<br \/>\nG\u00f6r\u00fcn\u00fcm: Renksiz ila a\u00e7\u0131k sar\u0131 ya\u011fl\u0131 s\u0131v\u0131<\/p>","protected":false},"featured_media":4756,"template":"","meta":{"_acf_changed":false,"_gspb_post_css":""},"product_brand":[],"product_cat":[61],"product_tag":[],"class_list":{"0":"post-5388","1":"product","2":"type-product","3":"status-publish","4":"has-post-thumbnail","6":"product_cat-flavor-and-fragrance","8":"first","9":"instock","10":"shipping-taxable","11":"product-type-simple"},"acf":[],"_links":{"self":[{"href":"https:\/\/wpachem.com\/tr\/wp-json\/wp\/v2\/product\/5388","targetHints":{"allow":["GET"]}}],"collection":[{"href":"https:\/\/wpachem.com\/tr\/wp-json\/wp\/v2\/product"}],"about":[{"href":"https:\/\/wpachem.com\/tr\/wp-json\/wp\/v2\/types\/product"}],"version-history":[{"count":0,"href":"https:\/\/wpachem.com\/tr\/wp-json\/wp\/v2\/product\/5388\/revisions"}],"wp:featuredmedia":[{"embeddable":true,"href":"https:\/\/wpachem.com\/tr\/wp-json\/wp\/v2\/media\/4756"}],"wp:attachment":[{"href":"https:\/\/wpachem.com\/tr\/wp-json\/wp\/v2\/media?parent=5388"}],"wp:term":[{"taxonomy":"product_brand","embeddable":true,"href":"https:\/\/wpachem.com\/tr\/wp-json\/wp\/v2\/product_brand?post=5388"},{"taxonomy":"product_cat","embeddable":true,"href":"https:\/\/wpachem.com\/tr\/wp-json\/wp\/v2\/product_cat?post=5388"},{"taxonomy":"product_tag","embeddable":true,"href":"https:\/\/wpachem.com\/tr\/wp-json\/wp\/v2\/product_tag?post=5388"}],"curies":[{"name":"wp","href":"https:\/\/api.w.org\/{rel}","templated":true}]}}