{"id":5392,"date":"2023-12-04T07:50:07","date_gmt":"2023-12-04T07:50:07","guid":{"rendered":"https:\/\/wpachem.com\/?post_type=product&#038;p=5392"},"modified":"2023-12-04T07:50:07","modified_gmt":"2023-12-04T07:50:07","slug":"citronella-acid-ester-cas-150-84-5","status":"publish","type":"product","link":"https:\/\/wpachem.com\/tr\/urun\/citronella-acid-ester-cas-150-84-5\/","title":{"rendered":"Citronella asit esteri CAS 150-84-5"},"content":{"rendered":"<p><strong>\u00d6zellik<\/strong><\/p>\n<p>Limon ya\u011f\u0131na benzer, kay\u0131s\u0131 notalar\u0131 ile g\u00fc\u00e7l\u00fc bir g\u00fcl aromas\u0131na sahip renksiz s\u0131v\u0131. Kaynama noktas\u0131 229\u2103, d\u00f6n\u00fc\u015f [\u03b1]D-1\u00b015 &#039;~ +2\u00b018&#039;. Etanol ve \u00e7o\u011fu u\u00e7ucu olmayan ya\u011fda \u00e7\u00f6z\u00fcn\u00fcr, propilen glikol, gliserin ve suda \u00e7\u00f6z\u00fcnmez. Do\u011fal \u00fcr\u00fcnler, citronella ya\u011f\u0131 ve sardunya ya\u011f\u0131 gibi 20&#039;den fazla u\u00e7ucu ya\u011fda bulunur.<\/p>\n<p><strong>Ba\u015fvuru<\/strong><\/p>\n<ol>\n<li>GB 2760\u20131996 yenilebilir baharatlar\u0131n izin verilen kullan\u0131m\u0131n\u0131 belirtir. Esas olarak g\u00fcl, lavanta, elma, muz, kay\u0131s\u0131 ve turun\u00e7gil aromas\u0131 haz\u0131rlamak i\u00e7in kullan\u0131l\u0131r. Ayr\u0131ca mayonez, salata soslar\u0131 ve soslarda kullan\u0131l\u0131r.<\/li>\n<li>G\u00fcl tipi, karanfil tipi tatl\u0131 koordinasyon aromas\u0131d\u0131r. Osmanthus, lavanta, leylak, vadi zamba\u011f\u0131, lotus ve \u015fakay\u0131k \u00e7i\u00e7ek tipi aromalar\u0131 tatland\u0131rmak i\u00e7in az miktarda kullan\u0131labilir. Koku yapraklar\u0131nda, yabani havu\u00e7 k\u00f6k\u00fc, sade kalp orkidesi, ho\u015f kokulu Chemicalbook limonu, turun\u00e7giller, Zhanlong ve di\u011fer \u00e7i\u00e7eksiz ve aldehit aromalar\u0131nda taze, tatl\u0131, meyveli aromalar da verebilir. Elma, kay\u0131s\u0131, muz, greyfurt, limon vb. gibi g\u0131da aromalar\u0131nda kullan\u0131labilir.<\/li>\n<li>G\u00fcl, lavanta ve di\u011fer g\u00fcnl\u00fck kimyasal aromalar\u0131 haz\u0131rlamak i\u00e7in kullan\u0131l\u0131r<\/li>\n<\/ol>\n<p><strong>Paketleme ve Depolama<\/strong><\/p>\n<p>Kab\u0131 s\u0131k\u0131ca kapal\u0131 olarak kuru, serin ve iyi havaland\u0131r\u0131lan bir yerde saklay\u0131n. G\u0131da kaplar\u0131ndan veya uyumsuz malzemelerden ayr\u0131 saklay\u0131n.<\/p>","protected":false},"excerpt":{"rendered":"<p>\u00dcr\u00fcn ad\u0131: Citronella asit esteri<br \/>\nKasa numaras\u0131: 150-84-5<br \/>\nMF: C12H20O2<br \/>\nG\u00f6r\u00fcn\u00fcm: G\u00fc\u00e7l\u00fc g\u00fcl aromal\u0131 renksiz s\u0131v\u0131<\/p>","protected":false},"featured_media":4816,"template":"","meta":{"_acf_changed":false,"_gspb_post_css":""},"product_brand":[],"product_cat":[61],"product_tag":[],"class_list":{"0":"post-5392","1":"product","2":"type-product","3":"status-publish","4":"has-post-thumbnail","6":"product_cat-flavor-and-fragrance","8":"first","9":"instock","10":"shipping-taxable","11":"product-type-simple"},"acf":[],"_links":{"self":[{"href":"https:\/\/wpachem.com\/tr\/wp-json\/wp\/v2\/product\/5392","targetHints":{"allow":["GET"]}}],"collection":[{"href":"https:\/\/wpachem.com\/tr\/wp-json\/wp\/v2\/product"}],"about":[{"href":"https:\/\/wpachem.com\/tr\/wp-json\/wp\/v2\/types\/product"}],"version-history":[{"count":0,"href":"https:\/\/wpachem.com\/tr\/wp-json\/wp\/v2\/product\/5392\/revisions"}],"wp:featuredmedia":[{"embeddable":true,"href":"https:\/\/wpachem.com\/tr\/wp-json\/wp\/v2\/media\/4816"}],"wp:attachment":[{"href":"https:\/\/wpachem.com\/tr\/wp-json\/wp\/v2\/media?parent=5392"}],"wp:term":[{"taxonomy":"product_brand","embeddable":true,"href":"https:\/\/wpachem.com\/tr\/wp-json\/wp\/v2\/product_brand?post=5392"},{"taxonomy":"product_cat","embeddable":true,"href":"https:\/\/wpachem.com\/tr\/wp-json\/wp\/v2\/product_cat?post=5392"},{"taxonomy":"product_tag","embeddable":true,"href":"https:\/\/wpachem.com\/tr\/wp-json\/wp\/v2\/product_tag?post=5392"}],"curies":[{"name":"wp","href":"https:\/\/api.w.org\/{rel}","templated":true}]}}