{"id":5395,"date":"2023-12-04T08:01:17","date_gmt":"2023-12-04T08:01:17","guid":{"rendered":"https:\/\/wpachem.com\/?post_type=product&#038;p=5395"},"modified":"2023-12-04T08:01:17","modified_gmt":"2023-12-04T08:01:17","slug":"carvacrol-cas-499-75-2","status":"publish","type":"product","link":"https:\/\/wpachem.com\/tr\/urun\/carvacrol-cas-499-75-2\/","title":{"rendered":"Karvakrol CAS 499-75-2"},"content":{"rendered":"<p><strong>\u00d6zellik<\/strong><\/p>\n<p>Karvakrol, 2-para-cymol, isothymol, isothymol, isopropyl o-cresol olarak da bilinir. Do\u011fal \u00fcr\u00fcnler kekik ya\u011f\u0131nda (yakla\u015f\u0131k 70%), kekik ya\u011f\u0131nda (yakla\u015f\u0131k 80%) ve kekik ya\u011f\u0131nda bulunur. Renksiz ila sar\u0131ms\u0131, hafif viskoz bir ya\u011fd\u0131r. Havada ve \u0131\u015f\u0131kta rengi koyula\u015f\u0131r. Aromas\u0131, serin aromas\u0131, ot aromas\u0131, timol benzeri bir kokusu vard\u0131r. Kaynama noktas\u0131 238\u2103, erime noktas\u0131 0,5 ~ 1\u2103, parlama noktas\u0131 100\u2103. Etanol, etil eter, propilen glikol ve alkalide \u00e7\u00f6z\u00fcn\u00fcr, suda \u00e7\u00f6z\u00fcnmez. Ya\u011fda kar\u0131\u015ft\u0131r\u0131l\u0131r. Su buhar\u0131yla buharla\u015f\u0131r. Tav\u015fan transoral LD50100mg\/kg.<\/p>\n<p><strong>Ba\u015fvuru<\/strong><\/p>\n<ol>\n<li>Genellikle dereotu, \u00f6gonyum, nane, vanilya ve di\u011fer aromalar\u0131n haz\u0131rlanmas\u0131nda, di\u015f macunu, di\u015f tozu, a\u011f\u0131z \u00fcr\u00fcnleri, talk pudras\u0131, sabun ve g\u00fcnl\u00fck end\u00fcstriyel \u00fcr\u00fcnlerde kullan\u0131l\u0131r.<\/li>\n<li>T\u0131bbi olarak lokal anestezik olarak kullan\u0131l\u0131r<\/li>\n<li>Bakterileri ve ba\u011f\u0131rsak parazitlerini \u00f6ld\u00fcr\u00fcr ve dezenfektan ve mantar ilac\u0131 olarak kullan\u0131labilir.<\/li>\n<\/ol>\n<p><strong>Paketleme ve Depolama<\/strong><\/p>\n<p>Kab\u0131 s\u0131k\u0131ca kapal\u0131 olarak kuru, serin ve iyi havaland\u0131r\u0131lan bir yerde saklay\u0131n. G\u0131da kaplar\u0131ndan veya uyumsuz malzemelerden ayr\u0131 saklay\u0131n.<\/p>","protected":false},"excerpt":{"rendered":"<p>\u00dcr\u00fcn ad\u0131: Karvakrol<br \/>\nKasa numaras\u0131: 499-75-2<br \/>\nMF: C10H12O2<br \/>\nG\u00f6r\u00fcn\u00fcm: Renksiz ila A\u00e7\u0131k turuncu ila Sar\u0131 Ya\u011f<\/p>","protected":false},"featured_media":3321,"template":"","meta":{"_acf_changed":false,"_gspb_post_css":""},"product_brand":[],"product_cat":[61],"product_tag":[],"class_list":{"0":"post-5395","1":"product","2":"type-product","3":"status-publish","4":"has-post-thumbnail","6":"product_cat-flavor-and-fragrance","8":"first","9":"instock","10":"shipping-taxable","11":"product-type-simple"},"acf":[],"_links":{"self":[{"href":"https:\/\/wpachem.com\/tr\/wp-json\/wp\/v2\/product\/5395","targetHints":{"allow":["GET"]}}],"collection":[{"href":"https:\/\/wpachem.com\/tr\/wp-json\/wp\/v2\/product"}],"about":[{"href":"https:\/\/wpachem.com\/tr\/wp-json\/wp\/v2\/types\/product"}],"version-history":[{"count":0,"href":"https:\/\/wpachem.com\/tr\/wp-json\/wp\/v2\/product\/5395\/revisions"}],"wp:featuredmedia":[{"embeddable":true,"href":"https:\/\/wpachem.com\/tr\/wp-json\/wp\/v2\/media\/3321"}],"wp:attachment":[{"href":"https:\/\/wpachem.com\/tr\/wp-json\/wp\/v2\/media?parent=5395"}],"wp:term":[{"taxonomy":"product_brand","embeddable":true,"href":"https:\/\/wpachem.com\/tr\/wp-json\/wp\/v2\/product_brand?post=5395"},{"taxonomy":"product_cat","embeddable":true,"href":"https:\/\/wpachem.com\/tr\/wp-json\/wp\/v2\/product_cat?post=5395"},{"taxonomy":"product_tag","embeddable":true,"href":"https:\/\/wpachem.com\/tr\/wp-json\/wp\/v2\/product_tag?post=5395"}],"curies":[{"name":"wp","href":"https:\/\/api.w.org\/{rel}","templated":true}]}}