{"id":5397,"date":"2023-12-05T09:53:19","date_gmt":"2023-12-05T09:53:19","guid":{"rendered":"https:\/\/wpachem.com\/?post_type=product&#038;p=5397"},"modified":"2023-12-05T09:53:19","modified_gmt":"2023-12-05T09:53:19","slug":"phellandrene-cas-4221-98-1","status":"publish","type":"product","link":"https:\/\/wpachem.com\/tr\/urun\/phellandrene-cas-4221-98-1\/","title":{"rendered":"Phellandrene CAS 4221-98-1"},"content":{"rendered":"<p><strong>\u00d6zellikler<\/strong><\/p>\n<ul class=\"list3\">\n<li>G\u00f6r\u00fcn\u00fcm: a\u00e7\u0131k sar\u0131 s\u0131v\u0131<\/li>\n<li>Ba\u015flang\u0131\u00e7 kaynama noktas\u0131 ve kaynama aral\u0131\u011f\u0131: 171 \u2013 174 \u00b0C<\/li>\n<li>Parlama noktas\u0131: 42,0 \u00b0C \u2013 kapal\u0131 kap<\/li>\n<li>Ba\u011f\u0131l yo\u011funluk: 20 \u00b0C&#039;de 0,844 g\/mL<\/li>\n<li>B\u00f6lme katsay\u0131s\u0131: n-oktanol\/su log Pow: 2,36<\/li>\n<\/ul>\n<p><strong>Paketleme ve Depolama<\/strong><\/p>\n<p>Kimyasallar\u0131 orijinal kaplar\u0131nda b\u0131rak\u0131n. Di\u011fer at\u0131klarla kar\u0131\u015ft\u0131rmay\u0131n. Temizlenmemi\u015f kaplar\u0131 \u00fcr\u00fcn\u00fcn kendisi gibi kullan\u0131n.<\/p>","protected":false},"excerpt":{"rendered":"<p>\u00dcr\u00fcn ad\u0131: Phellandrene<br \/>\nKasa numaras\u0131: 4221-98-1<br \/>\nMF: C10H16<br \/>\nG\u00f6r\u00fcn\u00fcm: a\u00e7\u0131k sar\u0131 s\u0131v\u0131<\/p>","protected":false},"featured_media":3321,"template":"","meta":{"_acf_changed":false,"_gspb_post_css":""},"product_brand":[],"product_cat":[61],"product_tag":[],"class_list":{"0":"post-5397","1":"product","2":"type-product","3":"status-publish","4":"has-post-thumbnail","6":"product_cat-flavor-and-fragrance","8":"first","9":"instock","10":"shipping-taxable","11":"product-type-simple"},"acf":[],"_links":{"self":[{"href":"https:\/\/wpachem.com\/tr\/wp-json\/wp\/v2\/product\/5397","targetHints":{"allow":["GET"]}}],"collection":[{"href":"https:\/\/wpachem.com\/tr\/wp-json\/wp\/v2\/product"}],"about":[{"href":"https:\/\/wpachem.com\/tr\/wp-json\/wp\/v2\/types\/product"}],"version-history":[{"count":0,"href":"https:\/\/wpachem.com\/tr\/wp-json\/wp\/v2\/product\/5397\/revisions"}],"wp:featuredmedia":[{"embeddable":true,"href":"https:\/\/wpachem.com\/tr\/wp-json\/wp\/v2\/media\/3321"}],"wp:attachment":[{"href":"https:\/\/wpachem.com\/tr\/wp-json\/wp\/v2\/media?parent=5397"}],"wp:term":[{"taxonomy":"product_brand","embeddable":true,"href":"https:\/\/wpachem.com\/tr\/wp-json\/wp\/v2\/product_brand?post=5397"},{"taxonomy":"product_cat","embeddable":true,"href":"https:\/\/wpachem.com\/tr\/wp-json\/wp\/v2\/product_cat?post=5397"},{"taxonomy":"product_tag","embeddable":true,"href":"https:\/\/wpachem.com\/tr\/wp-json\/wp\/v2\/product_tag?post=5397"}],"curies":[{"name":"wp","href":"https:\/\/api.w.org\/{rel}","templated":true}]}}